{"id":1884,"date":"2019-02-26T12:50:07","date_gmt":"2019-02-26T11:50:07","guid":{"rendered":"http:\/\/wordpress.nibis.de\/gsmarschacht\/?page_id=1884"},"modified":"2023-01-18T08:57:56","modified_gmt":"2023-01-18T07:57:56","slug":"mitglied-werden","status":"publish","type":"page","link":"https:\/\/wordpress.nibis.de\/gsmarschacht\/mitglied-werden\/","title":{"rendered":"Mitglied werden"},"content":{"rendered":"<p><strong>Schulverein &#8211; Mitglied werden<\/strong><\/p>\n<p>Auch Sie m\u00f6chten die Schule am Deich \u2013 Grundschule Marschacht unterst\u00fctzen? Werden Sie Mitglied in unserem Schulverein! Helfen Sie bei unseren Veranstaltungen, beispielsweise indem Sie f\u00fcr unser Sommerfest einen Kuchen backen!<\/p>\n<p>Schon mit einem Mitgliedsbeitrag in H\u00f6he von 1\u20ac pro Monat und Kind (12\u20ac pro Jahr und Kind) k\u00f6nnen wir gemeinsam viel f\u00fcr unsere Kinder erreichen.<\/p>\n<p>Sie wollen die Vereinsarbeit unterst\u00fctzen auch ohne Kinder an der Schule am Deich \u2013 Grundschule Marschacht? Werden Sie F\u00f6rdermitglied! Die H\u00f6he Ihres Mitgliedsbeitrages k\u00f6nnen Sie frei bestimmen!<\/p>\n<p>Bitte f\u00fcllen Sie die <a href=\"https:\/\/wordpress.nibis.de\/gsmarschacht\/files\/2023\/01\/230117-SV-Beitrittserklaerung.pdf\" target=\"_blank\" rel=\"noopener\">\u00a0Beitrittserkl\u00e4rung<\/a> aus und lassen Sie sie uns zukommen, pers\u00f6nlich oder \u00fcber unseren Briefkasten.<\/p>\n","protected":false},"excerpt":{"rendered":"<p>Schulverein &#8211; Mitglied werden Auch Sie m\u00f6chten die Schule am Deich \u2013 Grundschule Marschacht unterst\u00fctzen? Werden Sie Mitglied in unserem Schulverein! Helfen Sie bei unseren Veranstaltungen, beispielsweise indem Sie f\u00fcr unser Sommerfest einen Kuchen backen! Schon mit einem Mitgliedsbeitrag in H\u00f6he von 1\u20ac pro Monat und Kind (12\u20ac pro Jahr und Kind) k\u00f6nnen wir gemeinsam [&hellip;]<\/p>\n","protected":false},"author":1328,"featured_media":0,"parent":0,"menu_order":0,"comment_status":"closed","ping_status":"closed","template":"","meta":{"footnotes":""},"class_list":["post-1884","page","type-page","status-publish","hentry"],"_links":{"self":[{"href":"https:\/\/wordpress.nibis.de\/gsmarschacht\/wp-json\/wp\/v2\/pages\/1884","targetHints":{"allow":["GET"]}}],"collection":[{"href":"https:\/\/wordpress.nibis.de\/gsmarschacht\/wp-json\/wp\/v2\/pages"}],"about":[{"href":"https:\/\/wordpress.nibis.de\/gsmarschacht\/wp-json\/wp\/v2\/types\/page"}],"author":[{"embeddable":true,"href":"https:\/\/wordpress.nibis.de\/gsmarschacht\/wp-json\/wp\/v2\/users\/1328"}],"replies":[{"embeddable":true,"href":"https:\/\/wordpress.nibis.de\/gsmarschacht\/wp-json\/wp\/v2\/comments?post=1884"}],"version-history":[{"count":7,"href":"https:\/\/wordpress.nibis.de\/gsmarschacht\/wp-json\/wp\/v2\/pages\/1884\/revisions"}],"predecessor-version":[{"id":4768,"href":"https:\/\/wordpress.nibis.de\/gsmarschacht\/wp-json\/wp\/v2\/pages\/1884\/revisions\/4768"}],"wp:attachment":[{"href":"https:\/\/wordpress.nibis.de\/gsmarschacht\/wp-json\/wp\/v2\/media?parent=1884"}],"curies":[{"name":"wp","href":"https:\/\/api.w.org\/{rel}","templated":true}]}}