{"id":1886,"date":"2019-02-26T12:51:18","date_gmt":"2019-02-26T11:51:18","guid":{"rendered":"http:\/\/wordpress.nibis.de\/gsmarschacht\/?page_id=1886"},"modified":"2019-02-26T12:51:18","modified_gmt":"2019-02-26T11:51:18","slug":"spenden","status":"publish","type":"page","link":"https:\/\/wordpress.nibis.de\/gsmarschacht\/spenden\/","title":{"rendered":"Spenden"},"content":{"rendered":"<p><strong>Spenden<\/strong><\/p>\n<p>Falls Sie den Schulverein \u2013 auch ohne Mitglied zu sein \u2013 durch eine Sach- oder Geldspende unterst\u00fctzen m\u00f6chten, k\u00f6nnen Sie daf\u00fcr selbstverst\u00e4ndlich eine Spendenquittung erhalten.<\/p>\n<p>Bitte sprechen Sie uns an oder geben bei einer \u00dcberweisung Ihre vollst\u00e4ndige Adresse im Verwendungszweck an.<\/p>\n<p>Empf\u00e4nger: Schulverein der Grundschule Marschacht e.V.<br \/>\nIBAN: DE63 2006 9965 0008 2937 00<br \/>\nInstitut\/ BIC: Volksbank Winsener Marsch e.G.\/ GENODEF1WIM<\/p>\n","protected":false},"excerpt":{"rendered":"<p>Spenden Falls Sie den Schulverein \u2013 auch ohne Mitglied zu sein \u2013 durch eine Sach- oder Geldspende unterst\u00fctzen m\u00f6chten, k\u00f6nnen Sie daf\u00fcr selbstverst\u00e4ndlich eine Spendenquittung erhalten. Bitte sprechen Sie uns an oder geben bei einer \u00dcberweisung Ihre vollst\u00e4ndige Adresse im Verwendungszweck an. Empf\u00e4nger: Schulverein der Grundschule Marschacht e.V. IBAN: DE63 2006 9965 0008 2937 00 [&hellip;]<\/p>\n","protected":false},"author":1328,"featured_media":0,"parent":0,"menu_order":0,"comment_status":"closed","ping_status":"closed","template":"","meta":{"footnotes":""},"class_list":["post-1886","page","type-page","status-publish","hentry"],"_links":{"self":[{"href":"https:\/\/wordpress.nibis.de\/gsmarschacht\/wp-json\/wp\/v2\/pages\/1886","targetHints":{"allow":["GET"]}}],"collection":[{"href":"https:\/\/wordpress.nibis.de\/gsmarschacht\/wp-json\/wp\/v2\/pages"}],"about":[{"href":"https:\/\/wordpress.nibis.de\/gsmarschacht\/wp-json\/wp\/v2\/types\/page"}],"author":[{"embeddable":true,"href":"https:\/\/wordpress.nibis.de\/gsmarschacht\/wp-json\/wp\/v2\/users\/1328"}],"replies":[{"embeddable":true,"href":"https:\/\/wordpress.nibis.de\/gsmarschacht\/wp-json\/wp\/v2\/comments?post=1886"}],"version-history":[{"count":1,"href":"https:\/\/wordpress.nibis.de\/gsmarschacht\/wp-json\/wp\/v2\/pages\/1886\/revisions"}],"predecessor-version":[{"id":1887,"href":"https:\/\/wordpress.nibis.de\/gsmarschacht\/wp-json\/wp\/v2\/pages\/1886\/revisions\/1887"}],"wp:attachment":[{"href":"https:\/\/wordpress.nibis.de\/gsmarschacht\/wp-json\/wp\/v2\/media?parent=1886"}],"curies":[{"name":"wp","href":"https:\/\/api.w.org\/{rel}","templated":true}]}}