{"id":205,"date":"2017-02-27T16:57:01","date_gmt":"2017-02-27T15:57:01","guid":{"rendered":"http:\/\/wordpress.nibis.de\/gsmarschacht\/?page_id=205"},"modified":"2024-07-30T07:45:18","modified_gmt":"2024-07-30T05:45:18","slug":"unterrichtszeiten","status":"publish","type":"page","link":"https:\/\/wordpress.nibis.de\/gsmarschacht\/unterrichtszeiten\/","title":{"rendered":"Unterrichtszeiten"},"content":{"rendered":"<p style=\"text-align: center\">Darstellung der Unterrichtszeiten <strong>ab August 2024<\/strong><\/p>\n<table style=\"height: 1606px;width: 0%;border-color: #000000;border-style: solid\" cellspacing=\"0\" cellpadding=\"0\">\n<tbody>\n<tr style=\"height: 70px\">\n<td style=\"width: 7.619048%;height: 70px;border-style: solid;border-color: #000000\" valign=\"middle\">\u00a0<\/td>\n<td style=\"width: 15.714286%;text-align: center;height: 70px;border-style: solid;border-color: #000000\" valign=\"middle\">\n<p>Zeit<\/p>\n<\/td>\n<td style=\"width: 19.999999%;text-align: center;height: 70px;border-style: solid;border-color: #000000\" valign=\"middle\">\n<p>Klasse 1<\/p>\n<\/td>\n<td style=\"width: 17.857144%;height: 70px;text-align: center;border-style: solid;border-color: #000000\" valign=\"middle\">\n<p>Klasse 2<\/p>\n<\/td>\n<td style=\"width: 19.642858%;text-align: center;height: 70px;border-style: solid;border-color: #000000\" valign=\"middle\">\n<p>Klasse 3<\/p>\n<\/td>\n<td style=\"width: 18.928571%;text-align: center;height: 70px;border-style: solid;border-color: #000000\" valign=\"middle\">\n<p>Klasse 4<\/p>\n<\/td>\n<\/tr>\n<tr style=\"height: 102px\">\n<td style=\"width: 7.619048%;height: 102px;border-style: solid;border-color: #000000\" valign=\"middle\">\n<p style=\"text-align: center\">SGE<sup>1<\/sup><\/p>\n<\/td>\n<td style=\"width: 15.714286%;text-align: center;height: 102px;border-style: solid;border-color: #000000\" valign=\"middle\">\n<p>07:00 Uhr \u2013 08:00 Uhr<\/p>\n<\/td>\n<td style=\"width: 76.428572%;text-align: center;height: 102px;border-style: solid;border-color: #000000\" colspan=\"4\" valign=\"middle\">\n<p>Fr\u00fchbetreuung (kostenfrei)<\/p>\n<\/td>\n<\/tr>\n<tr style=\"height: 102px\">\n<td style=\"width: 7.619048%;height: 714px;border-style: solid;border-color: #000000\" rowspan=\"7\" valign=\"middle\">\n<p style=\"text-align: center\">VGS<sup>1<\/sup><\/p>\n<\/td>\n<td style=\"width: 15.714286%;text-align: center;height: 102px;border-style: solid;border-color: #000000\" valign=\"middle\">\n<p>08:00 Uhr \u2013 08:10 Uhr<\/p>\n<\/td>\n<td style=\"width: 76.428572%;text-align: center;height: 102px;border-style: solid;border-color: #000000\" colspan=\"4\" valign=\"middle\">\n<p>offener Anfang<\/p>\n<\/td>\n<\/tr>\n<tr style=\"height: 102px\">\n<td style=\"width: 15.714286%;text-align: center;height: 102px;border-style: solid;border-color: #000000\" valign=\"middle\">\n<p>08:10 Uhr \u2013 09:45 Uhr<\/p>\n<\/td>\n<td style=\"width: 76.428572%;height: 102px;border-style: solid;border-color: #000000\" colspan=\"4\" valign=\"middle\">\n<p style=\"text-align: center\">1. Unterrichtsblock<\/p>\n<\/td>\n<\/tr>\n<tr style=\"height: 102px\">\n<td style=\"width: 15.714286%;text-align: center;height: 102px;border-style: solid;border-color: #000000\" valign=\"middle\">\n<p>09:45 Uhr \u2013 10:05 Uhr<\/p>\n<\/td>\n<td style=\"width: 76.428572%;height: 102px;border-style: solid;border-color: #000000\" colspan=\"4\" valign=\"middle\">\n<p style=\"text-align: center\">1. gro\u00dfe Pause<\/p>\n<\/td>\n<\/tr>\n<tr style=\"height: 102px\">\n<td style=\"width: 15.714286%;text-align: center;height: 102px;border-style: solid;border-color: #000000\" valign=\"middle\">\n<p>10:05 Uhr \u2013 11:40 Uhr<\/p>\n<\/td>\n<td style=\"width: 76.428572%;height: 102px;border-style: solid;border-color: #000000\" colspan=\"4\" valign=\"middle\">\n<p style=\"text-align: center\">2. Unterrichtsblock<\/p>\n<\/td>\n<\/tr>\n<tr style=\"height: 102px\">\n<td style=\"width: 15.714286%;text-align: center;height: 102px;border-style: solid;border-color: #000000\" valign=\"middle\">\n<p>11:40 Uhr \u2013 12:00 Uhr<\/p>\n<\/td>\n<td style=\"width: 76.428572%;height: 102px;border-style: solid;border-color: #000000\" colspan=\"4\" valign=\"middle\">\n<p style=\"text-align: center\">2. gro\u00dfe Pause<\/p>\n<\/td>\n<\/tr>\n<tr style=\"height: 102px\">\n<td style=\"width: 15.714286%;text-align: center;height: 102px;border-style: solid;border-color: #000000\" valign=\"middle\">\n<p>12:00 Uhr \u2013 12:45 Uhr<\/p>\n<\/td>\n<td style=\"width: 19.999999%;height: 102px;border-style: solid;border-color: #000000\" valign=\"middle\">\n<p style=\"text-align: center\">Betreuung an 4\u00a0Tagen p. W.<\/p>\n<\/td>\n<td style=\"width: 17.857144%;height: 102px;border-style: solid;border-color: #000000\" valign=\"middle\">\n<p style=\"text-align: center\">Betreuung an 3\u00a0Tagen p. W.<\/p>\n<\/td>\n<td style=\"width: 38.571429%;height: 102px;border-style: solid;border-color: #000000\" colspan=\"2\" valign=\"middle\">\n<p style=\"text-align: center\">3. Unterrichtsblock<\/p>\n<\/td>\n<\/tr>\n<tr style=\"height: 102px\">\n<td style=\"width: 15.714286%;text-align: center;height: 102px;border-style: solid;border-color: #000000\" valign=\"middle\">\n<p>12:45 Uhr \u2013 13:00 Uhr<\/p>\n<\/td>\n<td style=\"width: 76.428572%;height: 102px;border-style: solid;border-color: #000000\" colspan=\"4\" valign=\"middle\">\n<p style=\"text-align: center\">Spielzeit auf dem Schulhof<\/p>\n<\/td>\n<\/tr>\n<tr style=\"height: 70px\">\n<td style=\"width: 7.619048%;height: 70px;border-style: solid;border-color: #000000\" valign=\"middle\">\u00a0<\/td>\n<td style=\"width: 15.714286%;text-align: center;height: 70px;border-style: solid;border-color: #000000\" valign=\"middle\">\u00a0<\/td>\n<td style=\"width: 76.428572%;height: 70px;border-style: solid;border-color: #000000\" colspan=\"4\" valign=\"middle\">\n<p style=\"text-align: center\">Abholzeit<\/p>\n<\/td>\n<\/tr>\n<tr style=\"height: 102px\">\n<td style=\"width: 7.619048%;height: 478px;border-style: solid;border-color: #000000\" rowspan=\"5\" valign=\"middle\">\n<p style=\"text-align: center\">GT<sup>1<\/sup><\/p>\n<\/td>\n<td style=\"width: 15.714286%;text-align: center;height: 102px;border-style: solid;border-color: #000000\" valign=\"middle\">\n<p>13:00 Uhr \u2013 13:30 Uhr<\/p>\n<\/td>\n<td style=\"width: 37.857143%;height: 102px;border-style: solid;border-color: #000000\" colspan=\"2\" valign=\"middle\">\n<p style=\"text-align: center\">Mittagessen<\/p>\n<\/td>\n<td style=\"width: 38.571429%;height: 102px;border-style: solid;border-color: #000000\" colspan=\"2\" valign=\"middle\">\n<p style=\"text-align: center\">Erholung &amp; Spielzeit<sup>2<\/sup><\/p>\n<\/td>\n<\/tr>\n<tr style=\"height: 102px\">\n<td style=\"width: 15.714286%;text-align: center;height: 102px;border-style: solid;border-color: #000000\" valign=\"middle\">\n<p>13:30 Uhr \u2013 14:00 Uhr<\/p>\n<\/td>\n<td style=\"width: 37.857143%;text-align: center;height: 102px;border-style: solid;border-color: #000000\" colspan=\"2\" valign=\"middle\">\n<p>Erholung &amp; Spielzeit<\/p>\n<\/td>\n<td style=\"width: 38.571429%;text-align: center;height: 102px;border-style: solid;border-color: #000000\" colspan=\"2\" valign=\"middle\">\n<p>Mittagessen<\/p>\n<\/td>\n<\/tr>\n<tr style=\"height: 70px\">\n<td style=\"width: 15.714286%;height: 70px;border-style: solid;border-color: #000000\" valign=\"middle\">\u00a0<\/td>\n<td style=\"width: 76.428572%;text-align: center;height: 70px;border-style: solid;border-color: #000000\" colspan=\"4\" valign=\"middle\">\n<p>Abholzeit<\/p>\n<\/td>\n<\/tr>\n<tr style=\"height: 102px\">\n<td style=\"width: 15.714286%;height: 102px;border-style: solid;border-color: #000000\" valign=\"middle\">\n<p style=\"text-align: center\">14:00 Uhr \u2013 14:45 Uhr<\/p>\n<\/td>\n<td style=\"width: 76.428572%;text-align: center;height: 102px;border-style: solid;border-color: #000000\" colspan=\"4\" valign=\"middle\">\n<p>Hausaufgaben &amp; Lernzeit<\/p>\n<\/td>\n<\/tr>\n<tr style=\"height: 102px\">\n<td style=\"width: 15.714286%;height: 102px;border-style: solid;border-color: #000000\" valign=\"middle\">\n<p style=\"text-align: center\">14:45 Uhr \u2013 15:30 Uhr<\/p>\n<\/td>\n<td style=\"width: 76.428572%;text-align: center;height: 102px;border-style: solid;border-color: #000000\" colspan=\"4\" valign=\"middle\">\n<p>AG- Angebote &amp; freie Spielzeit<\/p>\n<\/td>\n<\/tr>\n<tr style=\"height: 70px\">\n<td style=\"width: 7.619048%;height: 70px;border-style: solid;border-color: #000000\" valign=\"middle\">\u00a0<\/td>\n<td style=\"width: 15.714286%;height: 70px;border-style: solid;border-color: #000000\" valign=\"middle\">\u00a0<\/td>\n<td style=\"width: 76.428572%;text-align: center;height: 70px;border-style: solid;border-color: #000000\" colspan=\"4\" valign=\"middle\">\n<p>Abholzeit<\/p>\n<\/td>\n<\/tr>\n<tr style=\"height: 102px\">\n<td style=\"width: 7.619048%;text-align: center;height: 102px;border-style: solid;border-color: #000000\" valign=\"middle\">\n<p>SGE<sup>1<\/sup><\/p>\n<\/td>\n<td style=\"width: 15.714286%;text-align: center;height: 102px;border-style: solid;border-color: #000000\" valign=\"middle\">\n<p>15:30 Uhr \u2013 16:30 Uhr<\/p>\n<\/td>\n<td style=\"width: 76.428572%;height: 102px;border-style: solid;border-color: #000000\" colspan=\"4\" valign=\"middle\">\n<p style=\"text-align: center\">Sp\u00e4tbetreuung (kostenpflichtig)<\/p>\n<\/td>\n<\/tr>\n<\/tbody>\n<\/table>\n<p><sup>1<\/sup> Abk\u00fcrzungen: SGE = Samtgemeinde Elbmarsch; VGS = verl\u00e4ssliche Grundschule; GT = Ganztag<\/p>\n<p><sup>2<\/sup> An einem Tag in der Woche findet eine Pflicht-AG f\u00fcr die 3. &amp; 4. Klassen von 12:50 Uhr bis 13:35 Uhr statt.<\/p>\n<p>\u00a0<\/p>\n<p>Bis 8 Uhr warten die Sch\u00fclerinnen und Sch\u00fcler auf dem Schulhof. Die Fr\u00fchbetreuung der Samtgemeinde Elbmarsch (Anmeldung beachten!) beginnt um 7 Uhr.<\/p>\n<p><br \/>Abholen k\u00f6nnen Sie Ihr Kind gleich nach dem jeweiligen Unterrichtsschluss bzw. nach der Betreuungszeit. Vielleicht kann Ihr Kind aber den Schulweg auch schon selbstst\u00e4ndig bew\u00e4ltigen!<\/p>\n\n","protected":false},"excerpt":{"rendered":"<p>Darstellung der Unterrichtszeiten ab August 2024 \u00a0 Zeit Klasse 1 Klasse 2 Klasse 3 Klasse 4 SGE1 07:00 Uhr \u2013 08:00 Uhr Fr\u00fchbetreuung (kostenfrei) VGS1 08:00 Uhr \u2013 08:10 Uhr offener Anfang 08:10 Uhr \u2013 09:45 Uhr 1. Unterrichtsblock 09:45 Uhr \u2013 10:05 Uhr 1. gro\u00dfe Pause 10:05 Uhr \u2013 11:40 Uhr 2. Unterrichtsblock 11:40 [&hellip;]<\/p>\n","protected":false},"author":1328,"featured_media":0,"parent":0,"menu_order":0,"comment_status":"closed","ping_status":"closed","template":"","meta":{"footnotes":""},"class_list":["post-205","page","type-page","status-publish","hentry"],"_links":{"self":[{"href":"https:\/\/wordpress.nibis.de\/gsmarschacht\/wp-json\/wp\/v2\/pages\/205","targetHints":{"allow":["GET"]}}],"collection":[{"href":"https:\/\/wordpress.nibis.de\/gsmarschacht\/wp-json\/wp\/v2\/pages"}],"about":[{"href":"https:\/\/wordpress.nibis.de\/gsmarschacht\/wp-json\/wp\/v2\/types\/page"}],"author":[{"embeddable":true,"href":"https:\/\/wordpress.nibis.de\/gsmarschacht\/wp-json\/wp\/v2\/users\/1328"}],"replies":[{"embeddable":true,"href":"https:\/\/wordpress.nibis.de\/gsmarschacht\/wp-json\/wp\/v2\/comments?post=205"}],"version-history":[{"count":30,"href":"https:\/\/wordpress.nibis.de\/gsmarschacht\/wp-json\/wp\/v2\/pages\/205\/revisions"}],"predecessor-version":[{"id":5653,"href":"https:\/\/wordpress.nibis.de\/gsmarschacht\/wp-json\/wp\/v2\/pages\/205\/revisions\/5653"}],"wp:attachment":[{"href":"https:\/\/wordpress.nibis.de\/gsmarschacht\/wp-json\/wp\/v2\/media?parent=205"}],"curies":[{"name":"wp","href":"https:\/\/api.w.org\/{rel}","templated":true}]}}