{"id":5485,"date":"2024-04-09T08:10:02","date_gmt":"2024-04-09T06:10:02","guid":{"rendered":"https:\/\/wordpress.nibis.de\/gsmarschacht\/?page_id=5485"},"modified":"2024-12-03T10:22:51","modified_gmt":"2024-12-03T09:22:51","slug":"extreme-witterungsbedingungen","status":"publish","type":"page","link":"https:\/\/wordpress.nibis.de\/gsmarschacht\/extreme-witterungsbedingungen\/","title":{"rendered":"Extreme Witterungsbedingungen"},"content":{"rendered":"\n<p>Starke Schneef\u00e4lle mit Schneeverwehungen, \u00fcberfrierende N\u00e4sse, Eisregen oder auch ein Orkan mit nicht absehbaren Gefahren f\u00fcr alle Verkehrsteilnehmer, k\u00f6nnen zur Absage der Sch\u00fclerbef\u00f6rderung und damit zum Ausfall des Pr\u00e4senzunterrichts f\u00fchren.<\/p>\n\n\n\n<p>Der Landkreis Harburg entscheidet dar\u00fcber, ob die Sch\u00fclerbef\u00f6rderung und damit auch der Unterricht an allen Schulen im Kreisgebiet trotz winterlicher Stra\u00dfenverh\u00e4ltnisse stattfinden kann oder ausfallen muss. Die Entscheidungswege werden je nach Witterung m\u00f6glichst aktuell in der Nacht zusammengef\u00fchrt, so dass es erst in den fr\u00fchen Morgenstunden zu einer Mitteilung kommen kann.<\/p>\n\n\n\n<p>Sollte die Sch\u00fclerbef\u00f6rderung im gesamten oder auch nur in Teilbereichen des Kreisgebietes<br>nicht sicher durchgef\u00fchrt werden k\u00f6nnen und somit eine Absage des Schulunterrichts<br>notwendig werden, bleibt es den Schulen \u00fcberlassen, f\u00fcr diesen Tag auf Distanzunterricht<br>umzustellen.<br>Dazu eine Erl\u00e4uterung des regionalen Landesamts f\u00fcr Schule und Bildung:<\/p>\n\n\n\n<p><br><em>Die Schulen sind frei darin, dar\u00fcber hinaus kurzfristig Distanzunterricht anzubieten, wenn sie<\/em> <em>dies kurzfristig organisieren k\u00f6nnen und daf\u00fcr keine Wege von Sch\u00fclerinnen und Sch\u00fclern in<\/em> <em>die Schule (z.B. um Material abzuholen) notwendig werden. Eine Verpflichtung zu einem<\/em> <em>solchen Angebot besteht hingegen nicht. In keinem Fall kann ein solcher Distanzunterricht<\/em> <em>allerdings durch den Schultr\u00e4ger angeordnet werden.<\/em><\/p>\n\n\n\n<p><br>Folglich wird der Landkreis nur einen Schulausfall \u00fcber die u. a. Informationskan\u00e4le<br>kommunizieren.<\/p>\n\n\n\n<p><strong>Nur f\u00fcr den Ausfall des Schulunterrichts bei extremen Witterungsbedingen<\/strong> stehen folgende Informationsquellen zur Verf\u00fcgung:<\/p>\n\n\n\n<ol class=\"wp-block-list\"><li>Radio \u2013 morgendliche H\u00f6rfunkdurchsagen ab 06:00 Uhr,<\/li><li>BIWAPP \u2013 Schulausf\u00e4lle werden direkt auf das Smartphone geschickt,<\/li><li>telefonische Bandansage der Kreisverwaltung unter 04171 693 333,<\/li><li>Vorschaltseite der Landkreishomepage unter www.landkreis-harburg.de und<\/li><li>unter dem offiziellen Facebook-Kanal des Landkreises unter https:\/\/www.facebook.com\/LandkreisWL\/<\/li><\/ol>\n\n\n\n<p>Der Landkreis Harburg empfiehlt allen Nutzer:innen, die \u00fcber Schulausf\u00e4lle auch per App informiert werden wollen, die B\u00fcrger-Informations- und-Warn-App BIWAPP zu installieren. Weitere Informationen zu BIWAPP finden sich unter www.landkreis-harburg.de\/biwapp oder http:\/\/www.biwapp.de\/landkreis-harburg und in den g\u00e4ngigen App-Stores.<\/p>\n\n\n\n<p>Daneben werden die Schulen per Rundmail informiert und die Mitarbeiter:innen sind ab 06:00 Uhr unter den Telefonnummern 04171\/693 287, 693 339 und 693 577 erreichbar.<\/p>\n\n\n\n<p>Bei Ausfall des Pr\u00e4senzunterrichts stellt die Schule eine Notbetreuung sicher.<\/p>\n\n\n\n<p>Eltern, die eine unzumutbare Gef\u00e4hrdung ihrer Kinder auf dem Schulweg durch extreme Witterungsbedingungen bef\u00fcrchten, k\u00f6nnen, wenn kein genereller Unterrichtsausfall angeordnet worden ist, selbst entscheiden, ob sie ihr Kind zur Schule schicken oder nicht.<\/p>\n","protected":false},"excerpt":{"rendered":"<p>Starke Schneef\u00e4lle mit Schneeverwehungen, \u00fcberfrierende N\u00e4sse, Eisregen oder auch ein Orkan mit nicht absehbaren Gefahren f\u00fcr alle Verkehrsteilnehmer, k\u00f6nnen zur Absage der Sch\u00fclerbef\u00f6rderung und damit zum Ausfall des Pr\u00e4senzunterrichts f\u00fchren. Der Landkreis Harburg entscheidet dar\u00fcber, ob die Sch\u00fclerbef\u00f6rderung und damit auch der Unterricht an allen Schulen im Kreisgebiet trotz winterlicher Stra\u00dfenverh\u00e4ltnisse stattfinden kann oder ausfallen [&hellip;]<\/p>\n","protected":false},"author":9194350,"featured_media":0,"parent":0,"menu_order":0,"comment_status":"closed","ping_status":"closed","template":"","meta":{"footnotes":""},"class_list":["post-5485","page","type-page","status-publish","hentry"],"_links":{"self":[{"href":"https:\/\/wordpress.nibis.de\/gsmarschacht\/wp-json\/wp\/v2\/pages\/5485","targetHints":{"allow":["GET"]}}],"collection":[{"href":"https:\/\/wordpress.nibis.de\/gsmarschacht\/wp-json\/wp\/v2\/pages"}],"about":[{"href":"https:\/\/wordpress.nibis.de\/gsmarschacht\/wp-json\/wp\/v2\/types\/page"}],"author":[{"embeddable":true,"href":"https:\/\/wordpress.nibis.de\/gsmarschacht\/wp-json\/wp\/v2\/users\/9194350"}],"replies":[{"embeddable":true,"href":"https:\/\/wordpress.nibis.de\/gsmarschacht\/wp-json\/wp\/v2\/comments?post=5485"}],"version-history":[{"count":2,"href":"https:\/\/wordpress.nibis.de\/gsmarschacht\/wp-json\/wp\/v2\/pages\/5485\/revisions"}],"predecessor-version":[{"id":5760,"href":"https:\/\/wordpress.nibis.de\/gsmarschacht\/wp-json\/wp\/v2\/pages\/5485\/revisions\/5760"}],"wp:attachment":[{"href":"https:\/\/wordpress.nibis.de\/gsmarschacht\/wp-json\/wp\/v2\/media?parent=5485"}],"curies":[{"name":"wp","href":"https:\/\/api.w.org\/{rel}","templated":true}]}}