{"id":5552,"date":"2024-05-02T08:00:00","date_gmt":"2024-05-02T06:00:00","guid":{"rendered":"https:\/\/wordpress.nibis.de\/gsmarschacht\/?page_id=5552"},"modified":"2024-11-18T12:00:19","modified_gmt":"2024-11-18T11:00:19","slug":"ganztag","status":"publish","type":"page","link":"https:\/\/wordpress.nibis.de\/gsmarschacht\/ganztag\/","title":{"rendered":"Ganztag"},"content":{"rendered":"\n<p>Liebe Eltern,<\/p>\n<p>mit Hilfe der folgenden Ausf\u00fchrungen m\u00f6chten wir Sie dar\u00fcber informieren, welche grunds\u00e4tzlichen Betreuungsm\u00f6glichkeiten an der Schule am Deich \u2013 Grundschule Marschacht bestehen, und wie Sie Ihre Kinder f\u00fcr diese Angebote anmelden k\u00f6nnen.<\/p>\n<p><strong>Betreuungsm\u00f6glichkeiten in der Wochen\u00fcbersicht<\/strong><\/p>\n<p>Wie Sie der <a href=\"https:\/\/wordpress.nibis.de\/gsmarschacht\/files\/2024\/05\/Schematische-Darstellung-der-Betreuungsmoeglichkeiten-an-der-Grundschule-Marschacht.jpeg\">Abbildung 1<\/a> entnehmen k\u00f6nnen, unterteilt sich die Schulwoche bzw. die einzelnen Schultage in einzelne Phasen. Dabei sind grunds\u00e4tzliche kostenfreie und kostenpflichtige Angebote zu unterscheiden.<\/p>\n<p>Kernelement bildet die verl\u00e4ssliche Grundschule an allen Tagen von 08.00 Uhr bis 13.00 Uhr. Dar\u00fcber hinaus wird montags bis donnerstags ein kostenfreier, offener (\u201efreiwilliger\u201c) Ganztag von 13.00 Uhr bis 15.30 Uhr angeboten. Alle weiteren Angebote, wie die Fr\u00fchbetreuung (07.00 Uhr bis 08.00 Uhr), die Sp\u00e4tbetreuung (15.30 Uhr bis 16.30 Uhr), die Betreuung am Freitag (13.00 Uhr bis 16.30 Uhr) werden durch die Samtgemeinde Elbmarsch organisiert und sind teilweise kostenpflichtig.<\/p>\n<p><strong>\u00a0<\/strong><strong>Angebote im Laufe eines Schultages<\/strong><\/p>\n<p>Die <a href=\"https:\/\/wordpress.nibis.de\/gsmarschacht\/files\/2024\/05\/Tagesablauf-an-der-Grundschule-Marschacht.jpg\">Abbildung 2<\/a> stellt exemplarisch einen Schultag dar, wie er montags bis donnerstags stattfindet.<\/p>\n<p>Dabei haben die dritten und vierten Klassen im Rahmen der verl\u00e4sslichen Grundschule an jedem Tag f\u00fcnf Stunden Unterricht und an einem Wochentag eine zus\u00e4tzliche 6. Stunde (bis 13.35 Uhr). Die ersten und zweiten Klassen haben jeden Tag f\u00fcnf Stunden, wobei es sich bei f\u00fcnften Stunden zum Teil um Betreuungsstunden (12.00 Uhr bis 13.00 Uhr) handelt. Diese Betreuungsstunden k\u00f6nnen bei Bedarf abgew\u00e4hlt werden.<\/p>\n<p>Im offenen Ganztag wechseln sich zun\u00e4chst eine Essens- und Erholungs-\/Spielzeit ab. Anschlie\u00dfend ist Zeit f\u00fcr die Hausaufgaben sowie f\u00fcr freiwillige AG-Angebote bzw. eine Spielzeit.<\/p>\n<p><strong>Anmeldung f\u00fcr die schulischen Angebote (verl\u00e4ssliche Grundschule &amp; Ganztag)<\/strong><\/p>\n<p>Die Anmeldung f\u00fcr die Angebote der Schule (verl\u00e4ssliche Grundschule und Ganztag) erfolgt \u00fcber ein gemeinsames <a href=\"https:\/\/wordpress.nibis.de\/gsmarschacht\/files\/2024\/11\/2024_08_21_Anmeldeformular-Ganztag.pdf\">Anmeldeformular<\/a>, welches die Wahl der Betreuungszeiten erfasst. Dar\u00fcber gibt es ein separates Formular f\u00fcr die <a href=\"https:\/\/wordpress.nibis.de\/gsmarschacht\/files\/2024\/11\/Anmeldung-Mittagsverpflegung.pdf\">Mittagsverpflegung<\/a>. Beide Formulare k\u00f6nnen sowohl auf der Homepage heruntergeladen als auch im Sekretariat abgeholt werden.<\/p>\n<p>Generell gehen wir davon aus, dass alle Kinder die Schule von 08.00 bis 13.00 Uhr besuchen, wobei die Betreuungsstunden in den Jahrg\u00e4ngen eins und zwei zu Beginn eines jeden Halbjahres, wenn die genauen Wochentage feststehen, abgew\u00e4hlt werden k\u00f6nnen. Die weiteren Angebote k\u00f6nnen freiwillig hinzugew\u00e4hlt werden. Hierzu z\u00e4hlt auch das Mittagsessen, welches im Rahmen der Ganztagsbetreuung eingenommen werden kann.<\/p>\n<p>Bitte beachten Sie bei einer Anmeldung, dass die angemeldeten Zeiten f\u00fcr ein Schuljahr gelten, um eine verl\u00e4ssliche Planung zu erm\u00f6glichen. Bei Vorlage einer schriftlichen Entschuldigung kann ausnahmsweise vorzeitig abgeholt werden. Achten Sie im Sinne Ihres Kindes jedoch auf eine Kontinuit\u00e4t. Eine kurzfristige Verl\u00e4ngerung der Betreuungszeiten ist nur in Ausnahmef\u00e4llen m\u00f6glich.<\/p>\n<p><strong>Anmeldung f\u00fcr die Angebote der Samtgemeinde Elbmarsch (Fr\u00fch-, Sp\u00e4t- sowie Ferienbetreuung)<\/strong><\/p>\n<p>Alle Anmeldungen f\u00fcr die Angebote der Samtgemeinde Elbmarsch (Fr\u00fch, Sp\u00e4t- sowie Ferienbetreuung) erfolgen direkt \u00fcber die Samtgemeinde Elbmarsch und nicht \u00fcber die Schule. N\u00e4here Informationen zum genauen Ablauf k\u00f6nnen Sie der Homepage der Samtgemeinde Elbmarsch (<a href=\"https:\/\/www.samtgemeinde-elbmarsch.de\/familie-bildung-jugend\/ganztags-ferienbetreuung\/ihr-ansprechpartner-fuer-die-nachmittagsbetreuung-satzung\/\">https:\/\/www.samtgemeinde-elbmarsch.de\/familie-bildung-jugend\/ganztags-ferienbetreuung\/ihr-ansprechpartner-fuer-die-nachmittagsbetreuung-satzung\/<\/a>) entnehmen.<\/p>\n<p>\u00a0<\/p>\n","protected":false},"excerpt":{"rendered":"<p>Liebe Eltern, mit Hilfe der folgenden Ausf\u00fchrungen m\u00f6chten wir Sie dar\u00fcber informieren, welche grunds\u00e4tzlichen Betreuungsm\u00f6glichkeiten an der Schule am Deich \u2013 Grundschule Marschacht bestehen, und wie Sie Ihre Kinder f\u00fcr diese Angebote anmelden k\u00f6nnen. Betreuungsm\u00f6glichkeiten in der Wochen\u00fcbersicht Wie Sie der Abbildung 1 entnehmen k\u00f6nnen, unterteilt sich die Schulwoche bzw. die einzelnen Schultage in einzelne [&hellip;]<\/p>\n","protected":false},"author":9194350,"featured_media":0,"parent":0,"menu_order":0,"comment_status":"closed","ping_status":"closed","template":"","meta":{"footnotes":""},"class_list":["post-5552","page","type-page","status-publish","hentry"],"_links":{"self":[{"href":"https:\/\/wordpress.nibis.de\/gsmarschacht\/wp-json\/wp\/v2\/pages\/5552","targetHints":{"allow":["GET"]}}],"collection":[{"href":"https:\/\/wordpress.nibis.de\/gsmarschacht\/wp-json\/wp\/v2\/pages"}],"about":[{"href":"https:\/\/wordpress.nibis.de\/gsmarschacht\/wp-json\/wp\/v2\/types\/page"}],"author":[{"embeddable":true,"href":"https:\/\/wordpress.nibis.de\/gsmarschacht\/wp-json\/wp\/v2\/users\/9194350"}],"replies":[{"embeddable":true,"href":"https:\/\/wordpress.nibis.de\/gsmarschacht\/wp-json\/wp\/v2\/comments?post=5552"}],"version-history":[{"count":7,"href":"https:\/\/wordpress.nibis.de\/gsmarschacht\/wp-json\/wp\/v2\/pages\/5552\/revisions"}],"predecessor-version":[{"id":5749,"href":"https:\/\/wordpress.nibis.de\/gsmarschacht\/wp-json\/wp\/v2\/pages\/5552\/revisions\/5749"}],"wp:attachment":[{"href":"https:\/\/wordpress.nibis.de\/gsmarschacht\/wp-json\/wp\/v2\/media?parent=5552"}],"curies":[{"name":"wp","href":"https:\/\/api.w.org\/{rel}","templated":true}]}}