{"id":5615,"date":"2024-06-24T13:44:57","date_gmt":"2024-06-24T11:44:57","guid":{"rendered":"https:\/\/wordpress.nibis.de\/gsmarschacht\/?page_id=5615"},"modified":"2024-06-24T13:44:57","modified_gmt":"2024-06-24T11:44:57","slug":"schuleingangsuntersuchung","status":"publish","type":"page","link":"https:\/\/wordpress.nibis.de\/gsmarschacht\/schuleingangsuntersuchung\/","title":{"rendered":"Schuleingangsuntersuchung"},"content":{"rendered":"\n<p>Die Termine zur Schuleingangsuntersuchung werden zentral vom Landkreis Harburg vergeben. Wir haben dabei auf den Zeitpunkt und die m\u00f6glichen Termine keinerlei Einfluss. Sollten die angebotenen Termine nach dem 30.04 stattfinden, k\u00f6nnen sich Eltern betroffener Flexi-Kinder (Geburtsdatum 01.07 bis 01.10) beim Landkreis um einen fr\u00fcheren Termin bem\u00fchen, um einen weiteren Orientierungspunkt f\u00fcr die Entscheidungsfindung zu bekommen.<\/p>\n<p><em><strong>Auch bei einer Schuleingangsuntersuchung nach dem 01.05 bleibt der Zeitpunkt, ob von der Flexi-Regelung Gebrauch gemacht werden soll, unber\u00fchrt. Diese Entscheidung muss weiterhin bis zum 30.04 des jeweiligen Jahres getroffen und schriftlich bei der Schulleitung beantragt werden.<\/strong><\/em><\/p>\n<p>Generell k\u00f6nnen Sie sich auch immer an uns wenden und wir k\u00f6nnen Sie bez\u00fcglich der Einschulung beraten.<\/p>\n","protected":false},"excerpt":{"rendered":"<p>Die Termine zur Schuleingangsuntersuchung werden zentral vom Landkreis Harburg vergeben. Wir haben dabei auf den Zeitpunkt und die m\u00f6glichen Termine keinerlei Einfluss. Sollten die angebotenen Termine nach dem 30.04 stattfinden, k\u00f6nnen sich Eltern betroffener Flexi-Kinder (Geburtsdatum 01.07 bis 01.10) beim Landkreis um einen fr\u00fcheren Termin bem\u00fchen, um einen weiteren Orientierungspunkt f\u00fcr die Entscheidungsfindung zu bekommen. [&hellip;]<\/p>\n","protected":false},"author":9194350,"featured_media":0,"parent":0,"menu_order":0,"comment_status":"closed","ping_status":"closed","template":"","meta":{"footnotes":""},"class_list":["post-5615","page","type-page","status-publish","hentry"],"_links":{"self":[{"href":"https:\/\/wordpress.nibis.de\/gsmarschacht\/wp-json\/wp\/v2\/pages\/5615","targetHints":{"allow":["GET"]}}],"collection":[{"href":"https:\/\/wordpress.nibis.de\/gsmarschacht\/wp-json\/wp\/v2\/pages"}],"about":[{"href":"https:\/\/wordpress.nibis.de\/gsmarschacht\/wp-json\/wp\/v2\/types\/page"}],"author":[{"embeddable":true,"href":"https:\/\/wordpress.nibis.de\/gsmarschacht\/wp-json\/wp\/v2\/users\/9194350"}],"replies":[{"embeddable":true,"href":"https:\/\/wordpress.nibis.de\/gsmarschacht\/wp-json\/wp\/v2\/comments?post=5615"}],"version-history":[{"count":1,"href":"https:\/\/wordpress.nibis.de\/gsmarschacht\/wp-json\/wp\/v2\/pages\/5615\/revisions"}],"predecessor-version":[{"id":5616,"href":"https:\/\/wordpress.nibis.de\/gsmarschacht\/wp-json\/wp\/v2\/pages\/5615\/revisions\/5616"}],"wp:attachment":[{"href":"https:\/\/wordpress.nibis.de\/gsmarschacht\/wp-json\/wp\/v2\/media?parent=5615"}],"curies":[{"name":"wp","href":"https:\/\/api.w.org\/{rel}","templated":true}]}}