{"id":5750,"date":"2024-11-18T12:07:03","date_gmt":"2024-11-18T11:07:03","guid":{"rendered":"https:\/\/wordpress.nibis.de\/gsmarschacht\/?page_id=5750"},"modified":"2025-08-22T09:46:09","modified_gmt":"2025-08-22T07:46:09","slug":"formulare","status":"publish","type":"page","link":"https:\/\/wordpress.nibis.de\/gsmarschacht\/formulare\/","title":{"rendered":"Formulare"},"content":{"rendered":"\n<ul>\n<li><a href=\"https:\/\/wordpress.nibis.de\/gsmarschacht\/files\/2024\/11\/Elterninfo-Betreuungsmoeglichkeiten.pdf\">Elterninfo Betreuungsm\u00f6glichkeiten<\/a><\/li>\n<li style=\"text-align: left\"><a href=\"https:\/\/wordpress.nibis.de\/gsmarschacht\/files\/2025\/08\/2025_05_05_Anmeldeformular-Ganztag-SJ25_26.pdf\">Anmeldung Ganztag<\/a><\/li>\n<li><a href=\"https:\/\/wordpress.nibis.de\/gsmarschacht\/files\/2025\/08\/Infobrief-fuer-Anmeldung-GS-Marschacht-Sommer-2025-Zitronengras-1.pdf\">Anmeldung Mittagsverpflegung<\/a><\/li>\n<li><a href=\"https:\/\/wordpress.nibis.de\/gsmarschacht\/files\/2024\/11\/SEPA_Lastschrift.pdf\">SEPA Lastschrift<\/a> (z.B. Sp\u00e4tbetreuung)<\/li>\n<li><a href=\"https:\/\/wordpress.nibis.de\/gsmarschacht\/files\/2024\/11\/Fr\u0081hbetreuung_Sj24_25-1.pdf\">Anmeldung Fr\u00fchbetreuung<\/a><\/li>\n<li><a href=\"https:\/\/wordpress.nibis.de\/gsmarschacht\/files\/2024\/11\/Anmeldung-Sp\u0084tbetreuung_Sj24_25-1.pdf\">Anmeldung Sp\u00e4tbetreuung<\/a><\/li>\n<li><a href=\"https:\/\/wordpress.nibis.de\/gsmarschacht\/files\/2025\/01\/satzung_spaetbetreuung_gsmarschacht.pdf\">Satzung Sp\u00e4tbetreuung<\/a><\/li>\n<\/ul>\n","protected":false},"excerpt":{"rendered":"<p>Elterninfo Betreuungsm\u00f6glichkeiten Anmeldung Ganztag Anmeldung Mittagsverpflegung SEPA Lastschrift (z.B. Sp\u00e4tbetreuung) Anmeldung Fr\u00fchbetreuung Anmeldung Sp\u00e4tbetreuung Satzung Sp\u00e4tbetreuung<\/p>\n","protected":false},"author":9194350,"featured_media":0,"parent":0,"menu_order":0,"comment_status":"closed","ping_status":"closed","template":"","meta":{"footnotes":""},"class_list":["post-5750","page","type-page","status-publish","hentry"],"_links":{"self":[{"href":"https:\/\/wordpress.nibis.de\/gsmarschacht\/wp-json\/wp\/v2\/pages\/5750","targetHints":{"allow":["GET"]}}],"collection":[{"href":"https:\/\/wordpress.nibis.de\/gsmarschacht\/wp-json\/wp\/v2\/pages"}],"about":[{"href":"https:\/\/wordpress.nibis.de\/gsmarschacht\/wp-json\/wp\/v2\/types\/page"}],"author":[{"embeddable":true,"href":"https:\/\/wordpress.nibis.de\/gsmarschacht\/wp-json\/wp\/v2\/users\/9194350"}],"replies":[{"embeddable":true,"href":"https:\/\/wordpress.nibis.de\/gsmarschacht\/wp-json\/wp\/v2\/comments?post=5750"}],"version-history":[{"count":5,"href":"https:\/\/wordpress.nibis.de\/gsmarschacht\/wp-json\/wp\/v2\/pages\/5750\/revisions"}],"predecessor-version":[{"id":5963,"href":"https:\/\/wordpress.nibis.de\/gsmarschacht\/wp-json\/wp\/v2\/pages\/5750\/revisions\/5963"}],"wp:attachment":[{"href":"https:\/\/wordpress.nibis.de\/gsmarschacht\/wp-json\/wp\/v2\/media?parent=5750"}],"curies":[{"name":"wp","href":"https:\/\/api.w.org\/{rel}","templated":true}]}}