{"id":85,"date":"2017-02-15T17:04:43","date_gmt":"2017-02-15T16:04:43","guid":{"rendered":"http:\/\/wordpress.nibis.de\/gsmarschacht\/?page_id=85"},"modified":"2026-02-04T09:50:51","modified_gmt":"2026-02-04T08:50:51","slug":"impressum","status":"publish","type":"page","link":"https:\/\/wordpress.nibis.de\/gsmarschacht\/impressum\/","title":{"rendered":"Impressum"},"content":{"rendered":"<p>Land Niedersachsen (Diensteanbieter im Sinne des Telemediengesetzes)<\/p>\n<p>Das Land Niedersachsen ist eine juristische Person des \u00f6ffentlichen Rechts vertreten durch<\/p>\n<p>Schulleitung:<br \/>\nS\u00f6ren Odau, Rektor<\/p>\n<p>Grundschule Marschacht<br \/>\nElbuferstr. 106<br \/>\n21436\u00a0 Marschacht<br \/>\nTel: 04176 1882<br \/>\nE-Mail: &#83;&#x63;&#x68;u&#108;&#x6c;e&#105;&#x74;&#x75;n&#103;&#x40;g&#115;&#x6d;&#x61;r&#115;&#x63;h&#97;&#x63;&#x68;&#116;&#46;&#x73;c&#104;&#x75;&#x6c;&#115;&#x65;&#x72;v&#101;&#x72;&#46;&#100;&#x65;<\/p>\n<p>Verantwortlich f\u00fcr redaktionell-journalistische Angebote i. S. d. \u00a7 55 Abs. 2 Rundfunkstaatsvertrag:\u00a0 die Schulleitung<\/p>\n<p>Verantwortlich f\u00fcr die Seiten des Schulvereins: Frau Barbara Clasen &#8211; &#x62;&#x2e;&#99;l&#x61;&#x73;&#101;&#110;&#64;&#x67;&#x73;&#109;&#97;r&#x73;&#x63;&#104;ac&#x68;&#x74;&#46;d&#x65;<\/p>\n<p>Disclaimer<br \/>\nDiese Website beinhaltet externe Links. Deren Inhalte entziehen sich unserer Einflussnahme, so dass eine Gew\u00e4hr f\u00fcr solche Inhalte von uns nicht \u00fcbernommen werden kann.<br \/>\nDie Verantwortung liegt stets beim Betreiber der externen Seiten. Zum Zeitpunkt der Verkn\u00fcpfung der externen Links waren keine Rechtsverst\u00f6\u00dfe ersichtlich. Die permanente \u00dcberwachung fremder Inhalte auf Rechtsverst\u00f6\u00dfe ist uns ohne konkrete Hinweise nicht zumutbar.<br \/>\nSollten wir Kenntnis von Rechtsverletzungen erlangen, werden wir die entsprechenden externen Links unverz\u00fcglich entfernen.<\/p>\n<p><a href=\"https:\/\/wordpress.nibis.de\/gsmarschacht\/files\/2024\/04\/Datenschutzerklaerung-Homepage_Stand2024.pdf\"><strong>Datenschutzerkl\u00e4rung<\/strong><\/a><\/p>\n<p>Datenschutzbeauftragte der Schule: &#x64;&#97;t&#x65;&#110;s&#x63;&#104;u&#x74;&#x7a;&#64;&#x67;&#x73;&#109;a&#x72;&#115;c&#x68;&#97;c&#x68;&#x74;&#46;&#x64;&#x65;<\/p>\n","protected":false},"excerpt":{"rendered":"<p>Land Niedersachsen (Diensteanbieter im Sinne des Telemediengesetzes) Das Land Niedersachsen ist eine juristische Person des \u00f6ffentlichen Rechts vertreten durch Schulleitung: S\u00f6ren Odau, Rektor Grundschule Marschacht Elbuferstr. 106 21436\u00a0 Marschacht Tel: 04176 1882 E-Mail: &#x53;&#x63;&#x68;&#x75;&#x6c;&#108;&#101;&#105;&#116;ung&#x40;&#x67;&#x73;&#x6d;&#x61;&#x72;&#115;&#99;&#104;ach&#x74;&#x2e;&#x73;&#x63;&#x68;&#x75;&#108;&#115;&#101;&#114;ver&#x2e;&#x64;&#x65; Verantwortlich f\u00fcr redaktionell-journalistische Angebote i. S. d. \u00a7 55 Abs. 2 Rundfunkstaatsvertrag:\u00a0 die Schulleitung Verantwortlich f\u00fcr die Seiten des Schulvereins: Frau [&hellip;]<\/p>\n","protected":false},"author":1328,"featured_media":0,"parent":0,"menu_order":0,"comment_status":"closed","ping_status":"closed","template":"","meta":{"footnotes":""},"class_list":["post-85","page","type-page","status-publish","hentry"],"_links":{"self":[{"href":"https:\/\/wordpress.nibis.de\/gsmarschacht\/wp-json\/wp\/v2\/pages\/85","targetHints":{"allow":["GET"]}}],"collection":[{"href":"https:\/\/wordpress.nibis.de\/gsmarschacht\/wp-json\/wp\/v2\/pages"}],"about":[{"href":"https:\/\/wordpress.nibis.de\/gsmarschacht\/wp-json\/wp\/v2\/types\/page"}],"author":[{"embeddable":true,"href":"https:\/\/wordpress.nibis.de\/gsmarschacht\/wp-json\/wp\/v2\/users\/1328"}],"replies":[{"embeddable":true,"href":"https:\/\/wordpress.nibis.de\/gsmarschacht\/wp-json\/wp\/v2\/comments?post=85"}],"version-history":[{"count":13,"href":"https:\/\/wordpress.nibis.de\/gsmarschacht\/wp-json\/wp\/v2\/pages\/85\/revisions"}],"predecessor-version":[{"id":6252,"href":"https:\/\/wordpress.nibis.de\/gsmarschacht\/wp-json\/wp\/v2\/pages\/85\/revisions\/6252"}],"wp:attachment":[{"href":"https:\/\/wordpress.nibis.de\/gsmarschacht\/wp-json\/wp\/v2\/media?parent=85"}],"curies":[{"name":"wp","href":"https:\/\/api.w.org\/{rel}","templated":true}]}}