{"id":95,"date":"2017-02-20T15:19:42","date_gmt":"2017-02-20T14:19:42","guid":{"rendered":"http:\/\/wordpress.nibis.de\/gsmarschacht\/?page_id=95"},"modified":"2024-02-02T19:56:35","modified_gmt":"2024-02-02T18:56:35","slug":"ueber-uns","status":"publish","type":"page","link":"https:\/\/wordpress.nibis.de\/gsmarschacht\/ueber-uns\/","title":{"rendered":"\u00dcber uns"},"content":{"rendered":"<p>In Niedermarschacht, im Zentrum der Samtgemeinde Elbmarsch, liegt unsere Grundschule. Der Pausenhof mit Spielgel\u00e4nde grenzt direkt an den Elbdeich.<\/p>\n<p>Im Schuljahr 2023\/24 besuchen 110 Sch\u00fclerinnen und Sch\u00fcler in 6 Klassen unsere Schule.<\/p>\n<p>Sie werden unterrichtet von 9 Lehrkr\u00e4ften.<\/p>\n<p>Zu unserer Schule geh\u00f6ren auch p\u00e4dagogische MitarbeiterInnen, eine Sekret\u00e4rin, ein Hausmeister und Reinigungskr\u00e4fte.<\/p>\n","protected":false},"excerpt":{"rendered":"<p>In Niedermarschacht, im Zentrum der Samtgemeinde Elbmarsch, liegt unsere Grundschule. Der Pausenhof mit Spielgel\u00e4nde grenzt direkt an den Elbdeich. Im Schuljahr 2023\/24 besuchen 110 Sch\u00fclerinnen und Sch\u00fcler in 6 Klassen unsere Schule. Sie werden unterrichtet von 9 Lehrkr\u00e4ften. Zu unserer Schule geh\u00f6ren auch p\u00e4dagogische MitarbeiterInnen, eine Sekret\u00e4rin, ein Hausmeister und Reinigungskr\u00e4fte.<\/p>\n","protected":false},"author":1328,"featured_media":0,"parent":0,"menu_order":0,"comment_status":"closed","ping_status":"closed","template":"","meta":{"footnotes":""},"class_list":["post-95","page","type-page","status-publish","hentry"],"_links":{"self":[{"href":"https:\/\/wordpress.nibis.de\/gsmarschacht\/wp-json\/wp\/v2\/pages\/95","targetHints":{"allow":["GET"]}}],"collection":[{"href":"https:\/\/wordpress.nibis.de\/gsmarschacht\/wp-json\/wp\/v2\/pages"}],"about":[{"href":"https:\/\/wordpress.nibis.de\/gsmarschacht\/wp-json\/wp\/v2\/types\/page"}],"author":[{"embeddable":true,"href":"https:\/\/wordpress.nibis.de\/gsmarschacht\/wp-json\/wp\/v2\/users\/1328"}],"replies":[{"embeddable":true,"href":"https:\/\/wordpress.nibis.de\/gsmarschacht\/wp-json\/wp\/v2\/comments?post=95"}],"version-history":[{"count":14,"href":"https:\/\/wordpress.nibis.de\/gsmarschacht\/wp-json\/wp\/v2\/pages\/95\/revisions"}],"predecessor-version":[{"id":5388,"href":"https:\/\/wordpress.nibis.de\/gsmarschacht\/wp-json\/wp\/v2\/pages\/95\/revisions\/5388"}],"wp:attachment":[{"href":"https:\/\/wordpress.nibis.de\/gsmarschacht\/wp-json\/wp\/v2\/media?parent=95"}],"curies":[{"name":"wp","href":"https:\/\/api.w.org\/{rel}","templated":true}]}}