{"id":38,"date":"2020-07-26T16:48:37","date_gmt":"2020-07-26T14:48:37","guid":{"rendered":"https:\/\/wordpress.nibis.de\/gsmartfeld\/?page_id=38"},"modified":"2025-03-14T09:38:21","modified_gmt":"2025-03-14T08:38:21","slug":"schulleben","status":"publish","type":"page","link":"https:\/\/wordpress.nibis.de\/gsmartfeld\/schulleben\/","title":{"rendered":"Ablauf des Schulalltages"},"content":{"rendered":"\n<figure class=\"wp-block-gallery has-nested-images columns-default is-cropped wp-block-gallery-1 is-layout-flex wp-block-gallery-is-layout-flex\">\n<figure class=\"wp-block-image size-large\"><img loading=\"lazy\" decoding=\"async\" width=\"1023\" height=\"1024\" data-id=\"195\" src=\"https:\/\/wordpress.nibis.de\/gsmartfeld\/files\/2020\/07\/khadfield_LittleSchool_clock-1023x1024.png\" alt=\"\" class=\"wp-image-195\" srcset=\"https:\/\/wordpress.nibis.de\/gsmartfeld\/files\/2020\/07\/khadfield_LittleSchool_clock.png 1023w, https:\/\/wordpress.nibis.de\/gsmartfeld\/files\/2020\/07\/khadfield_LittleSchool_clock-150x150.png 150w, https:\/\/wordpress.nibis.de\/gsmartfeld\/files\/2020\/07\/khadfield_LittleSchool_clock-300x300.png 300w, https:\/\/wordpress.nibis.de\/gsmartfeld\/files\/2020\/07\/khadfield_LittleSchool_clock-768x769.png 768w, https:\/\/wordpress.nibis.de\/gsmartfeld\/files\/2020\/07\/khadfield_LittleSchool_clock-624x625.png 624w\" sizes=\"auto, (max-width: 1023px) 100vw, 1023px\" \/><figcaption>Uhrzeiten<\/figcaption><\/figure>\n\n\n\n<figure class=\"wp-block-image size-large\"><img loading=\"lazy\" decoding=\"async\" width=\"904\" height=\"1024\" data-id=\"194\" src=\"https:\/\/wordpress.nibis.de\/gsmartfeld\/files\/2020\/07\/khadfield_LittleSchool_books-904x1024.png\" alt=\"\" class=\"wp-image-194\" srcset=\"https:\/\/wordpress.nibis.de\/gsmartfeld\/files\/2020\/07\/khadfield_LittleSchool_books-904x1024.png 904w, https:\/\/wordpress.nibis.de\/gsmartfeld\/files\/2020\/07\/khadfield_LittleSchool_books-265x300.png 265w, https:\/\/wordpress.nibis.de\/gsmartfeld\/files\/2020\/07\/khadfield_LittleSchool_books-768x870.png 768w, https:\/\/wordpress.nibis.de\/gsmartfeld\/files\/2020\/07\/khadfield_LittleSchool_books-624x707.png 624w, https:\/\/wordpress.nibis.de\/gsmartfeld\/files\/2020\/07\/khadfield_LittleSchool_books.png 1002w\" sizes=\"auto, (max-width: 904px) 100vw, 904px\" \/><figcaption>Bibliothek<\/figcaption><\/figure>\n\n\n\n<figure class=\"wp-block-image size-large\"><img loading=\"lazy\" decoding=\"async\" width=\"594\" height=\"962\" data-id=\"196\" src=\"https:\/\/wordpress.nibis.de\/gsmartfeld\/files\/2020\/07\/khadfield_BigSchool_flask.png\" alt=\"\" class=\"wp-image-196\" srcset=\"https:\/\/wordpress.nibis.de\/gsmartfeld\/files\/2020\/07\/khadfield_BigSchool_flask.png 594w, https:\/\/wordpress.nibis.de\/gsmartfeld\/files\/2020\/07\/khadfield_BigSchool_flask-185x300.png 185w\" sizes=\"auto, (max-width: 594px) 100vw, 594px\" \/><figcaption>Arbeitsgemeinschaften<\/figcaption><\/figure>\n<\/figure>\n\n\n<p style=\"text-align: center\"><span style=\"text-decoration: underline\">Sch\u00fcler*innen<\/span><\/p>\n<p style=\"text-align: center\"><span style=\"color: #000000\">Die Grundschule Martfeld ist ein- bis zweiz\u00fcgig und hat zum Schuljahr 2024\/25\u00a0 97 Sch\u00fclerinnen und Sch\u00fcler.\u00a0<\/span><\/p>\n<p style=\"text-align: center\">_________________________________________________________________________________________<\/p>\n<p style=\"text-align: center\"><span style=\"text-decoration: underline\">Uhrzeiten<\/span><\/p>\n<p>\u00a0<\/p>\n<table style=\"width: 520px;height: 375px\">\n<tbody>\n<tr style=\"height: 36px\">\n<td style=\"width: 264.8px;height: 36px;text-align: left\"><span style=\"color: #333399\"><strong>Fr\u00fchbetreuung<\/strong><\/span><\/td>\n<td style=\"width: 254.4px;height: 36px;text-align: left\"><span style=\"color: #333399\"><strong>07.35-08.00 Uhr\u00a0<\/strong><\/span><\/td>\n<\/tr>\n<tr style=\"height: 36px\">\n<td style=\"width: 264.8px;height: 36px;text-align: left\"><span style=\"color: #000000\"><strong>1. Stunde <\/strong><\/span><\/td>\n<td style=\"width: 254.4px;height: 36px;text-align: left\"><span style=\"color: #000000\"><strong>08.05-08.50 Uhr\u00a0<\/strong><\/span><\/td>\n<\/tr>\n<tr style=\"height: 36px\">\n<td style=\"width: 264.8px;height: 36px;text-align: left\"><span style=\"color: #000000\"><strong>2. Stunde<\/strong><\/span><\/td>\n<td style=\"width: 254.4px;height: 36px;text-align: left\"><span style=\"color: #000000\"><strong>08.55-09.35 Uhr\u00a0<\/strong><\/span><\/td>\n<\/tr>\n<tr style=\"height: 77px\">\n<td style=\"width: 264.8px;height: 77px;text-align: left\"><strong><span style=\"color: #993366\">Fr\u00fchst\u00fcckspause<\/span><\/strong><\/td>\n<td style=\"width: 254.4px;height: 77px;text-align: left\"><strong><span style=\"color: #993366\">09.35-09.45 Uhr <\/span><\/strong><\/td>\n<\/tr>\n<tr style=\"height: 36px\">\n<td style=\"width: 264.8px;height: 36px;text-align: left\"><strong><span style=\"color: #993366\"><span style=\"color: #ff6600\">1.Pause<\/span><\/span><\/strong><\/td>\n<td style=\"width: 254.4px;height: 36px;text-align: left\"><strong><span style=\"color: #993366\"><span style=\"color: #ff6600\">09.45-10.00 Uhr\u00a0<\/span><\/span><\/strong><\/td>\n<\/tr>\n<tr style=\"height: 36px\">\n<td style=\"width: 264.8px;height: 36px;text-align: left\"><span style=\"color: #000000\"><strong>3. Stunde<\/strong><\/span><\/td>\n<td style=\"width: 254.4px;height: 36px;text-align: left\"><span style=\"color: #000000\"><strong>10.00-10.45 Uhr\u00a0<\/strong><\/span><\/td>\n<\/tr>\n<tr style=\"height: 36px\">\n<td style=\"width: 264.8px;height: 36px;text-align: left\"><span style=\"color: #000000\"><strong>4. Stunde<\/strong><\/span><\/td>\n<td style=\"width: 254.4px;height: 36px;text-align: left\"><span style=\"color: #000000\"><strong>10.50-11.35 Uhr\u00a0<\/strong><\/span><\/td>\n<\/tr>\n<tr style=\"height: 36px\">\n<td style=\"width: 264.8px;height: 36px;text-align: left\"><strong><span style=\"color: #993366\"><span style=\"color: #ff6600\">2. Pause <\/span><\/span><\/strong><\/td>\n<td style=\"width: 254.4px;height: 36px;text-align: left\"><strong><span style=\"color: #993366\"><span style=\"color: #ff6600\">11.35-11.50 Uhr\u00a0<\/span><\/span><\/strong><\/td>\n<\/tr>\n<tr style=\"height: 36px\">\n<td style=\"width: 264.8px;height: 36px;text-align: left\"><span style=\"color: #000000\"><strong>5. Stunde<\/strong><\/span><\/td>\n<td style=\"width: 254.4px;height: 36px;text-align: left\"><span style=\"color: #000000\"><strong>11.50-12.35 Uhr\u00a0<\/strong><\/span><\/td>\n<\/tr>\n<tr style=\"height: 36px\">\n<td style=\"width: 264.8px;height: 10px;text-align: left\"><span style=\"color: #000000\"><strong>6. Stunde<\/strong><\/span><\/td>\n<td style=\"width: 254.4px;height: 10px;text-align: left\"><span style=\"color: #000000\"><strong>12.40-13.25 Uhr<\/strong><\/span><\/td>\n<\/tr>\n<\/tbody>\n<\/table>\n<p style=\"text-align: center\">\u00a0<\/p>\n<p style=\"text-align: center\">_________________________________________________________________________________________<\/p>\n<p style=\"text-align: center\"><span style=\"color: #333399\">\u00a0 \u00a0 \u00a0 \u00a0 \u00a0 \u00a0 \u00a0 \u00a0 \u00a0<span style=\"text-decoration: underline\">Arbeitsgemeinschaften im Schuljahr 2024\/25\u00a0<\/span><\/span><\/p>\n<p style=\"text-align: center\">Reporter &#8211; AG,\u00a0 Sport &#8211; AG, Computer &#8211; AG<\/p>\n<p style=\"text-align: center\">\u00a0<\/p>\n<p style=\"text-align: center\">_________________________________________________________________________________________<\/p>\n<p style=\"text-align: center\"><span style=\"color: #008080\">Jeden Donnerstag besuchen die Sch\u00fcler*innen die Bibliothek. <\/span><span style=\"color: #008080\">F\u00fcr den Sachunterricht leihen wir auch oft Materialkisten aus, in denen die Kinder dann st\u00f6bern und recherchieren k\u00f6nnen.\u00a0<\/span><\/p>\n<p style=\"text-align: center\">_______________________________________________________________________________________<\/p>\n<p><img loading=\"lazy\" decoding=\"async\" class=\"alignnone  wp-image-238 aligncenter\" src=\"https:\/\/wordpress.nibis.de\/gsmartfeld\/files\/2020\/07\/LOGO-Besondere-Begabungen-F\u00f6rdern-7239.jpg\" alt=\"\" width=\"158\" height=\"122\" \/><span style=\"color: #993366\">Unsere Schule nimmt an der F\u00f6rderung besonderer Begabungen teil. Nach Absprache mit Ihnen und Ihren Kindern nehmen eine handvoll Sch\u00fclerInnen (Klasse 3.\/4.) neben den verpflichtenden Arbeitsgemeinschaften an einer Begabten-AG teil.<\/span><\/p>\n<p style=\"text-align: center\">_______________________________________________________________________________________<\/p>\n<h4 style=\"text-align: center\"><img loading=\"lazy\" decoding=\"async\" class=\"aligncenter size-full wp-image-820\" src=\"https:\/\/wordpress.nibis.de\/gsmartfeld\/files\/2021\/06\/1622444675.png\" alt=\"\" width=\"150\" height=\"150\" \/><\/h4>\n<h4 style=\"text-align: center\">Die Grundschule Martfeld nimmt am am EU-Schulprogramm Niedersachsen Obst, Gem\u00fcse und Milch f\u00fcr Kindertageseinrichtungen &amp; Schule teil.<\/h4>\n<p style=\"text-align: center\">\u00a0<\/p>","protected":false},"excerpt":{"rendered":"<p>Sch\u00fcler*innen Die Grundschule Martfeld ist ein- bis zweiz\u00fcgig und hat zum Schuljahr 2024\/25\u00a0 97 Sch\u00fclerinnen und Sch\u00fcler.\u00a0 _________________________________________________________________________________________ Uhrzeiten \u00a0 Fr\u00fchbetreuung 07.35-08.00 Uhr\u00a0 1. Stunde 08.05-08.50 Uhr\u00a0 2. Stunde 08.55-09.35 Uhr\u00a0 Fr\u00fchst\u00fcckspause 09.35-09.45 Uhr 1.Pause 09.45-10.00 Uhr\u00a0 3. Stunde 10.00-10.45 Uhr\u00a0 4. Stunde 10.50-11.35 Uhr\u00a0 2. Pause 11.35-11.50 Uhr\u00a0 5. Stunde 11.50-12.35 Uhr\u00a0 6. Stunde [&hellip;]<\/p>\n","protected":false},"author":9193548,"featured_media":0,"parent":0,"menu_order":0,"comment_status":"closed","ping_status":"closed","template":"","meta":{"footnotes":""},"class_list":["post-38","page","type-page","status-publish","hentry"],"_links":{"self":[{"href":"https:\/\/wordpress.nibis.de\/gsmartfeld\/wp-json\/wp\/v2\/pages\/38","targetHints":{"allow":["GET"]}}],"collection":[{"href":"https:\/\/wordpress.nibis.de\/gsmartfeld\/wp-json\/wp\/v2\/pages"}],"about":[{"href":"https:\/\/wordpress.nibis.de\/gsmartfeld\/wp-json\/wp\/v2\/types\/page"}],"author":[{"embeddable":true,"href":"https:\/\/wordpress.nibis.de\/gsmartfeld\/wp-json\/wp\/v2\/users\/9193548"}],"replies":[{"embeddable":true,"href":"https:\/\/wordpress.nibis.de\/gsmartfeld\/wp-json\/wp\/v2\/comments?post=38"}],"version-history":[{"count":37,"href":"https:\/\/wordpress.nibis.de\/gsmartfeld\/wp-json\/wp\/v2\/pages\/38\/revisions"}],"predecessor-version":[{"id":1532,"href":"https:\/\/wordpress.nibis.de\/gsmartfeld\/wp-json\/wp\/v2\/pages\/38\/revisions\/1532"}],"wp:attachment":[{"href":"https:\/\/wordpress.nibis.de\/gsmartfeld\/wp-json\/wp\/v2\/media?parent=38"}],"curies":[{"name":"wp","href":"https:\/\/api.w.org\/{rel}","templated":true}]}}