{"id":40,"date":"2020-07-26T16:51:43","date_gmt":"2020-07-26T14:51:43","guid":{"rendered":"https:\/\/wordpress.nibis.de\/gsmartfeld\/?page_id=40"},"modified":"2026-03-10T09:50:22","modified_gmt":"2026-03-10T08:50:22","slug":"team","status":"publish","type":"page","link":"https:\/\/wordpress.nibis.de\/gsmartfeld\/team\/","title":{"rendered":"Team"},"content":{"rendered":"\n<p class=\"has-text-align-center\"><strong>Unser Team besteht derzeit aus 13 Lehrkr\u00e4ften, davon ist eine Lehrkraft im Vorbereitungsdienst und f\u00fcnf Lehrkr\u00e4fte in Elternzeit. Au\u00dferdem werden wir mit 5 Stunden in der Woche von einem F\u00f6rderschullehrer unterst\u00fctzt. <\/strong><\/p>\n\n\n\n<p class=\"has-text-align-center\"><strong>Wir haben vier p\u00e4dagogische Mitarbeiterinnen, die im Ganztag, der Betreuung und der Fr\u00fchbetreuung arbeiten. Au\u00dferdem haben wir eine Sekret\u00e4rin und einen Hausmeister. <\/strong><\/p>\n\n\n<div class=\"wp-block-image\">\n<figure class=\"aligncenter is-resized\"><img loading=\"lazy\" decoding=\"async\" width=\"1024\" height=\"875\" src=\"https:\/\/wordpress.nibis.de\/gsmartfeld\/files\/2020\/07\/khadfield_LittleSchool_owl2-1-1024x875.png\" alt=\"\" class=\"wp-image-189\" style=\"width:178px;height:152px\" srcset=\"https:\/\/wordpress.nibis.de\/gsmartfeld\/files\/2020\/07\/khadfield_LittleSchool_owl2-1-1024x875.png 1024w, https:\/\/wordpress.nibis.de\/gsmartfeld\/files\/2020\/07\/khadfield_LittleSchool_owl2-1-300x256.png 300w, https:\/\/wordpress.nibis.de\/gsmartfeld\/files\/2020\/07\/khadfield_LittleSchool_owl2-1-768x656.png 768w, https:\/\/wordpress.nibis.de\/gsmartfeld\/files\/2020\/07\/khadfield_LittleSchool_owl2-1-624x533.png 624w, https:\/\/wordpress.nibis.de\/gsmartfeld\/files\/2020\/07\/khadfield_LittleSchool_owl2-1.png 1368w\" sizes=\"auto, (max-width: 1024px) 100vw, 1024px\" \/><\/figure>\n<\/div>\n\n<h2 style=\"text-align: center\">\u00a0<\/h2>\n<h2 style=\"text-align: center\">Das Team der Grundschule Martfeld 2025\/26<\/h2>\n<div class=\"wp-block-image\"><img loading=\"lazy\" decoding=\"async\" class=\"wpa-warning wpa-image-missing-alt alignnone size-medium wp-image-1663 aligncenter\" src=\"https:\/\/wordpress.nibis.de\/gsmartfeld\/files\/2026\/03\/DSC_8892-300x205.jpg\" alt=\"\" width=\"300\" height=\"205\" data-warning=\"Missing alt text\" srcset=\"https:\/\/wordpress.nibis.de\/gsmartfeld\/files\/2026\/03\/DSC_8892-300x205.jpg 300w, https:\/\/wordpress.nibis.de\/gsmartfeld\/files\/2026\/03\/DSC_8892-1024x700.jpg 1024w, https:\/\/wordpress.nibis.de\/gsmartfeld\/files\/2026\/03\/DSC_8892-768x525.jpg 768w, https:\/\/wordpress.nibis.de\/gsmartfeld\/files\/2026\/03\/DSC_8892-100x68.jpg 100w, https:\/\/wordpress.nibis.de\/gsmartfeld\/files\/2026\/03\/DSC_8892-1536x1050.jpg 1536w, https:\/\/wordpress.nibis.de\/gsmartfeld\/files\/2026\/03\/DSC_8892-2048x1400.jpg 2048w, https:\/\/wordpress.nibis.de\/gsmartfeld\/files\/2026\/03\/DSC_8892-624x427.jpg 624w\" sizes=\"auto, (max-width: 300px) 100vw, 300px\" \/><\/div>\n<h5>\u00a0<\/h5>\n<h2 style=\"text-align: center\"><span style=\"color: #800080\">Klassenlehrer*innen<\/span><\/h2>\n<p><img loading=\"lazy\" decoding=\"async\" class=\" wp-image-1515\" src=\"https:\/\/wordpress.nibis.de\/gsmartfeld\/files\/2025\/03\/Bild-Conny-220x300.jpg\" alt=\"\" width=\"186\" height=\"253\" srcset=\"https:\/\/wordpress.nibis.de\/gsmartfeld\/files\/2025\/03\/Bild-Conny-220x300.jpg 220w, https:\/\/wordpress.nibis.de\/gsmartfeld\/files\/2025\/03\/Bild-Conny-624x850.jpg 624w, https:\/\/wordpress.nibis.de\/gsmartfeld\/files\/2025\/03\/Bild-Conny.jpg 644w\" sizes=\"auto, (max-width: 186px) 100vw, 186px\" \/><br \/><i>Frau\u00a0Kossow-Ginz (Klasse 1a)<\/i><\/p>\n<p><em><img loading=\"lazy\" decoding=\"async\" class=\"wp-image-157 \" src=\"https:\/\/wordpress.nibis.de\/gsmartfeld\/files\/2020\/07\/kein-Bild-234x300.jpg\" alt=\"\" width=\"199\" height=\"255\" srcset=\"https:\/\/wordpress.nibis.de\/gsmartfeld\/files\/2020\/07\/kein-Bild-234x300.jpg 234w, https:\/\/wordpress.nibis.de\/gsmartfeld\/files\/2020\/07\/kein-Bild.jpg 399w\" sizes=\"auto, (max-width: 199px) 100vw, 199px\" \/><br \/>Herr Thiesfeld (Klasse 1b)<\/em><\/p>\n<div id=\"attachment_1273\" style=\"width: 222px\" class=\"wp-caption alignnone\"><img loading=\"lazy\" decoding=\"async\" aria-describedby=\"caption-attachment-1273\" class=\"wp-image-1273 size-medium\" src=\"https:\/\/wordpress.nibis.de\/gsmartfeld\/files\/2023\/03\/Frau-Seemann-212x300.jpg\" alt=\"\" width=\"212\" height=\"300\" srcset=\"https:\/\/wordpress.nibis.de\/gsmartfeld\/files\/2023\/03\/Frau-Seemann-212x300.jpg 212w, https:\/\/wordpress.nibis.de\/gsmartfeld\/files\/2023\/03\/Frau-Seemann-724x1024.jpg 724w, https:\/\/wordpress.nibis.de\/gsmartfeld\/files\/2023\/03\/Frau-Seemann-768x1086.jpg 768w, https:\/\/wordpress.nibis.de\/gsmartfeld\/files\/2023\/03\/Frau-Seemann-1087x1536.jpg 1087w, https:\/\/wordpress.nibis.de\/gsmartfeld\/files\/2023\/03\/Frau-Seemann-1449x2048.jpg 1449w, https:\/\/wordpress.nibis.de\/gsmartfeld\/files\/2023\/03\/Frau-Seemann-624x882.jpg 624w, https:\/\/wordpress.nibis.de\/gsmartfeld\/files\/2023\/03\/Frau-Seemann.jpg 1654w\" sizes=\"auto, (max-width: 212px) 100vw, 212px\" \/><p id=\"caption-attachment-1273\" class=\"wp-caption-text\"><em>Frau Seemann (Klasse 2a)<\/em><\/p><\/div>\n<p>\u00a0<\/p>\n<div id=\"attachment_132\" style=\"width: 228px\" class=\"wp-caption alignnone\"><img loading=\"lazy\" decoding=\"async\" aria-describedby=\"caption-attachment-132\" class=\"wp-image-132 size-medium\" src=\"https:\/\/wordpress.nibis.de\/gsmartfeld\/files\/2020\/07\/rahel-Lange--218x300.jpg\" alt=\"\" width=\"218\" height=\"300\" srcset=\"https:\/\/wordpress.nibis.de\/gsmartfeld\/files\/2020\/07\/rahel-Lange--218x300.jpg 218w, https:\/\/wordpress.nibis.de\/gsmartfeld\/files\/2020\/07\/rahel-Lange-.jpg 744w, https:\/\/wordpress.nibis.de\/gsmartfeld\/files\/2020\/07\/rahel-Lange--624x859.jpg 624w\" sizes=\"auto, (max-width: 218px) 100vw, 218px\" \/><p id=\"caption-attachment-132\" class=\"wp-caption-text\"><em>komm. Schulleitung: Frau Lange (Klasse 3a)<\/em><\/p><\/div>\n<p><img loading=\"lazy\" decoding=\"async\" class=\"wp-image-157 \" src=\"https:\/\/wordpress.nibis.de\/gsmartfeld\/files\/2020\/07\/kein-Bild-234x300.jpg\" alt=\"\" width=\"206\" height=\"264\" srcset=\"https:\/\/wordpress.nibis.de\/gsmartfeld\/files\/2020\/07\/kein-Bild-234x300.jpg 234w, https:\/\/wordpress.nibis.de\/gsmartfeld\/files\/2020\/07\/kein-Bild.jpg 399w\" sizes=\"auto, (max-width: 206px) 100vw, 206px\" \/><br \/><em>Frau Beinker (Klasse 3b)<\/em><\/p>\n<div id=\"attachment_1385\" style=\"width: 222px\" class=\"wp-caption alignnone\"><img loading=\"lazy\" decoding=\"async\" aria-describedby=\"caption-attachment-1385\" class=\"wp-image-1385 size-medium\" src=\"https:\/\/wordpress.nibis.de\/gsmartfeld\/files\/2023\/08\/Lena-Ilsemann-212x300.jpg\" alt=\"\" width=\"212\" height=\"300\" srcset=\"https:\/\/wordpress.nibis.de\/gsmartfeld\/files\/2023\/08\/Lena-Ilsemann-212x300.jpg 212w, https:\/\/wordpress.nibis.de\/gsmartfeld\/files\/2023\/08\/Lena-Ilsemann-724x1024.jpg 724w, https:\/\/wordpress.nibis.de\/gsmartfeld\/files\/2023\/08\/Lena-Ilsemann-768x1086.jpg 768w, https:\/\/wordpress.nibis.de\/gsmartfeld\/files\/2023\/08\/Lena-Ilsemann-1087x1536.jpg 1087w, https:\/\/wordpress.nibis.de\/gsmartfeld\/files\/2023\/08\/Lena-Ilsemann-1449x2048.jpg 1449w, https:\/\/wordpress.nibis.de\/gsmartfeld\/files\/2023\/08\/Lena-Ilsemann-624x882.jpg 624w, https:\/\/wordpress.nibis.de\/gsmartfeld\/files\/2023\/08\/Lena-Ilsemann.jpg 1654w\" sizes=\"auto, (max-width: 212px) 100vw, 212px\" \/><p id=\"caption-attachment-1385\" class=\"wp-caption-text\">Frau Loewink (Klasse 4a)<\/p><\/div>\n<h4><span style=\"color: #800080;background-color: #ffffff\">\u00a0 \u00a0 \u00a0 \u00a0 \u00a0 \u00a0 \u00a0 \u00a0 \u00a0 \u00a0 \u00a0 \u00a0 \u00a0 \u00a0 \u00a0 \u00a0 \u00a0 \u00a0 \u00a0 \u00a0 \u00a0 \u00a0 \u00a0 \u00a0 \u00a0 \u00a0 \u00a0 \u00a0 \u00a0 \u00a0 \u00a0 \u00a0 \u00a0 \u00a0 \u00a0 \u00a0\u00a0<\/span><\/h4>\n<p><span style=\"color: #800080;font-size: 14px;font-weight: 600;text-align: center\">\u00a0 \u00a0 \u00a0 \u00a0 \u00a0 \u00a0 \u00a0 \u00a0 \u00a0 \u00a0 \u00a0 \u00a0 \u00a0 \u00a0 \u00a0 \u00a0 \u00a0 \u00a0 \u00a0 \u00a0 \u00a0 \u00a0 \u00a0 \u00a0 \u00a0 \u00a0 \u00a0 \u00a0 \u00a0 \u00a0 \u00a0 \u00a0 \u00a0 \u00a0 \u00a0 \u00a0<\/span><\/p>\n<h2 style=\"text-align: center\"><span style=\"color: #800080;background-color: #ffffff\"><strong>Fachlehrer*innen<\/strong><\/span><\/h2>\n<div id=\"attachment_134\" style=\"width: 228px\" class=\"wp-caption alignnone\"><img loading=\"lazy\" decoding=\"async\" aria-describedby=\"caption-attachment-134\" class=\"wp-image-134 size-medium\" src=\"https:\/\/wordpress.nibis.de\/gsmartfeld\/files\/2020\/07\/Ines-Akinyemi--218x300.jpg\" alt=\"\" width=\"218\" height=\"300\" srcset=\"https:\/\/wordpress.nibis.de\/gsmartfeld\/files\/2020\/07\/Ines-Akinyemi--218x300.jpg 218w, https:\/\/wordpress.nibis.de\/gsmartfeld\/files\/2020\/07\/Ines-Akinyemi-.jpg 744w, https:\/\/wordpress.nibis.de\/gsmartfeld\/files\/2020\/07\/Ines-Akinyemi--624x859.jpg 624w\" sizes=\"auto, (max-width: 218px) 100vw, 218px\" \/><p id=\"caption-attachment-134\" class=\"wp-caption-text\">Frau Akinyemi (in Elternzeit)<\/p><\/div>\n<p>\u00a0<\/p>\n<div id=\"attachment_133\" style=\"width: 228px\" class=\"wp-caption alignnone\"><img loading=\"lazy\" decoding=\"async\" aria-describedby=\"caption-attachment-133\" class=\"wp-image-133 size-medium\" src=\"https:\/\/wordpress.nibis.de\/gsmartfeld\/files\/2020\/07\/wiebke-loch--218x300.jpg\" alt=\"\" width=\"218\" height=\"300\" srcset=\"https:\/\/wordpress.nibis.de\/gsmartfeld\/files\/2020\/07\/wiebke-loch--218x300.jpg 218w, https:\/\/wordpress.nibis.de\/gsmartfeld\/files\/2020\/07\/wiebke-loch-.jpg 744w, https:\/\/wordpress.nibis.de\/gsmartfeld\/files\/2020\/07\/wiebke-loch--624x859.jpg 624w\" sizes=\"auto, (max-width: 218px) 100vw, 218px\" \/><p id=\"caption-attachment-133\" class=\"wp-caption-text\">Frau Loch (in Elternzeit)<\/p><\/div>\n<p>\u00a0<\/p>\n<div id=\"attachment_882\" style=\"width: 226px\" class=\"wp-caption alignnone\"><img loading=\"lazy\" decoding=\"async\" aria-describedby=\"caption-attachment-882\" class=\"wp-image-882\" src=\"https:\/\/wordpress.nibis.de\/gsmartfeld\/files\/2021\/09\/Frau-Kochan-300x281.jpg\" alt=\"\" width=\"216\" height=\"202\" srcset=\"https:\/\/wordpress.nibis.de\/gsmartfeld\/files\/2021\/09\/Frau-Kochan-300x281.jpg 300w, https:\/\/wordpress.nibis.de\/gsmartfeld\/files\/2021\/09\/Frau-Kochan-1024x959.jpg 1024w, https:\/\/wordpress.nibis.de\/gsmartfeld\/files\/2021\/09\/Frau-Kochan-768x720.jpg 768w, https:\/\/wordpress.nibis.de\/gsmartfeld\/files\/2021\/09\/Frau-Kochan-624x585.jpg 624w, https:\/\/wordpress.nibis.de\/gsmartfeld\/files\/2021\/09\/Frau-Kochan.jpg 1110w\" sizes=\"auto, (max-width: 216px) 100vw, 216px\" \/><p id=\"caption-attachment-882\" class=\"wp-caption-text\">Frau Bolte (in Elternzeit)<\/p><\/div>\n<p>\u00a0<\/p>\n<div id=\"attachment_1015\" style=\"width: 226px\" class=\"wp-caption alignnone\"><img loading=\"lazy\" decoding=\"async\" aria-describedby=\"caption-attachment-1015\" class=\"wp-image-1015\" src=\"https:\/\/wordpress.nibis.de\/gsmartfeld\/files\/2022\/02\/Kim-Riehl-296x300.jpg\" alt=\"\" width=\"216\" height=\"219\" srcset=\"https:\/\/wordpress.nibis.de\/gsmartfeld\/files\/2022\/02\/Kim-Riehl-296x300.jpg 296w, https:\/\/wordpress.nibis.de\/gsmartfeld\/files\/2022\/02\/Kim-Riehl-1011x1024.jpg 1011w, https:\/\/wordpress.nibis.de\/gsmartfeld\/files\/2022\/02\/Kim-Riehl-768x778.jpg 768w, https:\/\/wordpress.nibis.de\/gsmartfeld\/files\/2022\/02\/Kim-Riehl-1516x1536.jpg 1516w, https:\/\/wordpress.nibis.de\/gsmartfeld\/files\/2022\/02\/Kim-Riehl-624x632.jpg 624w, https:\/\/wordpress.nibis.de\/gsmartfeld\/files\/2022\/02\/Kim-Riehl.jpg 1700w\" sizes=\"auto, (max-width: 216px) 100vw, 216px\" \/><p id=\"caption-attachment-1015\" class=\"wp-caption-text\">Frau Riehl (in Elternzeit)<\/p><\/div>\n<p>\u00a0<\/p>\n<div id=\"attachment_1522\" style=\"width: 228px\" class=\"wp-caption alignnone\"><img loading=\"lazy\" decoding=\"async\" aria-describedby=\"caption-attachment-1522\" class=\"wp-image-1522 size-medium\" src=\"https:\/\/wordpress.nibis.de\/gsmartfeld\/files\/2025\/03\/Scan_0001-218x300.jpg\" alt=\"\" width=\"218\" height=\"300\" srcset=\"https:\/\/wordpress.nibis.de\/gsmartfeld\/files\/2025\/03\/Scan_0001-218x300.jpg 218w, https:\/\/wordpress.nibis.de\/gsmartfeld\/files\/2025\/03\/Scan_0001-624x860.jpg 624w, https:\/\/wordpress.nibis.de\/gsmartfeld\/files\/2025\/03\/Scan_0001.jpg 689w\" sizes=\"auto, (max-width: 218px) 100vw, 218px\" \/><p id=\"caption-attachment-1522\" class=\"wp-caption-text\">Frau Tietze (Lehramtsanw\u00e4rterin)<\/p><\/div>\n<p>\u00a0<\/p>\n<div id=\"attachment_1535\" style=\"width: 218px\" class=\"wp-caption alignnone\"><img loading=\"lazy\" decoding=\"async\" aria-describedby=\"caption-attachment-1535\" class=\"wp-image-1535 \" src=\"https:\/\/wordpress.nibis.de\/gsmartfeld\/files\/2025\/03\/Scan_0001-3-e1743148636131-245x300.jpg\" alt=\"\" width=\"208\" height=\"255\" srcset=\"https:\/\/wordpress.nibis.de\/gsmartfeld\/files\/2025\/03\/Scan_0001-3-e1743148636131-245x300.jpg 245w, https:\/\/wordpress.nibis.de\/gsmartfeld\/files\/2025\/03\/Scan_0001-3-e1743148636131-836x1024.jpg 836w, https:\/\/wordpress.nibis.de\/gsmartfeld\/files\/2025\/03\/Scan_0001-3-e1743148636131-768x940.jpg 768w, https:\/\/wordpress.nibis.de\/gsmartfeld\/files\/2025\/03\/Scan_0001-3-e1743148636131-624x764.jpg 624w, https:\/\/wordpress.nibis.de\/gsmartfeld\/files\/2025\/03\/Scan_0001-3-e1743148636131.jpg 994w\" sizes=\"auto, (max-width: 208px) 100vw, 208px\" \/><p id=\"caption-attachment-1535\" class=\"wp-caption-text\">Frau Werner<\/p><\/div>\n<p>\u00a0<\/p>\n<div id=\"attachment_1387\" style=\"width: 222px\" class=\"wp-caption alignnone\"><img loading=\"lazy\" decoding=\"async\" aria-describedby=\"caption-attachment-1387\" class=\"wp-image-1387 size-medium\" src=\"https:\/\/wordpress.nibis.de\/gsmartfeld\/files\/2023\/08\/Katharina-Weissenborn-212x300.jpg\" alt=\"\" width=\"212\" height=\"300\" srcset=\"https:\/\/wordpress.nibis.de\/gsmartfeld\/files\/2023\/08\/Katharina-Weissenborn-212x300.jpg 212w, https:\/\/wordpress.nibis.de\/gsmartfeld\/files\/2023\/08\/Katharina-Weissenborn-724x1024.jpg 724w, https:\/\/wordpress.nibis.de\/gsmartfeld\/files\/2023\/08\/Katharina-Weissenborn-768x1086.jpg 768w, https:\/\/wordpress.nibis.de\/gsmartfeld\/files\/2023\/08\/Katharina-Weissenborn-1087x1536.jpg 1087w, https:\/\/wordpress.nibis.de\/gsmartfeld\/files\/2023\/08\/Katharina-Weissenborn-1449x2048.jpg 1449w, https:\/\/wordpress.nibis.de\/gsmartfeld\/files\/2023\/08\/Katharina-Weissenborn-624x882.jpg 624w, https:\/\/wordpress.nibis.de\/gsmartfeld\/files\/2023\/08\/Katharina-Weissenborn.jpg 1654w\" sizes=\"auto, (max-width: 212px) 100vw, 212px\" \/><p id=\"caption-attachment-1387\" class=\"wp-caption-text\">Frau Wei\u00dfenborn (in Elternzeit)<\/p><\/div>\n<p>\u00a0<\/p>\n<div id=\"attachment_157\" style=\"width: 244px\" class=\"wp-caption alignnone\"><img loading=\"lazy\" decoding=\"async\" aria-describedby=\"caption-attachment-157\" class=\"wp-image-157 size-medium\" src=\"https:\/\/wordpress.nibis.de\/gsmartfeld\/files\/2020\/07\/kein-Bild-234x300.jpg\" alt=\"\" width=\"234\" height=\"300\" srcset=\"https:\/\/wordpress.nibis.de\/gsmartfeld\/files\/2020\/07\/kein-Bild-234x300.jpg 234w, https:\/\/wordpress.nibis.de\/gsmartfeld\/files\/2020\/07\/kein-Bild.jpg 399w\" sizes=\"auto, (max-width: 234px) 100vw, 234px\" \/><p id=\"caption-attachment-157\" class=\"wp-caption-text\">Herr Rei\u00df (F\u00f6rderschullehrer)<\/p><\/div>\n<h4><span style=\"color: #800080\"><strong>\u00a0 \u00a0 \u00a0 \u00a0 \u00a0 \u00a0 \u00a0 \u00a0 \u00a0 \u00a0 \u00a0 \u00a0 \u00a0 \u00a0 \u00a0 \u00a0 \u00a0 \u00a0<\/strong><\/span><span style=\"color: #800080\"><strong>\u00a0 \u00a0 \u00a0 \u00a0 \u00a0 \u00a0 \u00a0 \u00a0 \u00a0 \u00a0 \u00a0 \u00a0 \u00a0 \u00a0 \u00a0 \u00a0 \u00a0 \u00a0 \u00a0 \u00a0 \u00a0 \u00a0 \u00a0 \u00a0 \u00a0<\/strong><\/span><\/h4>\n<h3>\u00a0<\/h3>\n<h2 style=\"text-align: center\"><span style=\"color: #800080\">P\u00e4dagogische Mitarbeiterinnen<\/span><\/h2>\n<div id=\"attachment_125\" style=\"width: 189px\" class=\"wp-caption alignnone\"><img loading=\"lazy\" decoding=\"async\" aria-describedby=\"caption-attachment-125\" class=\"wp-image-125\" src=\"https:\/\/wordpress.nibis.de\/gsmartfeld\/files\/2020\/07\/Frau-Sandner--218x300.jpg\" alt=\"\" width=\"179\" height=\"246\" srcset=\"https:\/\/wordpress.nibis.de\/gsmartfeld\/files\/2020\/07\/Frau-Sandner--218x300.jpg 218w, https:\/\/wordpress.nibis.de\/gsmartfeld\/files\/2020\/07\/Frau-Sandner-.jpg 745w, https:\/\/wordpress.nibis.de\/gsmartfeld\/files\/2020\/07\/Frau-Sandner--624x858.jpg 624w\" sizes=\"auto, (max-width: 179px) 100vw, 179px\" \/><p id=\"caption-attachment-125\" class=\"wp-caption-text\">Frau Sandner (Ganztag)<\/p><\/div>\n<h4><span style=\"color: #800080\">\u00a0\u00a0<\/span><\/h4>\n<div id=\"attachment_126\" style=\"width: 201px\" class=\"wp-caption alignnone\"><img loading=\"lazy\" decoding=\"async\" aria-describedby=\"caption-attachment-126\" class=\"wp-image-126\" src=\"https:\/\/wordpress.nibis.de\/gsmartfeld\/files\/2020\/07\/Karin-Soller-218x300.jpg\" alt=\"\" width=\"191\" height=\"263\" srcset=\"https:\/\/wordpress.nibis.de\/gsmartfeld\/files\/2020\/07\/Karin-Soller-218x300.jpg 218w, https:\/\/wordpress.nibis.de\/gsmartfeld\/files\/2020\/07\/Karin-Soller.jpg 744w, https:\/\/wordpress.nibis.de\/gsmartfeld\/files\/2020\/07\/Karin-Soller-624x859.jpg 624w\" sizes=\"auto, (max-width: 191px) 100vw, 191px\" \/><p id=\"caption-attachment-126\" class=\"wp-caption-text\">Frau Soller (Ganztag\/Betreuung)<\/p><\/div>\n<p>\u00a0<\/p>\n<div id=\"attachment_1537\" style=\"width: 200px\" class=\"wp-caption alignnone\"><img loading=\"lazy\" decoding=\"async\" aria-describedby=\"caption-attachment-1537\" class=\"wp-image-1537 \" src=\"https:\/\/wordpress.nibis.de\/gsmartfeld\/files\/2025\/03\/Scan_0002-228x300.jpg\" alt=\"\" width=\"190\" height=\"250\" srcset=\"https:\/\/wordpress.nibis.de\/gsmartfeld\/files\/2025\/03\/Scan_0002-228x300.jpg 228w, https:\/\/wordpress.nibis.de\/gsmartfeld\/files\/2025\/03\/Scan_0002-779x1024.jpg 779w, https:\/\/wordpress.nibis.de\/gsmartfeld\/files\/2025\/03\/Scan_0002-768x1009.jpg 768w, https:\/\/wordpress.nibis.de\/gsmartfeld\/files\/2025\/03\/Scan_0002-624x820.jpg 624w, https:\/\/wordpress.nibis.de\/gsmartfeld\/files\/2025\/03\/Scan_0002.jpg 986w\" sizes=\"auto, (max-width: 190px) 100vw, 190px\" \/><p id=\"caption-attachment-1537\" class=\"wp-caption-text\">Frau Felstehausen (Ganztag\/Betreuung)<\/p><\/div>\n<p>\u00a0<\/p>\n<div id=\"attachment_129\" style=\"width: 204px\" class=\"wp-caption alignnone\"><img loading=\"lazy\" decoding=\"async\" aria-describedby=\"caption-attachment-129\" class=\"wp-image-129 \" src=\"https:\/\/wordpress.nibis.de\/gsmartfeld\/files\/2020\/07\/Martina-H\u00fcttemann-218x300.jpg\" alt=\"\" width=\"194\" height=\"267\" srcset=\"https:\/\/wordpress.nibis.de\/gsmartfeld\/files\/2020\/07\/Martina-H\u00fcttemann-218x300.jpg 218w, https:\/\/wordpress.nibis.de\/gsmartfeld\/files\/2020\/07\/Martina-H\u00fcttemann.jpg 744w, https:\/\/wordpress.nibis.de\/gsmartfeld\/files\/2020\/07\/Martina-H\u00fcttemann-624x859.jpg 624w\" sizes=\"auto, (max-width: 194px) 100vw, 194px\" \/><p id=\"caption-attachment-129\" class=\"wp-caption-text\">Frau H\u00fcttemann (Fr\u00fchbetreuung)<\/p><\/div>\n<h4><span style=\"font-size: inherit\">\u00a0 \u00a0 \u00a0 \u00a0 \u00a0 \u00a0 \u00a0 \u00a0 \u00a0 \u00a0 \u00a0 \u00a0 \u00a0 \u00a0 \u00a0 \u00a0 \u00a0 \u00a0 \u00a0 \u00a0 \u00a0 \u00a0 \u00a0 \u00a0 \u00a0 \u00a0\u00a0<\/span><\/h4>\n<h4><span style=\"color: #800080\">\u00a0 \u00a0 \u00a0 \u00a0 \u00a0 \u00a0 \u00a0 \u00a0 \u00a0 \u00a0 \u00a0 \u00a0 \u00a0 \u00a0 \u00a0 \u00a0 \u00a0 \u00a0 \u00a0 \u00a0 \u00a0 \u00a0 \u00a0 \u00a0 \u00a0 \u00a0 \u00a0 \u00a0 \u00a0 \u00a0 \u00a0 \u00a0 \u00a0 \u00a0 \u00a0 \u00a0 \u00a0 \u00a0 \u00a0 \u00a0 \u00a0 \u00a0 \u00a0 \u00a0 \u00a0 \u00a0 \u00a0 \u00a0 \u00a0 \u00a0 \u00a0 \u00a0 \u00a0\u00a0<\/span><\/h4>\n<h3 style=\"text-align: center\"><span style=\"background-color: #ffffff;color: #800080\">Au\u00dferdem arbeiten an unserer Schule:<\/span><\/h3>\n<div id=\"attachment_1395\" style=\"width: 222px\" class=\"wp-caption alignnone\"><img loading=\"lazy\" decoding=\"async\" aria-describedby=\"caption-attachment-1395\" class=\"wp-image-1395 size-medium\" src=\"https:\/\/wordpress.nibis.de\/gsmartfeld\/files\/2023\/08\/Sabrina-Kaulicke-Lange-212x300.jpg\" alt=\"\" width=\"212\" height=\"300\" srcset=\"https:\/\/wordpress.nibis.de\/gsmartfeld\/files\/2023\/08\/Sabrina-Kaulicke-Lange-212x300.jpg 212w, https:\/\/wordpress.nibis.de\/gsmartfeld\/files\/2023\/08\/Sabrina-Kaulicke-Lange-724x1024.jpg 724w, https:\/\/wordpress.nibis.de\/gsmartfeld\/files\/2023\/08\/Sabrina-Kaulicke-Lange-768x1086.jpg 768w, https:\/\/wordpress.nibis.de\/gsmartfeld\/files\/2023\/08\/Sabrina-Kaulicke-Lange-1087x1536.jpg 1087w, https:\/\/wordpress.nibis.de\/gsmartfeld\/files\/2023\/08\/Sabrina-Kaulicke-Lange-1449x2048.jpg 1449w, https:\/\/wordpress.nibis.de\/gsmartfeld\/files\/2023\/08\/Sabrina-Kaulicke-Lange-624x882.jpg 624w, https:\/\/wordpress.nibis.de\/gsmartfeld\/files\/2023\/08\/Sabrina-Kaulicke-Lange.jpg 1654w\" sizes=\"auto, (max-width: 212px) 100vw, 212px\" \/><p id=\"caption-attachment-1395\" class=\"wp-caption-text\">Frau Kaulicke-Lange (Sekretariat und B\u00fccherei)<\/p><\/div>\n<p>\u00a0<\/p>\n<div id=\"attachment_258\" style=\"width: 235px\" class=\"wp-caption alignnone\"><img loading=\"lazy\" decoding=\"async\" aria-describedby=\"caption-attachment-258\" class=\"wp-image-258 size-medium\" src=\"https:\/\/wordpress.nibis.de\/gsmartfeld\/files\/2020\/08\/Gerd-225x300.jpg\" alt=\"\" width=\"225\" height=\"300\" srcset=\"https:\/\/wordpress.nibis.de\/gsmartfeld\/files\/2020\/08\/Gerd-225x300.jpg 225w, https:\/\/wordpress.nibis.de\/gsmartfeld\/files\/2020\/08\/Gerd.jpg 768w, https:\/\/wordpress.nibis.de\/gsmartfeld\/files\/2020\/08\/Gerd-624x832.jpg 624w\" sizes=\"auto, (max-width: 225px) 100vw, 225px\" \/><p id=\"caption-attachment-258\" class=\"wp-caption-text\">Hausmeister: Herr Engelmann<\/p><\/div>\n<h4 style=\"text-align: center\">\u00a0<\/h4>","protected":false},"excerpt":{"rendered":"<p>Unser Team besteht derzeit aus 13 Lehrkr\u00e4ften, davon ist eine Lehrkraft im Vorbereitungsdienst und f\u00fcnf Lehrkr\u00e4fte in Elternzeit. Au\u00dferdem werden wir mit 5 Stunden in der Woche von einem F\u00f6rderschullehrer unterst\u00fctzt. Wir haben vier p\u00e4dagogische Mitarbeiterinnen, die im Ganztag, der Betreuung und der Fr\u00fchbetreuung arbeiten. Au\u00dferdem haben wir eine Sekret\u00e4rin und einen Hausmeister. \u00a0 Das [&hellip;]<\/p>\n","protected":false},"author":9193548,"featured_media":0,"parent":0,"menu_order":2,"comment_status":"closed","ping_status":"closed","template":"","meta":{"footnotes":""},"class_list":["post-40","page","type-page","status-publish","hentry"],"_links":{"self":[{"href":"https:\/\/wordpress.nibis.de\/gsmartfeld\/wp-json\/wp\/v2\/pages\/40","targetHints":{"allow":["GET"]}}],"collection":[{"href":"https:\/\/wordpress.nibis.de\/gsmartfeld\/wp-json\/wp\/v2\/pages"}],"about":[{"href":"https:\/\/wordpress.nibis.de\/gsmartfeld\/wp-json\/wp\/v2\/types\/page"}],"author":[{"embeddable":true,"href":"https:\/\/wordpress.nibis.de\/gsmartfeld\/wp-json\/wp\/v2\/users\/9193548"}],"replies":[{"embeddable":true,"href":"https:\/\/wordpress.nibis.de\/gsmartfeld\/wp-json\/wp\/v2\/comments?post=40"}],"version-history":[{"count":104,"href":"https:\/\/wordpress.nibis.de\/gsmartfeld\/wp-json\/wp\/v2\/pages\/40\/revisions"}],"predecessor-version":[{"id":1664,"href":"https:\/\/wordpress.nibis.de\/gsmartfeld\/wp-json\/wp\/v2\/pages\/40\/revisions\/1664"}],"wp:attachment":[{"href":"https:\/\/wordpress.nibis.de\/gsmartfeld\/wp-json\/wp\/v2\/media?parent=40"}],"curies":[{"name":"wp","href":"https:\/\/api.w.org\/{rel}","templated":true}]}}