{"id":47,"date":"2020-07-26T17:13:25","date_gmt":"2020-07-26T15:13:25","guid":{"rendered":"https:\/\/wordpress.nibis.de\/gsmartfeld\/?page_id=47"},"modified":"2026-03-05T13:54:01","modified_gmt":"2026-03-05T12:54:01","slug":"schulleben-2","status":"publish","type":"page","link":"https:\/\/wordpress.nibis.de\/gsmartfeld\/schulleben-2\/","title":{"rendered":"Schulleben"},"content":{"rendered":"\n<p>An der Grundschule Martfeld gestalten wir das Schuljahr mit zahlreichen festen Aktionen, die unser Schulleben bereichern und den Kindern unvergessliche Erfahrungen erm\u00f6glichen. Diese wiederkehrenden Ereignisse f\u00f6rdern nicht nur Gemeinschaft und Kreativit\u00e4t sondern st\u00e4rken auch das Miteinander in unserer Schulgemeinschaft.<\/p>\n<ul>\n<li>Erntefest<\/li>\n<li>Pfadfinder f\u00fcr Klasse 2 und 3<\/li>\n<li>Schnuppermobil Tischtennis f\u00fcr Klasse 3 und 4<\/li>\n<li>Fotograf*in<\/li>\n<li>Zahnfee<\/li>\n<li>Gesundheitstage<\/li>\n<li>Autorenlesung<\/li>\n<li>Kochen mit den Landfrauen f\u00fcr Klasse 3 und 4<\/li>\n<li>bundesweiter Vorlesetag<\/li>\n<li>Kindersprechtage<\/li>\n<li>Weihnachtsbasteln mit anschlie\u00dfendem Weihnachtsbasar<\/li>\n<li>Weihnachtstheater<\/li>\n<li>Fasching<\/li>\n<li>Mini-K\u00e4nguru-Wettbewerb f\u00fcr Klasse 1\u00a0 und 2<\/li>\n<li>K\u00e4nguru-Wettbewerb f\u00fcr Klasse 3 und 4<\/li>\n<li>Vorlesewettbewerb f\u00fcr Klasse 3 und 4<\/li>\n<li>Verkehrserziehungswoche<\/li>\n<li>Spendenlauf\/Sportfest<\/li>\n<li>Wandertag<\/li>\n<li>M\u00fcllsammeltag<\/li>\n<li>Lebensmittelretter<\/li>\n<li>Handballaktionstag<\/li>\n<li>Projektwoche z.B. Tanzwoche, Zirkus, Mosaik, Trommelzauber, Insekten, &#8230;<\/li>\n<li>Klassenfahrten<\/li>\n<li>Schulobst<\/li>\n<li>Musik macht Schule f\u00fcr Klasse 1<\/li>\n<li>B\u00fccherei<\/li>\n<li>Lernpiloten<\/li>\n<\/ul>\n\n\n\n<p><\/p>\n","protected":false},"excerpt":{"rendered":"<p>An der Grundschule Martfeld gestalten wir das Schuljahr mit zahlreichen festen Aktionen, die unser Schulleben bereichern und den Kindern unvergessliche Erfahrungen erm\u00f6glichen. Diese wiederkehrenden Ereignisse f\u00f6rdern nicht nur Gemeinschaft und Kreativit\u00e4t sondern st\u00e4rken auch das Miteinander in unserer Schulgemeinschaft. Erntefest Pfadfinder f\u00fcr Klasse 2 und 3 Schnuppermobil Tischtennis f\u00fcr Klasse 3 und 4 Fotograf*in Zahnfee [&hellip;]<\/p>\n","protected":false},"author":9193548,"featured_media":0,"parent":0,"menu_order":0,"comment_status":"closed","ping_status":"closed","template":"","meta":{"footnotes":""},"class_list":["post-47","page","type-page","status-publish","hentry"],"_links":{"self":[{"href":"https:\/\/wordpress.nibis.de\/gsmartfeld\/wp-json\/wp\/v2\/pages\/47","targetHints":{"allow":["GET"]}}],"collection":[{"href":"https:\/\/wordpress.nibis.de\/gsmartfeld\/wp-json\/wp\/v2\/pages"}],"about":[{"href":"https:\/\/wordpress.nibis.de\/gsmartfeld\/wp-json\/wp\/v2\/types\/page"}],"author":[{"embeddable":true,"href":"https:\/\/wordpress.nibis.de\/gsmartfeld\/wp-json\/wp\/v2\/users\/9193548"}],"replies":[{"embeddable":true,"href":"https:\/\/wordpress.nibis.de\/gsmartfeld\/wp-json\/wp\/v2\/comments?post=47"}],"version-history":[{"count":42,"href":"https:\/\/wordpress.nibis.de\/gsmartfeld\/wp-json\/wp\/v2\/pages\/47\/revisions"}],"predecessor-version":[{"id":1655,"href":"https:\/\/wordpress.nibis.de\/gsmartfeld\/wp-json\/wp\/v2\/pages\/47\/revisions\/1655"}],"wp:attachment":[{"href":"https:\/\/wordpress.nibis.de\/gsmartfeld\/wp-json\/wp\/v2\/media?parent=47"}],"curies":[{"name":"wp","href":"https:\/\/api.w.org\/{rel}","templated":true}]}}