{"id":49,"date":"2020-07-26T17:13:54","date_gmt":"2020-07-26T15:13:54","guid":{"rendered":"https:\/\/wordpress.nibis.de\/gsmartfeld\/?page_id=49"},"modified":"2026-04-08T09:37:36","modified_gmt":"2026-04-08T07:37:36","slug":"betreuung-und-ganztag","status":"publish","type":"page","link":"https:\/\/wordpress.nibis.de\/gsmartfeld\/betreuung-und-ganztag\/","title":{"rendered":"Betreuung und Ganztag"},"content":{"rendered":"<p><span style=\"text-decoration: underline\">Fr\u00fchbetreuung\u00a0<\/span><\/p>\n<h3><span style=\"color: #333333\">Sie haben die M\u00f6glichkeit Ihr Kind in der Fr\u00fchbetreuung anzumelden. Diese wird von unserer p\u00e4dagogischen Mitarbeiterin Frau H\u00fcttemann geleitet. Die Fr\u00fchbetreuung findet von 7.35- 8.00 Uhr t\u00e4glich statt.<\/span><\/h3>\n<h2><u>Betreuung<\/u><\/h2>\n<h3>Die Betreuung wird von Frau Soller geleitet und findet in der 5. Stunde im Anschluss an den Unterricht f\u00fcr Klasse 1 und 2 statt. Die Betreuung ist frei w\u00e4hlbar.\u00a0 W\u00e4hrend dieser Stunde spielen die Kinder miteinander Brettspiele, Lego, malen Mandalas oder sind auf dem Schulhof. <img loading=\"lazy\" decoding=\"async\" class=\" wp-image-203 alignright\" src=\"https:\/\/wordpress.nibis.de\/gsmartfeld\/files\/2020\/07\/khadfield_LittleSchool_crayons-223x300.png\" alt=\"\" width=\"99\" height=\"133\" srcset=\"https:\/\/wordpress.nibis.de\/gsmartfeld\/files\/2020\/07\/khadfield_LittleSchool_crayons-223x300.png 223w, https:\/\/wordpress.nibis.de\/gsmartfeld\/files\/2020\/07\/khadfield_LittleSchool_crayons.png 762w, https:\/\/wordpress.nibis.de\/gsmartfeld\/files\/2020\/07\/khadfield_LittleSchool_crayons-624x839.png 624w\" sizes=\"auto, (max-width: 99px) 100vw, 99px\" \/><\/h3>\n<h2><span style=\"text-decoration: underline\">Ganztag<\/span><\/h2>\n<h3 style=\"text-align: left\">Die Grundschule Martfeld bietet eine Ganztagsbetreuung an. Diese wird von Britta Sandner, Esther Felstehausen und Karin Soller betreut. Unser Ganztag startet um 12:35 Uhr mit einem gemeinsamen Mittagessen. Im Anschluss findet die Hausaufgabenbetreuung statt. Hierbei sorgen wir f\u00fcr eine ruhige Arbeitsatmosph\u00e4re, damit alle Kinder konzentriert arbeiten k\u00f6nnen. Danach beginnt unser w\u00f6chentlich wechselndes AG-Angebot. Neben einem Kreativ-und Sportangebot bieten wir ein Freispiel an. Hier haben die Kinder die M\u00f6glichkeit, ihre Fantasien und Vorlieben auszuleben. Beliebt ist auch immer unser Koch-und Backangebot.<\/h3>\n<h3>Zwischen den einzelnen Bl\u00f6cken finden kurze Pausen statt. Unser Ganztag endet um 15:45 Uhr.<\/h3>\n<h3>Wir freuen uns, Ihr Kind ein St\u00fcck auf seinem Lebensweg begleiten zu d\u00fcrfen.\u00a0<\/h3>\n<h2 style=\"text-align: center\"><span style=\"text-decoration: underline\"><strong><span style=\"color: #000000;text-decoration: underline\"><span style=\"color: #333333;text-decoration: underline\">Anmeldeb\u00f6gen f\u00fcr die Schuljahre 2024\/25 und 2025\/26<\/span><\/span><\/strong><\/span><\/h2>\n<p><strong>Fr\u00fchbetreuung:<\/strong><\/p>\n<p style=\"text-align: left\"><strong><span style=\"color: #000000\"><a href=\"https:\/\/wordpress.nibis.de\/gsmartfeld\/files\/2025\/03\/Fru\u0308hbetreuung_Anmeldung.pdf\">Fru\u0308hbetreuung_Anmeldung<\/a><\/span><\/strong><\/p>\n<h3>\u00a0<\/h3>\n<h3><strong>Betreuung:<\/strong><\/h3>\n<h3><strong><a href=\"https:\/\/wordpress.nibis.de\/gsmartfeld\/files\/2025\/03\/Anmeldung_Betreuung_Kl.1_2025.pdf\">Anmeldung_Betreuung_Kl.1_2025<\/a><\/strong><\/h3>\n<h3><strong><a href=\"https:\/\/wordpress.nibis.de\/gsmartfeld\/files\/2025\/03\/Anmeldung_Betreuung_Kl.2_2025.pdf\">Anmeldung_Betreuung_Kl.2_2025<\/a><\/strong><\/h3>\n<h3>\u00a0<\/h3>\n<h3><strong>Ganztag:<\/strong><\/h3>\n<h3><a href=\"https:\/\/wordpress.nibis.de\/gsmartfeld\/files\/2026\/04\/NEU2.0_Informationen-zum-Ganztag.pdf\">Informationen_Ganztag_2026<\/a><\/h3>\n<h3 style=\"text-align: left\"><a href=\"https:\/\/wordpress.nibis.de\/gsmartfeld\/files\/2025\/03\/Anmeldung_GT_2025.pdf\">Anmeldung_Ganztag_2025<\/a><\/h3>\n<h3 style=\"text-align: left\"><a href=\"https:\/\/wordpress.nibis.de\/gsmartfeld\/files\/2025\/03\/SEPA_Mittagessen.pdf\">SEPA_Lastschriftmandat_Mittagessen<\/a><\/h3>\n<h2 style=\"text-align: center\">\u00a0<\/h2>\n<h3 style=\"text-align: left\"><span style=\"text-decoration: underline\"><span style=\"color: #000000;text-decoration: underline\"><span style=\"color: #333333;text-decoration: underline\"><a href=\"https:\/\/wordpress.nibis.de\/gsmartfeld\/files\/2025\/03\/Abmeldung_Ganztag_2025.pdf\">Abmeldung_Ganztag_2025<\/a> <\/span><\/span><\/span><\/h3>\n<h3 style=\"text-align: left\"><span style=\"text-decoration: underline\"><span style=\"color: #000000;text-decoration: underline\"><span style=\"color: #333333;text-decoration: underline\"><a href=\"https:\/\/wordpress.nibis.de\/gsmartfeld\/files\/2025\/03\/Ummeldung_GT_2025.pdf\">Ummeldung_Ganztag_2025<\/a><\/span><\/span><\/span><\/h3>\n<p style=\"text-align: left\">\u00a0<\/p>\n\n\n<p><\/p>\n","protected":false},"excerpt":{"rendered":"<p>Fr\u00fchbetreuung\u00a0 Sie haben die M\u00f6glichkeit Ihr Kind in der Fr\u00fchbetreuung anzumelden. Diese wird von unserer p\u00e4dagogischen Mitarbeiterin Frau H\u00fcttemann geleitet. Die Fr\u00fchbetreuung findet von 7.35- 8.00 Uhr t\u00e4glich statt. Betreuung Die Betreuung wird von Frau Soller geleitet und findet in der 5. Stunde im Anschluss an den Unterricht f\u00fcr Klasse 1 und 2 statt. Die [&hellip;]<\/p>\n","protected":false},"author":9193548,"featured_media":0,"parent":0,"menu_order":0,"comment_status":"closed","ping_status":"closed","template":"","meta":{"footnotes":""},"class_list":["post-49","page","type-page","status-publish","hentry"],"_links":{"self":[{"href":"https:\/\/wordpress.nibis.de\/gsmartfeld\/wp-json\/wp\/v2\/pages\/49","targetHints":{"allow":["GET"]}}],"collection":[{"href":"https:\/\/wordpress.nibis.de\/gsmartfeld\/wp-json\/wp\/v2\/pages"}],"about":[{"href":"https:\/\/wordpress.nibis.de\/gsmartfeld\/wp-json\/wp\/v2\/types\/page"}],"author":[{"embeddable":true,"href":"https:\/\/wordpress.nibis.de\/gsmartfeld\/wp-json\/wp\/v2\/users\/9193548"}],"replies":[{"embeddable":true,"href":"https:\/\/wordpress.nibis.de\/gsmartfeld\/wp-json\/wp\/v2\/comments?post=49"}],"version-history":[{"count":63,"href":"https:\/\/wordpress.nibis.de\/gsmartfeld\/wp-json\/wp\/v2\/pages\/49\/revisions"}],"predecessor-version":[{"id":1671,"href":"https:\/\/wordpress.nibis.de\/gsmartfeld\/wp-json\/wp\/v2\/pages\/49\/revisions\/1671"}],"wp:attachment":[{"href":"https:\/\/wordpress.nibis.de\/gsmartfeld\/wp-json\/wp\/v2\/media?parent=49"}],"curies":[{"name":"wp","href":"https:\/\/api.w.org\/{rel}","templated":true}]}}