{"id":53,"date":"2020-07-26T17:14:33","date_gmt":"2020-07-26T15:14:33","guid":{"rendered":"https:\/\/wordpress.nibis.de\/gsmartfeld\/?page_id=53"},"modified":"2023-08-28T11:39:03","modified_gmt":"2023-08-28T09:39:03","slug":"foerderverein-martfeld","status":"publish","type":"page","link":"https:\/\/wordpress.nibis.de\/gsmartfeld\/foerderverein-martfeld\/","title":{"rendered":"F\u00f6rderverein Martfeld"},"content":{"rendered":"\n<p>\u00a0<\/p>\n<p><img loading=\"lazy\" decoding=\"async\" class=\"alignnone  wp-image-154 aligncenter\" src=\"https:\/\/wordpress.nibis.de\/gsmartfeld\/files\/2020\/07\/F\u00f6rderverein-Martfeld-300x78.png\" alt=\"\" width=\"450\" height=\"117\" srcset=\"https:\/\/wordpress.nibis.de\/gsmartfeld\/files\/2020\/07\/F\u00f6rderverein-Martfeld-300x78.png 300w, https:\/\/wordpress.nibis.de\/gsmartfeld\/files\/2020\/07\/F\u00f6rderverein-Martfeld-768x200.png 768w, https:\/\/wordpress.nibis.de\/gsmartfeld\/files\/2020\/07\/F\u00f6rderverein-Martfeld-624x162.png 624w, https:\/\/wordpress.nibis.de\/gsmartfeld\/files\/2020\/07\/F\u00f6rderverein-Martfeld.png 784w\" sizes=\"auto, (max-width: 450px) 100vw, 450px\" \/><\/p>\n<h3><span style=\"color: #993366\">Der F\u00f6rderverein Martfeld e.V. unterst\u00fctzt die Grundschule Martfeld bei Projekten und Veranstaltungen, hilft aber auch dabei bspw. teurere Ausstattungen f\u00fcr Klassenr\u00e4ume mit zu finanzieren.\u00a0<\/span><\/h3>\n<h3><span style=\"text-decoration: underline\"><span style=\"color: #993366;text-decoration: underline\">Projekte an denen der F\u00f6rderverein jedes Jahr mitwirkt:\u00a0<\/span><\/span><\/h3>\n<ul style=\"list-style-type: circle\">\n<li>\n<h3><span style=\"color: #993366\">Erntefest Martfeld\u00a0<\/span><\/h3>\n<\/li>\n<li><span style=\"color: #993366\"><strong>Autorenlesung (zusammen mit der B\u00fccherei Martfeld)\u00a0<\/strong><\/span><\/li>\n<li>\n<h3><span style=\"color: #993366\">Sportfest\/Spendenlauf der Grundschule\u00a0<\/span><\/h3>\n<\/li>\n<li>\n<h3><strong><span style=\"color: #993366\">Einschulung (Aufbau und Kuchenbuffet)<\/span><\/strong><\/h3>\n<\/li>\n<li>\n<h3><span style=\"color: #993366\">\u00a0Vorlesewettbewerb (Unterst\u00fctzung bei Preisen)\u00a0<\/span><br \/><br \/><\/h3>\n<\/li>\n<\/ul>\n<h3><strong><span style=\"color: #000000\">Im Schuljahr 2022\/23 hat der F\u00f6rderverein sich daran beteiligt,\u00a0 f\u00fcr das Schulfest viele tolle Geschenke f\u00fcr das Gl\u00fccksrad zu organisieren. Au\u00dferdem hat er die Abzeichen f\u00fcr den AOK Lauf gesponsert und f\u00fcr die vierte Klasse das Minimusikervideo bezahlt. <\/span><span style=\"color: #000000\">Die Sch\u00fcler*innen der Grundschule Martfeld sagen<\/span> <span style=\"color: #ff0000\">D<\/span><span style=\"color: #808000\">A<\/span><span style=\"color: #0000ff\">N<\/span><span style=\"color: #e82a2a\">K<\/span><span style=\"color: #ffff00\">E<\/span> <span style=\"color: #000000\">und freuen sich sehr! Im kommenden Schuljahr k\u00f6nnen wir auf den F\u00f6rderverein bei der Zirkusprojektwoche z\u00e4hlen!<\/span><\/strong><\/h3>\n<h3><span style=\"color: #993366\">Hier finden Sie den Link zur Homepage des F\u00f6rderverein Martfeld:<\/span><\/h3>\n<p><a href=\"http:\/\/www.foerderverein-grundschule-martfeld.de\/contact.html\">http:\/\/www.foerderverein-grundschule-martfeld.de\/contact.html<\/a><\/p>\n<p>\u00a0<\/p>\n<h3><span style=\"color: #993366\">Unter diesem Link k\u00f6nnen Sie das Anmeldeformular herunterladen und\u00a0 Mitglied im F\u00f6rderverein werden:<\/span><\/h3>\n<p><a href=\"https:\/\/wordpress.nibis.de\/gsmartfeld\/files\/2020\/07\/BE_FV_Grundschule_Martfeld_Stand_190831.pdf\">BE_FV_Grundschule_Martfeld_Stand_190831<\/a><\/p>\n","protected":false},"excerpt":{"rendered":"<p>\u00a0 Der F\u00f6rderverein Martfeld e.V. unterst\u00fctzt die Grundschule Martfeld bei Projekten und Veranstaltungen, hilft aber auch dabei bspw. teurere Ausstattungen f\u00fcr Klassenr\u00e4ume mit zu finanzieren.\u00a0 Projekte an denen der F\u00f6rderverein jedes Jahr mitwirkt:\u00a0 Erntefest Martfeld\u00a0 Autorenlesung (zusammen mit der B\u00fccherei Martfeld)\u00a0 Sportfest\/Spendenlauf der Grundschule\u00a0 Einschulung (Aufbau und Kuchenbuffet) \u00a0Vorlesewettbewerb (Unterst\u00fctzung bei Preisen)\u00a0 Im Schuljahr 2022\/23 [&hellip;]<\/p>\n","protected":false},"author":9193548,"featured_media":0,"parent":0,"menu_order":0,"comment_status":"closed","ping_status":"closed","template":"","meta":{"footnotes":""},"class_list":["post-53","page","type-page","status-publish","hentry"],"_links":{"self":[{"href":"https:\/\/wordpress.nibis.de\/gsmartfeld\/wp-json\/wp\/v2\/pages\/53","targetHints":{"allow":["GET"]}}],"collection":[{"href":"https:\/\/wordpress.nibis.de\/gsmartfeld\/wp-json\/wp\/v2\/pages"}],"about":[{"href":"https:\/\/wordpress.nibis.de\/gsmartfeld\/wp-json\/wp\/v2\/types\/page"}],"author":[{"embeddable":true,"href":"https:\/\/wordpress.nibis.de\/gsmartfeld\/wp-json\/wp\/v2\/users\/9193548"}],"replies":[{"embeddable":true,"href":"https:\/\/wordpress.nibis.de\/gsmartfeld\/wp-json\/wp\/v2\/comments?post=53"}],"version-history":[{"count":17,"href":"https:\/\/wordpress.nibis.de\/gsmartfeld\/wp-json\/wp\/v2\/pages\/53\/revisions"}],"predecessor-version":[{"id":1393,"href":"https:\/\/wordpress.nibis.de\/gsmartfeld\/wp-json\/wp\/v2\/pages\/53\/revisions\/1393"}],"wp:attachment":[{"href":"https:\/\/wordpress.nibis.de\/gsmartfeld\/wp-json\/wp\/v2\/media?parent=53"}],"curies":[{"name":"wp","href":"https:\/\/api.w.org\/{rel}","templated":true}]}}