{"id":57,"date":"2020-07-26T17:15:17","date_gmt":"2020-07-26T15:15:17","guid":{"rendered":"https:\/\/wordpress.nibis.de\/gsmartfeld\/?page_id=57"},"modified":"2020-07-28T21:19:05","modified_gmt":"2020-07-28T19:19:05","slug":"schulregeln","status":"publish","type":"page","link":"https:\/\/wordpress.nibis.de\/gsmartfeld\/schulregeln\/","title":{"rendered":"Schulregeln"},"content":{"rendered":"\n<h1 style=\"text-align: center\"><img loading=\"lazy\" decoding=\"async\" class=\" wp-image-200 alignright\" src=\"https:\/\/wordpress.nibis.de\/gsmartfeld\/files\/2020\/07\/khadfield_LittleSchool_bookworm1-300x215.png\" alt=\"\" width=\"162\" height=\"116\" srcset=\"https:\/\/wordpress.nibis.de\/gsmartfeld\/files\/2020\/07\/khadfield_LittleSchool_bookworm1-300x215.png 300w, https:\/\/wordpress.nibis.de\/gsmartfeld\/files\/2020\/07\/khadfield_LittleSchool_bookworm1-768x550.png 768w, https:\/\/wordpress.nibis.de\/gsmartfeld\/files\/2020\/07\/khadfield_LittleSchool_bookworm1.png 1024w, https:\/\/wordpress.nibis.de\/gsmartfeld\/files\/2020\/07\/khadfield_LittleSchool_bookworm1-624x447.png 624w\" sizes=\"auto, (max-width: 162px) 100vw, 162px\" \/><\/h1>\n<h1 style=\"text-align: center\"><span style=\"color: #800080\">1.Wir gehen freundlich und r\u00fccksichtsvoll miteinander um.<\/span><\/h1>\n<h1 style=\"text-align: center\"><span style=\"color: #800080\">2. Wir gehen sorgsam mit eigenem und fremdem Eigentum um.<\/span><\/h1>\n<h1 style=\"text-align: center\"><span style=\"color: #800080\">3. Wir kl\u00e4ren Streit mit Worten.<\/span><\/h1>\n<h1 style=\"text-align: center\"><span style=\"color: #800080\">4. Stopp hei\u00dft STOPP!<\/span><\/h1>\n<p style=\"text-align: center\"><em>(Beschluss des Schulvorstands vom 10.09.2018)<\/em><\/p>\n<h3><span style=\"color: #000000\">Wie wir an der Grundschule Martfeld verfahren, wenn sich Sch\u00fclerinnen und Sch\u00fcler nicht an die Regeln halten, k\u00f6nnen Sie dem\u00a0 folgendem Ma\u00dfnahmenkatalog entnehmen <em><strong>(auf den Link klicken)<\/strong><\/em><\/span><\/h3>\n<h2><span style=\"color: #000000\"><a style=\"color: #000000\" href=\"https:\/\/wordpress.nibis.de\/gsmartfeld\/files\/2020\/07\/Ma\u00dfnahmenkatalog.pdf\">Ma\u00dfnahmenkatalog<\/a><\/span><\/h2>\n<p>\u00a0<\/p>\n","protected":false},"excerpt":{"rendered":"<p>1.Wir gehen freundlich und r\u00fccksichtsvoll miteinander um. 2. Wir gehen sorgsam mit eigenem und fremdem Eigentum um. 3. Wir kl\u00e4ren Streit mit Worten. 4. Stopp hei\u00dft STOPP! (Beschluss des Schulvorstands vom 10.09.2018) Wie wir an der Grundschule Martfeld verfahren, wenn sich Sch\u00fclerinnen und Sch\u00fcler nicht an die Regeln halten, k\u00f6nnen Sie dem\u00a0 folgendem Ma\u00dfnahmenkatalog entnehmen [&hellip;]<\/p>\n","protected":false},"author":9193548,"featured_media":0,"parent":0,"menu_order":0,"comment_status":"closed","ping_status":"closed","template":"","meta":{"footnotes":""},"class_list":["post-57","page","type-page","status-publish","hentry"],"_links":{"self":[{"href":"https:\/\/wordpress.nibis.de\/gsmartfeld\/wp-json\/wp\/v2\/pages\/57","targetHints":{"allow":["GET"]}}],"collection":[{"href":"https:\/\/wordpress.nibis.de\/gsmartfeld\/wp-json\/wp\/v2\/pages"}],"about":[{"href":"https:\/\/wordpress.nibis.de\/gsmartfeld\/wp-json\/wp\/v2\/types\/page"}],"author":[{"embeddable":true,"href":"https:\/\/wordpress.nibis.de\/gsmartfeld\/wp-json\/wp\/v2\/users\/9193548"}],"replies":[{"embeddable":true,"href":"https:\/\/wordpress.nibis.de\/gsmartfeld\/wp-json\/wp\/v2\/comments?post=57"}],"version-history":[{"count":6,"href":"https:\/\/wordpress.nibis.de\/gsmartfeld\/wp-json\/wp\/v2\/pages\/57\/revisions"}],"predecessor-version":[{"id":201,"href":"https:\/\/wordpress.nibis.de\/gsmartfeld\/wp-json\/wp\/v2\/pages\/57\/revisions\/201"}],"wp:attachment":[{"href":"https:\/\/wordpress.nibis.de\/gsmartfeld\/wp-json\/wp\/v2\/media?parent=57"}],"curies":[{"name":"wp","href":"https:\/\/api.w.org\/{rel}","templated":true}]}}