{"id":1373,"date":"2019-02-28T17:08:44","date_gmt":"2019-02-28T16:08:44","guid":{"rendered":"https:\/\/wordpress.nibis.de\/gsmartinus\/?page_id=1373"},"modified":"2019-05-02T16:17:29","modified_gmt":"2019-05-02T14:17:29","slug":"judentum-begreifen","status":"publish","type":"page","link":"https:\/\/wordpress.nibis.de\/gsmartinus\/judentum-begreifen\/","title":{"rendered":"Religi\u00f6se Projekte"},"content":{"rendered":"\n<p><strong>Besuch der Martinuskirche<\/strong><\/p>\n\n\n\n<p>Im\nzweiten Schuljahr werden im Religionsunterricht Merkmale der katholischen\nKirche erarbeitet. Diese k\u00f6nnen zum Abschluss der Unterrichtseinheit in einer\nRallye in der Martinuskirche noch einmal \u201ein echt\u201c erkundet werden.<\/p>\n\n\n\n<p><strong>Projekt \u201eJudentum begreifen\u201c\n<\/strong><\/p>\n\n\n\n<p>Im\nRahmen der Unterrichtseinheit Judentum findet jedes Jahr f\u00fcr die dritten\nKlassen der Projekttag \u201eJudentum begreifen\u201c statt. J\u00fcdische Mitb\u00fcrger aus\nOsnabr\u00fcck kommen dazu zu uns in die Schule und stellen ihre Religion vor. Sie\nbringen Gegenst\u00e4nde j\u00fcdischen Lebens mit und bieten verschiedene Workshops an. Die\nKinder erfahren so mit allen Sinnen, wie sich die j\u00fcdische Religion und\nLebensweise im Alltag zeigt. Die Kosten f\u00fcr dieses Projekt \u00fcbernimmt der\nF\u00f6rderverein. Daf\u00fcr sind wir sehr dankbar!<\/p>\n\n\n\n<p><strong>Besuch des Doms und der\nMoschee in Osnabr\u00fcck<\/strong><\/p>\n\n\n\n<p>Mit\nden vierten Klassen fahren wir im Rahmen des Religionsunterrichtes zum Thema\nIslam nach Osnabr\u00fcck und erleben eine interreligi\u00f6se F\u00fchrung durch den Dom und\ndie Ibrahim Al-Kalil-Moschee in Osnabr\u00fcck. Hierbei liegt der Schwerpunkt auf\nder Betrachtung von Gemeinsamkeiten und Unterschieden beider Gottesh\u00e4user.<\/p>\n\n\n\n<p><strong>Besuch der Gemeinde Neues\nLeben<\/strong><\/p>\n\n\n\n<p>Alle\nzwei Jahre besuchen wir mit den dritten und vierten Klassen die freie\nevangelische Gemeinde Neues Leben, deren Kirche sich in unmittelbarer N\u00e4he zu\nunserer Schule befindet. Ein Vertreter der Gemeinde zeigt den Kindern die gro\u00dfe\nKirche und die anderen R\u00e4ume und berichtet von der Entstehung der Gemeinde. <\/p>\n\n\n\n<p><strong>Besuch der Martinskirche<\/strong><\/p>\n\n\n\n<p>\u201eKatholisch-Evangelisch\u201c\nist eines der Themen des Religionsunterrichts in Klasse 4. Hierbei werden\nGemeinsamkeiten und Unterschiede der christlichen Konfessionen erarbeitet. Zum\nAbschluss findet ein Besuch der evangelischen Martinskirche im Zentrum von\nBramsche statt.<\/p>\n\n\n\n<p>Durch\nden Besuch der Gemeinde Neues Leben und der Martinsgemeinde wird die\n\u00f6kumenische Zusammenarbeit der christlichen Gemeinden in Bramsche gef\u00f6rdert.<\/p>\n","protected":false},"excerpt":{"rendered":"<p>Besuch der Martinuskirche Im zweiten Schuljahr werden im Religionsunterricht Merkmale der katholischen Kirche erarbeitet. Diese k\u00f6nnen zum Abschluss der Unterrichtseinheit in einer Rallye in der Martinuskirche noch einmal \u201ein echt\u201c erkundet werden. Projekt \u201eJudentum begreifen\u201c Im Rahmen der Unterrichtseinheit Judentum &hellip; <a href=\"https:\/\/wordpress.nibis.de\/gsmartinus\/judentum-begreifen\/\">Weiterlesen <span class=\"meta-nav\">&rarr;<\/span><\/a><\/p>\n","protected":false},"author":9192899,"featured_media":0,"parent":0,"menu_order":0,"comment_status":"closed","ping_status":"closed","template":"","meta":{"footnotes":""},"class_list":["post-1373","page","type-page","status-publish","hentry"],"_links":{"self":[{"href":"https:\/\/wordpress.nibis.de\/gsmartinus\/wp-json\/wp\/v2\/pages\/1373","targetHints":{"allow":["GET"]}}],"collection":[{"href":"https:\/\/wordpress.nibis.de\/gsmartinus\/wp-json\/wp\/v2\/pages"}],"about":[{"href":"https:\/\/wordpress.nibis.de\/gsmartinus\/wp-json\/wp\/v2\/types\/page"}],"author":[{"embeddable":true,"href":"https:\/\/wordpress.nibis.de\/gsmartinus\/wp-json\/wp\/v2\/users\/9192899"}],"replies":[{"embeddable":true,"href":"https:\/\/wordpress.nibis.de\/gsmartinus\/wp-json\/wp\/v2\/comments?post=1373"}],"version-history":[{"count":3,"href":"https:\/\/wordpress.nibis.de\/gsmartinus\/wp-json\/wp\/v2\/pages\/1373\/revisions"}],"predecessor-version":[{"id":1552,"href":"https:\/\/wordpress.nibis.de\/gsmartinus\/wp-json\/wp\/v2\/pages\/1373\/revisions\/1552"}],"wp:attachment":[{"href":"https:\/\/wordpress.nibis.de\/gsmartinus\/wp-json\/wp\/v2\/media?parent=1373"}],"curies":[{"name":"wp","href":"https:\/\/api.w.org\/{rel}","templated":true}]}}