{"id":1394,"date":"2019-02-28T17:24:22","date_gmt":"2019-02-28T16:24:22","guid":{"rendered":"https:\/\/wordpress.nibis.de\/gsmartinus\/?page_id=1394"},"modified":"2026-02-20T14:19:21","modified_gmt":"2026-02-20T13:19:21","slug":"schulelternrat","status":"publish","type":"page","link":"https:\/\/wordpress.nibis.de\/gsmartinus\/schulelternrat\/","title":{"rendered":"Schulelternrat"},"content":{"rendered":"\n<p>Der Schulelternrat ist ein\ngesetzlich festgelegtes und f\u00fcr die Elternvertretung ein wichtiges Gremium.\nHier bietet sich die M\u00f6glichkeit zur Er\u00f6rterung aller schulischen Fragen sowie\ndie Gelegenheit zur Aussprache, Nachfragen und Mitsprache. <\/p>\n\n\n\n<p>Gegenstand\nder Beratungen sind nicht nur Angelegenheiten, die den Unterricht ber\u00fchren. Die\nElternvertreter k\u00f6nnen sich dar\u00fcber hinaus mit allen Fragen befassen, welche\ndie eigene Schule, etwa ihre Lehrerversorgung, ihre r\u00e4umliche Situation oder\nihre Ausstattung betreffen. Zul\u00e4ssig ist auch die Behandlung allgemeiner\nschulpolitischer Fragen.<\/p>\n\n\n\n<p>Die f\u00fcr zwei Jahre gew\u00e4hlten Elternvertreter*innen jeder Klasse bilden den Schulelternrat. Dieser w\u00e4hlt alle zwei Jahre aus seiner Mitte zwei Vorsitzende. Der Schulelternrat der Martinusschule tagt in der Regel 2x im Schuljahr. In einer Schulelternratssitzung werden<\/p>\n\n\n\n<ul class=\"wp-block-list\">\n<li>Informationen der Schulleitung<br>     zu aktuellen Themen gegeben<\/li>\n\n\n\n<li>anstehende Projekte geplant<\/li>\n\n\n\n<li>Anliegen und Fragen der Eltern<br>     zu schulischen Angelegenheiten vorgebracht und \u00fcber gemeinsame L\u00f6sungen<br>     beraten<\/li>\n\n\n\n<li>Vertretungen zu diversen<br>     schulischen Beschlussgremien (Fachkonferenzen, Gesamtkonferenz,<br>     Schulvorstand etc.) gew\u00e4hlt<\/li>\n<\/ul>\n\n\n\n<p><strong>Wie k\u00f6nnen\nEltern ihr Anliegen dem Schulelternrat vortragen?<\/strong><\/p>\n\n\n\n<p>Indem sie mit dem Vorsitzenden der Klassenelternschaft sprechen und\ndieser das Thema dann in der n\u00e4chsten Schulelternratssitzung anspricht.<\/p>\n\n\n\n<p><strong>Gibt es\nInformationen was auf einer Sitzung besprochen wurde?<\/strong><\/p>\n\n\n\n<p>Die Protokolle s\u00e4mtlicher Sitzungen sind \u00fcber die Elternvertretungen einsehbar.<\/p>\n\n\n\n<p><strong>Wer ist aktueller\nAnsprechpartner im Schulelternrat?<\/strong><\/p>\n\n\n\n<p>Vorsitzende: Frau Notzon<\/p>\n\n\n\n<p>Vertretung: Frau Nagel<\/p>\n\n\n\n<p>Elternrat Schuljahr 2025\/26:<\/p>\n\n\n\n<div class=\"wp-block-image\"><img loading=\"lazy\" decoding=\"async\" class=\"wpa-warning wpa-image-missing-alt alignnone size-medium wp-image-3227\" src=\"https:\/\/wordpress.nibis.de\/gsmartinus\/files\/2026\/02\/IMG_3434-850x478.jpeg\" alt=\"\" width=\"850\" height=\"478\" data-warning=\"Missing alt text\" srcset=\"https:\/\/wordpress.nibis.de\/gsmartinus\/files\/2026\/02\/IMG_3434-850x478.jpeg 850w, https:\/\/wordpress.nibis.de\/gsmartinus\/files\/2026\/02\/IMG_3434-1200x675.jpeg 1200w, https:\/\/wordpress.nibis.de\/gsmartinus\/files\/2026\/02\/IMG_3434-250x141.jpeg 250w\" sizes=\"auto, (max-width: 850px) 100vw, 850px\" \/><\/div>\n","protected":false},"excerpt":{"rendered":"<p>Der Schulelternrat ist ein gesetzlich festgelegtes und f\u00fcr die Elternvertretung ein wichtiges Gremium. Hier bietet sich die M\u00f6glichkeit zur Er\u00f6rterung aller schulischen Fragen sowie die Gelegenheit zur Aussprache, Nachfragen und Mitsprache. Gegenstand der Beratungen sind nicht nur Angelegenheiten, die den &hellip; <a href=\"https:\/\/wordpress.nibis.de\/gsmartinus\/schulelternrat\/\">Weiterlesen <span class=\"meta-nav\">&rarr;<\/span><\/a><\/p>\n","protected":false},"author":9192899,"featured_media":0,"parent":0,"menu_order":0,"comment_status":"closed","ping_status":"closed","template":"","meta":{"footnotes":""},"class_list":["post-1394","page","type-page","status-publish","hentry"],"_links":{"self":[{"href":"https:\/\/wordpress.nibis.de\/gsmartinus\/wp-json\/wp\/v2\/pages\/1394","targetHints":{"allow":["GET"]}}],"collection":[{"href":"https:\/\/wordpress.nibis.de\/gsmartinus\/wp-json\/wp\/v2\/pages"}],"about":[{"href":"https:\/\/wordpress.nibis.de\/gsmartinus\/wp-json\/wp\/v2\/types\/page"}],"author":[{"embeddable":true,"href":"https:\/\/wordpress.nibis.de\/gsmartinus\/wp-json\/wp\/v2\/users\/9192899"}],"replies":[{"embeddable":true,"href":"https:\/\/wordpress.nibis.de\/gsmartinus\/wp-json\/wp\/v2\/comments?post=1394"}],"version-history":[{"count":13,"href":"https:\/\/wordpress.nibis.de\/gsmartinus\/wp-json\/wp\/v2\/pages\/1394\/revisions"}],"predecessor-version":[{"id":3229,"href":"https:\/\/wordpress.nibis.de\/gsmartinus\/wp-json\/wp\/v2\/pages\/1394\/revisions\/3229"}],"wp:attachment":[{"href":"https:\/\/wordpress.nibis.de\/gsmartinus\/wp-json\/wp\/v2\/media?parent=1394"}],"curies":[{"name":"wp","href":"https:\/\/api.w.org\/{rel}","templated":true}]}}