{"id":1396,"date":"2019-02-28T17:24:40","date_gmt":"2019-02-28T16:24:40","guid":{"rendered":"https:\/\/wordpress.nibis.de\/gsmartinus\/?page_id=1396"},"modified":"2024-05-15T12:28:17","modified_gmt":"2024-05-15T10:28:17","slug":"schulvorstand","status":"publish","type":"page","link":"https:\/\/wordpress.nibis.de\/gsmartinus\/schulvorstand\/","title":{"rendered":"Schulvorstand"},"content":{"rendered":"\n<p>Mit dem Schulvorstand gibt es ein zweites Organ in dem\nEntscheidungen getroffen werden, in dem der Anteil der Vertreterinnen und\nVertreter der Elternschaft h\u00f6her ist. <\/p>\n\n\n\n<p>Der Schulelternrat w\u00e4hlt f\u00fcr zwei Jahre ihre\nVertreterinnen und Vertreter f\u00fcr den Schulvorstand. Als Wahlvoraussetzung\ngen\u00fcgt der Schulbesuch der jeweiligen Schule durch das eigene Kind. <\/p>\n\n\n\n<p>Die Vertretung der Lehrkr\u00e4fte wird auch f\u00fcr zwei Jahre\ndurch die Gesamtkonferenz gew\u00e4hlt. Der Lehrerdelegation muss immer die\nSchulleiterin oder der Schulleiter angeh\u00f6ren. <\/p>\n\n\n\n<p><\/p>\n\n\n\n<p><\/p>\n\n\n\n<p> <\/p>\n\n\n\n<p><\/p>\n\n\n\n<p><\/p>\n\n\n\n<p><\/p>\n\n\n","protected":false},"excerpt":{"rendered":"<p>Mit dem Schulvorstand gibt es ein zweites Organ in dem Entscheidungen getroffen werden, in dem der Anteil der Vertreterinnen und Vertreter der Elternschaft h\u00f6her ist. Der Schulelternrat w\u00e4hlt f\u00fcr zwei Jahre ihre Vertreterinnen und Vertreter f\u00fcr den Schulvorstand. Als Wahlvoraussetzung &hellip; <a href=\"https:\/\/wordpress.nibis.de\/gsmartinus\/schulvorstand\/\">Weiterlesen <span class=\"meta-nav\">&rarr;<\/span><\/a><\/p>\n","protected":false},"author":9192899,"featured_media":0,"parent":0,"menu_order":0,"comment_status":"closed","ping_status":"closed","template":"","meta":{"footnotes":""},"class_list":["post-1396","page","type-page","status-publish","hentry"],"_links":{"self":[{"href":"https:\/\/wordpress.nibis.de\/gsmartinus\/wp-json\/wp\/v2\/pages\/1396","targetHints":{"allow":["GET"]}}],"collection":[{"href":"https:\/\/wordpress.nibis.de\/gsmartinus\/wp-json\/wp\/v2\/pages"}],"about":[{"href":"https:\/\/wordpress.nibis.de\/gsmartinus\/wp-json\/wp\/v2\/types\/page"}],"author":[{"embeddable":true,"href":"https:\/\/wordpress.nibis.de\/gsmartinus\/wp-json\/wp\/v2\/users\/9192899"}],"replies":[{"embeddable":true,"href":"https:\/\/wordpress.nibis.de\/gsmartinus\/wp-json\/wp\/v2\/comments?post=1396"}],"version-history":[{"count":8,"href":"https:\/\/wordpress.nibis.de\/gsmartinus\/wp-json\/wp\/v2\/pages\/1396\/revisions"}],"predecessor-version":[{"id":2519,"href":"https:\/\/wordpress.nibis.de\/gsmartinus\/wp-json\/wp\/v2\/pages\/1396\/revisions\/2519"}],"wp:attachment":[{"href":"https:\/\/wordpress.nibis.de\/gsmartinus\/wp-json\/wp\/v2\/media?parent=1396"}],"curies":[{"name":"wp","href":"https:\/\/api.w.org\/{rel}","templated":true}]}}