{"id":1407,"date":"2019-03-12T20:25:28","date_gmt":"2019-03-12T19:25:28","guid":{"rendered":"https:\/\/wordpress.nibis.de\/gsmartinus\/?page_id=1407"},"modified":"2026-01-14T13:46:06","modified_gmt":"2026-01-14T12:46:06","slug":"leitbild","status":"publish","type":"page","link":"https:\/\/wordpress.nibis.de\/gsmartinus\/leitbild\/","title":{"rendered":"Leitbild"},"content":{"rendered":"\n<p>Wir sind eine katholische Grundschule und orientieren uns in unserer p\u00e4dagogischen Arbeit am katholisch- christlichen Gottes- und Menschenbild. Kindern und&nbsp; Eltern mit anderen Weltanschauungen begegnen wir offen und mit der gebotenen Achtung.<\/p>\n\n\n\n<p>Wir verstehen\nunseren Bildungs- und Erziehungsauftrag ganzheitlich. Es geht uns nicht nur um\ndie Vermittlung der grundlegenden Kulturtechniken, sondern auch darum, in den\nKindern die Freude am Lernen zu wecken und zu erhalten.<\/p>\n\n\n\n<p>Wir wollen im\nBewusstsein, dass wir auch vor Gott eine Verantwortung f\u00fcr die uns anvertrauten\nKinder haben, im Schulleben die Pers\u00f6nlichkeit der Kinder st\u00e4rken und ihre\nmitmenschliche Verantwortung wecken und f\u00f6rdern.<\/p>\n\n\n\n<p>Wir legen Wert\nauf ein Schulklima, in dem alle an der Schule Beteiligten vertrauensvoll und\noffen zusammenarbeiten.<\/p>\n\n\n\n<p>Wir wollen alle Sch\u00fcler*innen unter besonderer Ber\u00fccksichtigung von individuellen St\u00e4rken und Schw\u00e4chen angemessen f\u00f6rdern und fordern.<\/p>\n\n\n\n<p>Wir verstehen\nSchule als lernendes System in einer sich st\u00e4ndig ver\u00e4ndernden Welt. Dazu\ngeh\u00f6rt auch der verantwortungsbewusste Umgang mit neuen Medien.<\/p>\n","protected":false},"excerpt":{"rendered":"<p>Wir sind eine katholische Grundschule und orientieren uns in unserer p\u00e4dagogischen Arbeit am katholisch- christlichen Gottes- und Menschenbild. Kindern und&nbsp; Eltern mit anderen Weltanschauungen begegnen wir offen und mit der gebotenen Achtung. Wir verstehen unseren Bildungs- und Erziehungsauftrag ganzheitlich. Es &hellip; <a href=\"https:\/\/wordpress.nibis.de\/gsmartinus\/leitbild\/\">Weiterlesen <span class=\"meta-nav\">&rarr;<\/span><\/a><\/p>\n","protected":false},"author":9192899,"featured_media":0,"parent":0,"menu_order":0,"comment_status":"closed","ping_status":"closed","template":"","meta":{"footnotes":""},"class_list":["post-1407","page","type-page","status-publish","hentry"],"_links":{"self":[{"href":"https:\/\/wordpress.nibis.de\/gsmartinus\/wp-json\/wp\/v2\/pages\/1407","targetHints":{"allow":["GET"]}}],"collection":[{"href":"https:\/\/wordpress.nibis.de\/gsmartinus\/wp-json\/wp\/v2\/pages"}],"about":[{"href":"https:\/\/wordpress.nibis.de\/gsmartinus\/wp-json\/wp\/v2\/types\/page"}],"author":[{"embeddable":true,"href":"https:\/\/wordpress.nibis.de\/gsmartinus\/wp-json\/wp\/v2\/users\/9192899"}],"replies":[{"embeddable":true,"href":"https:\/\/wordpress.nibis.de\/gsmartinus\/wp-json\/wp\/v2\/comments?post=1407"}],"version-history":[{"count":5,"href":"https:\/\/wordpress.nibis.de\/gsmartinus\/wp-json\/wp\/v2\/pages\/1407\/revisions"}],"predecessor-version":[{"id":3013,"href":"https:\/\/wordpress.nibis.de\/gsmartinus\/wp-json\/wp\/v2\/pages\/1407\/revisions\/3013"}],"wp:attachment":[{"href":"https:\/\/wordpress.nibis.de\/gsmartinus\/wp-json\/wp\/v2\/media?parent=1407"}],"curies":[{"name":"wp","href":"https:\/\/api.w.org\/{rel}","templated":true}]}}