{"id":1415,"date":"2019-03-12T20:28:39","date_gmt":"2019-03-12T19:28:39","guid":{"rendered":"https:\/\/wordpress.nibis.de\/gsmartinus\/?page_id=1415"},"modified":"2026-01-14T13:57:02","modified_gmt":"2026-01-14T12:57:02","slug":"feste-und-feiern","status":"publish","type":"page","link":"https:\/\/wordpress.nibis.de\/gsmartinus\/feste-und-feiern\/","title":{"rendered":"Feste und Feiern"},"content":{"rendered":"\n<p><strong>Monatliche Klassentreffen<\/strong><\/p>\n\n\n\n<figure class=\"wp-block-image size-large\"><img loading=\"lazy\" decoding=\"async\" width=\"1200\" height=\"675\" src=\"https:\/\/wordpress.nibis.de\/gsmartinus\/files\/2026\/01\/IMG_2699-1200x675.jpeg\" alt=\"\" class=\"wp-image-3002\" srcset=\"https:\/\/wordpress.nibis.de\/gsmartinus\/files\/2026\/01\/IMG_2699-1200x675.jpeg 1200w, https:\/\/wordpress.nibis.de\/gsmartinus\/files\/2026\/01\/IMG_2699-850x478.jpeg 850w, https:\/\/wordpress.nibis.de\/gsmartinus\/files\/2026\/01\/IMG_2699-250x141.jpeg 250w\" sizes=\"auto, (max-width: 1200px) 100vw, 1200px\" \/><\/figure>\n\n\n\n<p>Jeden ersten Freitag im Monat treffen wir (alle Sch\u00fcler*innen und Lehrkr\u00e4fte) uns in der Pausenhalle.<\/p>\n\n\n\n<p>Dort findet das gemeinsame Klassentreffen statt. <\/p>\n\n\n\n<p>Hier pr\u00e4sentieren die Kinder Besonderheiten aus ihrem Unterricht wie beispielsweise gelernte Lieder, Gedichte und Theaterst\u00fccke.  <\/p>\n\n\n\n<p><br><\/p>\n\n\n\n<p><\/p>\n\n\n\n<p><strong>Gottesdienste<\/strong><\/p>\n\n\n\n<p>Wir\nfeiern in der Martinuskirche in regelm\u00e4\u00dfigen Abst\u00e4nden einen Gottesdienst,\nentweder als Eucharistiefeier oder als Wortgottesdienst.<\/p>\n\n\n\n<p>Zur Vorbereitung der Gottesdienste werden die Kinder der Klassen einbezogen. Die Termine der Gottesdienste werden im Bereich \u201eTermine\u201c angek\u00fcndigt, so dass alle Interessierten jederzeit dazu eingeladen sind an ihnen teilzunehmen.<\/p>\n\n\n\n<p><\/p>\n\n\n\n<p><strong>Erntedank<\/strong><\/p>\n\n\n<div class=\"wp-block-image\">\n<figure class=\"alignright is-resized\"><img loading=\"lazy\" decoding=\"async\" width=\"800\" height=\"530\" src=\"https:\/\/wordpress.nibis.de\/gsmartinus\/files\/2019\/08\/Erntedank.jpg\" alt=\"\" class=\"wp-image-1616\" style=\"width:300px;height:169px\" srcset=\"https:\/\/wordpress.nibis.de\/gsmartinus\/files\/2019\/08\/Erntedank.jpg 800w, https:\/\/wordpress.nibis.de\/gsmartinus\/files\/2019\/08\/Erntedank-768x509.jpg 768w\" sizes=\"auto, (max-width: 800px) 100vw, 800px\" \/><\/figure>\n<\/div>\n\n\n<p>Zum Erntedankfest wird der Eingangsbereich j\u00e4hrlich mit herbstlicher Dekoration von den Kindern geschm\u00fcckt. <\/p>\n\n\n\n<p>Jede Klasse bereitet in der 1. Stunde einen Beitrag zum Fr\u00fchst\u00fcck zu. Die Eltern der Erstkl\u00e4ssler*innen helfen bei der Zubereitung des Fr\u00fchst\u00fccks. Der F\u00f6rderverein unterst\u00fctzt finanziell das Fr\u00fchst\u00fcck.<\/p>\n\n\n\n<p>Es findet ein gemeinsamer Erntedank-Gottesdienst der Klassen 1-4 statt. Nach dem Gottesdienst wird das Buffet bestaunt und er\u00f6ffnet. Alle fr\u00fchst\u00fccken gemeinsam in den Klassen.&nbsp; <\/p>\n\n\n\n<p><strong>Sankt Martin<\/strong><\/p>\n\n\n\n<figure class=\"wp-block-image size-large is-resized\"><img loading=\"lazy\" decoding=\"async\" width=\"1200\" height=\"675\" src=\"https:\/\/wordpress.nibis.de\/gsmartinus\/files\/2026\/01\/St.-Martin-1200x675.jpeg\" alt=\"\" class=\"wp-image-3000\" style=\"aspect-ratio:1.777738478618896;width:492px;height:auto\" srcset=\"https:\/\/wordpress.nibis.de\/gsmartinus\/files\/2026\/01\/St.-Martin-1200x675.jpeg 1200w, https:\/\/wordpress.nibis.de\/gsmartinus\/files\/2026\/01\/St.-Martin-850x478.jpeg 850w, https:\/\/wordpress.nibis.de\/gsmartinus\/files\/2026\/01\/St.-Martin-250x141.jpeg 250w\" sizes=\"auto, (max-width: 1200px) 100vw, 1200px\" \/><\/figure>\n\n\n\n<p>Der&nbsp; Martinsumzug findet immer am Freitag nach dem Martinstag (11. November) statt.<\/p>\n\n\n\n<p>Die Andacht beginnt um 17 Uhr in der Ev. St. Martinskirche und danach ziehen alle in einem gro\u00dfen Laternenumzug durch die Stadt. Auf dem Schulhof findet ein gemeinsamer, gem\u00fctlicher Abschluss mit Essen und Getr\u00e4nken statt.<\/p>\n\n\n\n<p>Die Jugendlichen der Martinus-Gemeinde sowie der F\u00f6rderverein der Schule sorgen f\u00fcr das leibliche Wohl.<\/p>\n\n\n\n<p><strong>Advent<\/strong><\/p>\n\n\n\n<figure class=\"wp-block-image size-large\"><img loading=\"lazy\" decoding=\"async\" width=\"1200\" height=\"675\" src=\"https:\/\/wordpress.nibis.de\/gsmartinus\/files\/2026\/01\/PXL_20251205_062847030.MP_-1200x675.jpg\" alt=\"\" class=\"wp-image-3001\" srcset=\"https:\/\/wordpress.nibis.de\/gsmartinus\/files\/2026\/01\/PXL_20251205_062847030.MP_-1200x675.jpg 1200w, https:\/\/wordpress.nibis.de\/gsmartinus\/files\/2026\/01\/PXL_20251205_062847030.MP_-850x478.jpg 850w, https:\/\/wordpress.nibis.de\/gsmartinus\/files\/2026\/01\/PXL_20251205_062847030.MP_-250x141.jpg 250w\" sizes=\"auto, (max-width: 1200px) 100vw, 1200px\" \/><\/figure>\n\n\n\n<p>Wir\nstarten in eine besinnliche Adventszeit mit einem gemeinsamen Basteltag am\nDonnerstag vor dem 1. Advent und gestalten Fenster und R\u00e4ume. <\/p>\n\n\n\n<p>An jedem Montag im Advent treffen wir uns zu einer gemeinsamen Adventssingen in der Aula und z\u00fcnden musikalisch die Adventskerzen an.<\/p>\n\n\n\n<p>In\nvielen Klassen finden Adventsfeiern oder andere vorweihnachtliche Aktivit\u00e4ten\nstatt.<\/p>\n\n\n\n<p>\u00a0<\/p>\n<p>\u00a0<\/p>\n","protected":false},"excerpt":{"rendered":"<p>Monatliche Klassentreffen Jeden ersten Freitag im Monat treffen wir (alle Sch\u00fcler*innen und Lehrkr\u00e4fte) uns in der Pausenhalle. Dort findet das gemeinsame Klassentreffen statt. Hier pr\u00e4sentieren die Kinder Besonderheiten aus ihrem Unterricht wie beispielsweise gelernte Lieder, Gedichte und Theaterst\u00fccke. Gottesdienste Wir &hellip; <a href=\"https:\/\/wordpress.nibis.de\/gsmartinus\/feste-und-feiern\/\">Weiterlesen <span class=\"meta-nav\">&rarr;<\/span><\/a><\/p>\n","protected":false},"author":9192899,"featured_media":0,"parent":0,"menu_order":0,"comment_status":"closed","ping_status":"closed","template":"","meta":{"footnotes":""},"class_list":["post-1415","page","type-page","status-publish","hentry"],"_links":{"self":[{"href":"https:\/\/wordpress.nibis.de\/gsmartinus\/wp-json\/wp\/v2\/pages\/1415","targetHints":{"allow":["GET"]}}],"collection":[{"href":"https:\/\/wordpress.nibis.de\/gsmartinus\/wp-json\/wp\/v2\/pages"}],"about":[{"href":"https:\/\/wordpress.nibis.de\/gsmartinus\/wp-json\/wp\/v2\/types\/page"}],"author":[{"embeddable":true,"href":"https:\/\/wordpress.nibis.de\/gsmartinus\/wp-json\/wp\/v2\/users\/9192899"}],"replies":[{"embeddable":true,"href":"https:\/\/wordpress.nibis.de\/gsmartinus\/wp-json\/wp\/v2\/comments?post=1415"}],"version-history":[{"count":78,"href":"https:\/\/wordpress.nibis.de\/gsmartinus\/wp-json\/wp\/v2\/pages\/1415\/revisions"}],"predecessor-version":[{"id":3016,"href":"https:\/\/wordpress.nibis.de\/gsmartinus\/wp-json\/wp\/v2\/pages\/1415\/revisions\/3016"}],"wp:attachment":[{"href":"https:\/\/wordpress.nibis.de\/gsmartinus\/wp-json\/wp\/v2\/media?parent=1415"}],"curies":[{"name":"wp","href":"https:\/\/api.w.org\/{rel}","templated":true}]}}