{"id":1419,"date":"2019-03-12T20:29:09","date_gmt":"2019-03-12T19:29:09","guid":{"rendered":"https:\/\/wordpress.nibis.de\/gsmartinus\/?page_id=1419"},"modified":"2026-01-14T13:45:23","modified_gmt":"2026-01-14T12:45:23","slug":"sv","status":"publish","type":"page","link":"https:\/\/wordpress.nibis.de\/gsmartinus\/sv\/","title":{"rendered":"SV"},"content":{"rendered":"\n<p>Seit dem Schuljahr 2012\/2013 gibt es die Sch\u00fcler*innenvertretung bei uns an der Grundschule, und sie ist mittlerweile nicht mehr wegzudenken. Sie besteht aus den Klassensprecher*innen  der Klassen 2 bis 4.<\/p>\n\n\n\n<p>In den ersten vier Wochen eines neuen Schuljahres finden j\u00e4hrlich die Klassensprecher*innenwahlen in allen zweiten, dritten und vierten Klassen statt. Es ist immer sehr aufregend, denn viele Sch\u00fcler*innen wollen dieses Amt gerne aus\u00fcben. Die Wahl findet in der Regel geheim statt und ist daher f\u00fcr die Kinder sehr spannend. In den Klassen werden zuvor die Rechte und Pflichten eines Klassensprechers und einer Klassensprecherin besprochen.<\/p>\n\n\n\n<p>Alle gew\u00e4hlten Klassensprecher*innen treffen sich dann regelm\u00e4\u00dfig zu den Sch\u00fcler*innenvertretungssitzungen (SV-Sitzungen).&nbsp; In der ersten Sitzung im neuen Schuljahr stellen sich die Klassensprecher*innen gegenseitig vor. Danach werden m\u00f6gliche Schulsprecher*innen vorgeschlagen. Sie fertigen Wahlplakate mit ihren St\u00e4rken und Zielen an. Die Plakate h\u00e4ngen dann mindestens eine Woche \u00f6ffentlich am SV-Brett aus. Nach einer \u00f6ffentlichen Vorstellung vor allen Sch\u00fcler*innen findet die Wahl der Schulsprecher*innen statt.<\/p>\n\n\n\n<p>In den SV-Sitzungen werden aktuelle schulische Themen besprochen, aber auch konkrete Probleme diskutiert, die den Sch\u00fcler*innen w\u00e4hrend des Schulalltages auffallen.<\/p>\n\n\n\n<p>Wichtige Anliegen aus der Schulgemeinschaft werden auch mit in die Gesamtkonferenz genommen. Die Sch\u00fclervertretung hat auf diese Weise schon viel erreicht.&nbsp;<\/p>\n\n\n\n<p><strong>Also: Eine SV ist wichtig!!!<\/strong><\/p>\n\n\n\n<p><\/p>\n\n\n\n<figure class=\"wp-block-image size-large\"><img loading=\"lazy\" decoding=\"async\" width=\"1200\" height=\"675\" src=\"https:\/\/wordpress.nibis.de\/gsmartinus\/files\/2025\/09\/IMG_0425-1200x675.jpeg\" alt=\"\" class=\"wp-image-2791\" srcset=\"https:\/\/wordpress.nibis.de\/gsmartinus\/files\/2025\/09\/IMG_0425-1200x675.jpeg 1200w, https:\/\/wordpress.nibis.de\/gsmartinus\/files\/2025\/09\/IMG_0425-850x478.jpeg 850w, https:\/\/wordpress.nibis.de\/gsmartinus\/files\/2025\/09\/IMG_0425-250x141.jpeg 250w\" sizes=\"auto, (max-width: 1200px) 100vw, 1200px\" \/><\/figure>\n\n\n\n<p>SV 2025\/26<\/p>\n","protected":false},"excerpt":{"rendered":"<p>Seit dem Schuljahr 2012\/2013 gibt es die Sch\u00fcler*innenvertretung bei uns an der Grundschule, und sie ist mittlerweile nicht mehr wegzudenken. Sie besteht aus den Klassensprecher*innen der Klassen 2 bis 4. In den ersten vier Wochen eines neuen Schuljahres finden j\u00e4hrlich &hellip; <a href=\"https:\/\/wordpress.nibis.de\/gsmartinus\/sv\/\">Weiterlesen <span class=\"meta-nav\">&rarr;<\/span><\/a><\/p>\n","protected":false},"author":9192899,"featured_media":0,"parent":0,"menu_order":0,"comment_status":"closed","ping_status":"closed","template":"","meta":{"footnotes":""},"class_list":["post-1419","page","type-page","status-publish","hentry"],"_links":{"self":[{"href":"https:\/\/wordpress.nibis.de\/gsmartinus\/wp-json\/wp\/v2\/pages\/1419","targetHints":{"allow":["GET"]}}],"collection":[{"href":"https:\/\/wordpress.nibis.de\/gsmartinus\/wp-json\/wp\/v2\/pages"}],"about":[{"href":"https:\/\/wordpress.nibis.de\/gsmartinus\/wp-json\/wp\/v2\/types\/page"}],"author":[{"embeddable":true,"href":"https:\/\/wordpress.nibis.de\/gsmartinus\/wp-json\/wp\/v2\/users\/9192899"}],"replies":[{"embeddable":true,"href":"https:\/\/wordpress.nibis.de\/gsmartinus\/wp-json\/wp\/v2\/comments?post=1419"}],"version-history":[{"count":10,"href":"https:\/\/wordpress.nibis.de\/gsmartinus\/wp-json\/wp\/v2\/pages\/1419\/revisions"}],"predecessor-version":[{"id":3011,"href":"https:\/\/wordpress.nibis.de\/gsmartinus\/wp-json\/wp\/v2\/pages\/1419\/revisions\/3011"}],"wp:attachment":[{"href":"https:\/\/wordpress.nibis.de\/gsmartinus\/wp-json\/wp\/v2\/media?parent=1419"}],"curies":[{"name":"wp","href":"https:\/\/api.w.org\/{rel}","templated":true}]}}