{"id":1430,"date":"2019-03-12T20:33:24","date_gmt":"2019-03-12T19:33:24","guid":{"rendered":"https:\/\/wordpress.nibis.de\/gsmartinus\/?page_id=1430"},"modified":"2019-10-23T14:35:09","modified_gmt":"2019-10-23T12:35:09","slug":"mein-koerper-gehoert-mir","status":"publish","type":"page","link":"https:\/\/wordpress.nibis.de\/gsmartinus\/mein-koerper-gehoert-mir\/","title":{"rendered":"Mein K\u00f6rper geh\u00f6rt mir!"},"content":{"rendered":"\n<p>Alle zwei Jahre kommt die theaterp\u00e4dagogische Werkstatt Osnabr\u00fcck mit ihrem dreiteiligen Pr\u00e4ventionsprogramm\u00a0 \u201eMein K\u00f6rper geh\u00f6rt mir!\u201c f\u00fcr die Klassen 3 und 4 zu uns in die Schule. Mithilfe kurzer Szenen aus dem Alltag werden die Kinder f\u00fcr die \u00dcberschreitung k\u00f6rperlicher Grenzen sowie f\u00fcr sexuelle Gewalt sensibilisiert. Gemeinsam werden dann praktische Strategien zum Umgang mit kritischen Situationen und Hilfsm\u00f6glichkeiten erarbeitet.<\/p>\n\n\n\n<p><a href=\"http:\/\/www.tpw-osnabrueck.de\">http:\/\/www.tpw-osnabrueck.de<\/a><\/p>\n\n\n\n<p><\/p>\n","protected":false},"excerpt":{"rendered":"<p>Alle zwei Jahre kommt die theaterp\u00e4dagogische Werkstatt Osnabr\u00fcck mit ihrem dreiteiligen Pr\u00e4ventionsprogramm\u00a0 \u201eMein K\u00f6rper geh\u00f6rt mir!\u201c f\u00fcr die Klassen 3 und 4 zu uns in die Schule. Mithilfe kurzer Szenen aus dem Alltag werden die Kinder f\u00fcr die \u00dcberschreitung k\u00f6rperlicher &hellip; <a href=\"https:\/\/wordpress.nibis.de\/gsmartinus\/mein-koerper-gehoert-mir\/\">Weiterlesen <span class=\"meta-nav\">&rarr;<\/span><\/a><\/p>\n","protected":false},"author":9192899,"featured_media":0,"parent":0,"menu_order":0,"comment_status":"closed","ping_status":"closed","template":"","meta":{"footnotes":""},"class_list":["post-1430","page","type-page","status-publish","hentry"],"_links":{"self":[{"href":"https:\/\/wordpress.nibis.de\/gsmartinus\/wp-json\/wp\/v2\/pages\/1430","targetHints":{"allow":["GET"]}}],"collection":[{"href":"https:\/\/wordpress.nibis.de\/gsmartinus\/wp-json\/wp\/v2\/pages"}],"about":[{"href":"https:\/\/wordpress.nibis.de\/gsmartinus\/wp-json\/wp\/v2\/types\/page"}],"author":[{"embeddable":true,"href":"https:\/\/wordpress.nibis.de\/gsmartinus\/wp-json\/wp\/v2\/users\/9192899"}],"replies":[{"embeddable":true,"href":"https:\/\/wordpress.nibis.de\/gsmartinus\/wp-json\/wp\/v2\/comments?post=1430"}],"version-history":[{"count":4,"href":"https:\/\/wordpress.nibis.de\/gsmartinus\/wp-json\/wp\/v2\/pages\/1430\/revisions"}],"predecessor-version":[{"id":1797,"href":"https:\/\/wordpress.nibis.de\/gsmartinus\/wp-json\/wp\/v2\/pages\/1430\/revisions\/1797"}],"wp:attachment":[{"href":"https:\/\/wordpress.nibis.de\/gsmartinus\/wp-json\/wp\/v2\/media?parent=1430"}],"curies":[{"name":"wp","href":"https:\/\/api.w.org\/{rel}","templated":true}]}}