{"id":1434,"date":"2019-03-12T20:34:31","date_gmt":"2019-03-12T19:34:31","guid":{"rendered":"https:\/\/wordpress.nibis.de\/gsmartinus\/?page_id=1434"},"modified":"2022-02-25T13:29:01","modified_gmt":"2022-02-25T12:29:01","slug":"antolin","status":"publish","type":"page","link":"https:\/\/wordpress.nibis.de\/gsmartinus\/antolin\/","title":{"rendered":"Antolin"},"content":{"rendered":"\n<div class=\"wp-block-columns has-0-columns is-layout-flex wp-container-core-columns-is-layout-abceabcf wp-block-columns-is-layout-flex\">\n<div class=\"wp-block-column is-layout-flow wp-block-column-is-layout-flow\"><\/div>\n\n\n\n<div class=\"wp-block-column is-layout-flow wp-block-column-is-layout-flow\"><\/div>\n<\/div>\n\n\n<p><!--StartFragment--><\/p>\n\n\n<div class=\"wp-block-image\"><figure class=\"alignleft is-resized\"><img decoding=\"async\" src=\"https:\/\/wordpress.nibis.de\/gsmartinus\/files\/2022\/02\/Buecherei-edited-2.jpg\" alt=\"\" class=\"wp-image-2335\" width=\"211\" \/><\/figure><\/div>\n\n\n\n<p class=\"has-text-align-left\">Antolin ist\nein Programm des Westermann-Verlags zur F\u00f6rderung der Lesemotivation, der\nLesefl\u00fcssigkeit und des sinnerfassenden Lesens.<\/p>\n\n\n\n<p>Auf antolin.de stehen zu mehr als 70.000 Kinder \u2013 und Jugendb\u00fcchern Quizfragen zur Verf\u00fcgung. Durch das L\u00f6sen von Quizfragen zu einem gelesenen Buch k\u00f6nnen die Sch\u00fclerinnen und Sch\u00fcler Punkte verdienen und sammeln. Auf diese Weise bekommen die jungen Leserinnen und Leser eine motivierende R\u00fcckmeldung, wie viel sie gelesen haben und ob sie das Gelesene gut verstanden haben.<\/p>\n\n\n\n<p><a href=\"http:\/\/www.antolin.de\">http:\/\/www.antolin.de<\/a><\/p>\n\n\n<p><!--EndFragment--><\/p>\n<p><\/p>","protected":false},"excerpt":{"rendered":"<p>Antolin ist ein Programm des Westermann-Verlags zur F\u00f6rderung der Lesemotivation, der Lesefl\u00fcssigkeit und des sinnerfassenden Lesens. Auf antolin.de stehen zu mehr als 70.000 Kinder \u2013 und Jugendb\u00fcchern Quizfragen zur Verf\u00fcgung. Durch das L\u00f6sen von Quizfragen zu einem gelesenen Buch k\u00f6nnen &hellip; <a href=\"https:\/\/wordpress.nibis.de\/gsmartinus\/antolin\/\">Weiterlesen <span class=\"meta-nav\">&rarr;<\/span><\/a><\/p>\n","protected":false},"author":9192899,"featured_media":0,"parent":0,"menu_order":0,"comment_status":"closed","ping_status":"closed","template":"","meta":{"footnotes":""},"class_list":["post-1434","page","type-page","status-publish","hentry"],"_links":{"self":[{"href":"https:\/\/wordpress.nibis.de\/gsmartinus\/wp-json\/wp\/v2\/pages\/1434","targetHints":{"allow":["GET"]}}],"collection":[{"href":"https:\/\/wordpress.nibis.de\/gsmartinus\/wp-json\/wp\/v2\/pages"}],"about":[{"href":"https:\/\/wordpress.nibis.de\/gsmartinus\/wp-json\/wp\/v2\/types\/page"}],"author":[{"embeddable":true,"href":"https:\/\/wordpress.nibis.de\/gsmartinus\/wp-json\/wp\/v2\/users\/9192899"}],"replies":[{"embeddable":true,"href":"https:\/\/wordpress.nibis.de\/gsmartinus\/wp-json\/wp\/v2\/comments?post=1434"}],"version-history":[{"count":14,"href":"https:\/\/wordpress.nibis.de\/gsmartinus\/wp-json\/wp\/v2\/pages\/1434\/revisions"}],"predecessor-version":[{"id":2336,"href":"https:\/\/wordpress.nibis.de\/gsmartinus\/wp-json\/wp\/v2\/pages\/1434\/revisions\/2336"}],"wp:attachment":[{"href":"https:\/\/wordpress.nibis.de\/gsmartinus\/wp-json\/wp\/v2\/media?parent=1434"}],"curies":[{"name":"wp","href":"https:\/\/api.w.org\/{rel}","templated":true}]}}