{"id":1436,"date":"2019-03-12T20:35:13","date_gmt":"2019-03-12T19:35:13","guid":{"rendered":"https:\/\/wordpress.nibis.de\/gsmartinus\/?page_id=1436"},"modified":"2026-01-14T14:16:29","modified_gmt":"2026-01-14T13:16:29","slug":"mo-ni","status":"publish","type":"page","link":"https:\/\/wordpress.nibis.de\/gsmartinus\/mo-ni\/","title":{"rendered":"MO-Ni"},"content":{"rendered":"<div class=\"wp-block-image\">\n<figure class=\"alignright is-resized\"><img decoding=\"async\" src=\"https:\/\/wordpress.nibis.de\/gsmartinus\/files\/2019\/05\/Bild-Mathe.png\" alt=\"\" class=\"wp-image-1557\" style=\"width:111px;height:77px\" \/><\/figure>\n<\/div>\n\n\n<p>Die Mathematik-Olympiade\nNiedersachsen (MO-Ni) ist ein Wettbewerb, der getrennt nach Klassenstufen\nverl\u00e4uft, und j\u00e4hrlich f\u00fcr die Jahrg\u00e4nge 3 und 4 angeboten wird. <\/p>\n\n\n<div class=\"wp-block-image\">\n<figure class=\"alignleft is-resized\"><img decoding=\"async\" src=\"https:\/\/wordpress.nibis.de\/gsmartinus\/files\/2019\/08\/Moni-2019-1-1200x675.jpg\" alt=\"\" class=\"wp-image-1595\" style=\"width:300px;height:169px\" \/><\/figure>\n<\/div>\n\n\n<p>In jeder der drei Runden\nsind drei bis sechs Aufgaben zu bearbeiten, die vor allem logisches Denken,\nKombinationsf\u00e4higkeit und kreativen Umgang mit mathematischen Methoden\nerfordern.&nbsp;&nbsp;&nbsp;&nbsp;&nbsp;&nbsp;&nbsp;&nbsp;&nbsp;&nbsp;&nbsp;&nbsp;&nbsp;&nbsp;&nbsp;&nbsp;&nbsp;&nbsp; &nbsp;&nbsp;&nbsp;&nbsp;&nbsp;&nbsp;&nbsp;&nbsp;&nbsp;&nbsp;&nbsp;&nbsp;&nbsp;&nbsp;&nbsp;&nbsp;&nbsp;&nbsp;&nbsp;&nbsp;&nbsp;&nbsp;&nbsp;&nbsp;&nbsp;&nbsp;&nbsp;&nbsp;&nbsp;&nbsp;&nbsp;&nbsp;&nbsp;&nbsp;&nbsp;&nbsp;&nbsp;&nbsp;&nbsp;&nbsp;&nbsp;&nbsp;&nbsp;&nbsp;&nbsp;&nbsp;&nbsp;&nbsp;&nbsp;&nbsp;&nbsp;&nbsp;&nbsp;&nbsp;&nbsp;&nbsp;&nbsp;&nbsp; <\/p>\n\n\n\n<p>An unserer Schule nehmen insbesondere die Sch\u00fcler*innen teil, die Spa\u00df am Knobeln und am L\u00f6sen anspruchsvoller Aufgaben haben.<\/p>\n\n\n\n<p> <a href=\"http:\/\/www.mo-ni.de\">http:\/\/www.mo-ni.de<\/a><\/p>\n","protected":false},"excerpt":{"rendered":"<p>Die Mathematik-Olympiade Niedersachsen (MO-Ni) ist ein Wettbewerb, der getrennt nach Klassenstufen verl\u00e4uft, und j\u00e4hrlich f\u00fcr die Jahrg\u00e4nge 3 und 4 angeboten wird. In jeder der drei Runden sind drei bis sechs Aufgaben zu bearbeiten, die vor allem logisches Denken, Kombinationsf\u00e4higkeit &hellip; <a href=\"https:\/\/wordpress.nibis.de\/gsmartinus\/mo-ni\/\">Weiterlesen <span class=\"meta-nav\">&rarr;<\/span><\/a><\/p>\n","protected":false},"author":9192899,"featured_media":0,"parent":0,"menu_order":0,"comment_status":"closed","ping_status":"closed","template":"","meta":{"footnotes":""},"class_list":["post-1436","page","type-page","status-publish","hentry"],"_links":{"self":[{"href":"https:\/\/wordpress.nibis.de\/gsmartinus\/wp-json\/wp\/v2\/pages\/1436","targetHints":{"allow":["GET"]}}],"collection":[{"href":"https:\/\/wordpress.nibis.de\/gsmartinus\/wp-json\/wp\/v2\/pages"}],"about":[{"href":"https:\/\/wordpress.nibis.de\/gsmartinus\/wp-json\/wp\/v2\/types\/page"}],"author":[{"embeddable":true,"href":"https:\/\/wordpress.nibis.de\/gsmartinus\/wp-json\/wp\/v2\/users\/9192899"}],"replies":[{"embeddable":true,"href":"https:\/\/wordpress.nibis.de\/gsmartinus\/wp-json\/wp\/v2\/comments?post=1436"}],"version-history":[{"count":8,"href":"https:\/\/wordpress.nibis.de\/gsmartinus\/wp-json\/wp\/v2\/pages\/1436\/revisions"}],"predecessor-version":[{"id":3022,"href":"https:\/\/wordpress.nibis.de\/gsmartinus\/wp-json\/wp\/v2\/pages\/1436\/revisions\/3022"}],"wp:attachment":[{"href":"https:\/\/wordpress.nibis.de\/gsmartinus\/wp-json\/wp\/v2\/media?parent=1436"}],"curies":[{"name":"wp","href":"https:\/\/api.w.org\/{rel}","templated":true}]}}