{"id":1443,"date":"2019-03-12T20:38:04","date_gmt":"2019-03-12T19:38:04","guid":{"rendered":"https:\/\/wordpress.nibis.de\/gsmartinus\/?page_id=1443"},"modified":"2026-04-12T17:37:03","modified_gmt":"2026-04-12T15:37:03","slug":"foerderverein","status":"publish","type":"page","link":"https:\/\/wordpress.nibis.de\/gsmartinus\/foerderverein\/","title":{"rendered":"F\u00f6rderverein"},"content":{"rendered":"\n<p>Schule ist mehr\u2026<\/p>\n\n\n\n<p>Kinder verbringen einen Teil ihres Lebens in der Schule.\nSie ist ein St\u00fcck \u201eZuhause\u201c f\u00fcr sie. Um das Schulleben f\u00fcr die Kinder\nunterst\u00fctzen zu k\u00f6nnen, wurde der F\u00f6rderverein gegr\u00fcndet.<\/p>\n\n\n\n<p>So konnten wir in den letzten Jahren mit Hilfe des\nF\u00f6rdervereins Musikinstrumente, B\u00fccher f\u00fcr die Sch\u00fclerb\u00fccherei, Spiele und\nvieles mehr anschaffen. <\/p>\n\n\n\n<p>Der F\u00f6rderverein unterst\u00fctzt au\u00dferdem das\nErntedankfr\u00fchst\u00fcck, Theaterfahrten, das Projekt \u201eJudentum begreifen\u201c und vieles\nmehr.<\/p>\n\n\n\n<p>Der j\u00e4hrliche Mitgliedsbeitrag betr\u00e4gt 12 Euro. <\/p>\n\n\n\n<p>Unsere Mitglieder k\u00f6nnen Eltern, ehemalige Eltern, Lehrer\nund Freunde der Martinusschule sein. Die Vereinsarbeit kann au\u00dfer durch regelm\u00e4\u00dfige\nfinanzielle Mittel auch durch eine Mitarbeit bei Aktionen und durch die\nUnterst\u00fctzung von Veranstaltungen, deren Erl\u00f6s dem Verein zu Gute kommt,\nunterst\u00fctzt werden.<\/p>\n\n\n\n<p>Wir freuen uns sehr \u00fcber jeden, der Mitglied wird oder ihn durch Einzelspenden, Ideen und&nbsp; Anregungen unterst\u00fctzt.<\/p>\n\n\n\n<ol class=\"wp-block-list\">\n<li>Vorsitzender: Herr Heemann<\/li>\n\n\n\n<li>Vorsitzender: Herr Schuster<\/li>\n<\/ol>\n\n\n\n<p>Kassenwart: Herr Wellmann<\/p>\n\n\n\n<p>Schriftf\u00fchrerin: Frau Nickel<\/p>\n\n\n<p><a href=\"https:\/\/wordpress.nibis.de\/gsmartinus\/files\/2022\/06\/Foerderverein_Flyer_0622.pdf\">Foerderverein_Flyer_0622<\/a><\/p>\n<p>fo&#101;&#114;&#100;&#101;&#x72;&#x76;&#x65;&#x72;&#x65;in&#64;&#109;&#97;&#114;&#x74;&#x69;&#x6e;&#x75;&#x73;sc&#104;&#117;&#108;&#101;&#x2d;&#x62;&#x72;&#x61;&#x6d;sch&#101;&#46;&#100;&#x65;<\/p>\n\n\n<p><\/p>\n","protected":false},"excerpt":{"rendered":"<p>Schule ist mehr\u2026 Kinder verbringen einen Teil ihres Lebens in der Schule. Sie ist ein St\u00fcck \u201eZuhause\u201c f\u00fcr sie. Um das Schulleben f\u00fcr die Kinder unterst\u00fctzen zu k\u00f6nnen, wurde der F\u00f6rderverein gegr\u00fcndet. So konnten wir in den letzten Jahren mit &hellip; <a href=\"https:\/\/wordpress.nibis.de\/gsmartinus\/foerderverein\/\">Weiterlesen <span class=\"meta-nav\">&rarr;<\/span><\/a><\/p>\n","protected":false},"author":9192899,"featured_media":0,"parent":0,"menu_order":0,"comment_status":"closed","ping_status":"closed","template":"","meta":{"footnotes":""},"class_list":["post-1443","page","type-page","status-publish","hentry"],"_links":{"self":[{"href":"https:\/\/wordpress.nibis.de\/gsmartinus\/wp-json\/wp\/v2\/pages\/1443","targetHints":{"allow":["GET"]}}],"collection":[{"href":"https:\/\/wordpress.nibis.de\/gsmartinus\/wp-json\/wp\/v2\/pages"}],"about":[{"href":"https:\/\/wordpress.nibis.de\/gsmartinus\/wp-json\/wp\/v2\/types\/page"}],"author":[{"embeddable":true,"href":"https:\/\/wordpress.nibis.de\/gsmartinus\/wp-json\/wp\/v2\/users\/9192899"}],"replies":[{"embeddable":true,"href":"https:\/\/wordpress.nibis.de\/gsmartinus\/wp-json\/wp\/v2\/comments?post=1443"}],"version-history":[{"count":11,"href":"https:\/\/wordpress.nibis.de\/gsmartinus\/wp-json\/wp\/v2\/pages\/1443\/revisions"}],"predecessor-version":[{"id":3274,"href":"https:\/\/wordpress.nibis.de\/gsmartinus\/wp-json\/wp\/v2\/pages\/1443\/revisions\/3274"}],"wp:attachment":[{"href":"https:\/\/wordpress.nibis.de\/gsmartinus\/wp-json\/wp\/v2\/media?parent=1443"}],"curies":[{"name":"wp","href":"https:\/\/api.w.org\/{rel}","templated":true}]}}