{"id":1447,"date":"2019-03-12T20:39:05","date_gmt":"2019-03-12T19:39:05","guid":{"rendered":"https:\/\/wordpress.nibis.de\/gsmartinus\/?page_id=1447"},"modified":"2026-02-20T14:29:33","modified_gmt":"2026-02-20T13:29:33","slug":"angebote","status":"publish","type":"page","link":"https:\/\/wordpress.nibis.de\/gsmartinus\/angebote\/","title":{"rendered":"Angebote"},"content":{"rendered":"\n<p>Nach den Hausaufgaben gibt es die Spielzeit. Dort k\u00f6nnen die Kinder drau\u00dfen spielen, kreativ in der Pausenhalle mit Legos oder Baukl\u00f6tzen bauen, malen oder basteln.<\/p>\n\n\n\n<p>Einmal im Monat gibt es f\u00fcr Klasse 1+2 sowie f\u00fcr Klasse 3+4 je eine Angebotswoche zu unterschiedlichen Themen (Kreatives Basteln, Tanzen, Bewegungsangebote&#8230;). Unter Termine k\u00f6nnen Sie einsehen, welche Schwerpunkte im jeweiligen Monat angeboten werden.<\/p>\n\n\n\n<div class=\"wp-block-columns is-layout-flex wp-container-core-columns-is-layout-abceabcf wp-block-columns-is-layout-flex\">\n<div class=\"wp-block-column is-layout-flow wp-block-column-is-layout-flow\" style=\"--col-width:100%;flex-basis:100%\">\n<div class=\"wp-block-columns is-layout-flex wp-container-core-columns-is-layout-abceabcf wp-block-columns-is-layout-flex\">\n<div class=\"wp-block-column is-layout-flow wp-block-column-is-layout-flow\"><\/div>\n\n\n\n<div class=\"wp-block-column is-layout-flow wp-block-column-is-layout-flow\"><\/div>\n\n\n\n<div class=\"wp-block-column is-layout-flow wp-block-column-is-layout-flow\"><\/div>\n<\/div>\n<\/div>\n<\/div>\n\n\n\n<div class=\"wp-block-group is-layout-grid wp-container-core-group-is-layout-9649a0d9 wp-block-group-is-layout-grid\">\n<figure class=\"wp-block-image size-large\"><img loading=\"lazy\" decoding=\"async\" width=\"1200\" height=\"675\" src=\"https:\/\/wordpress.nibis.de\/gsmartinus\/files\/2025\/06\/PHOTO-2025-06-26-14-35-23-4-1200x675.jpeg\" alt=\"\" class=\"wp-image-2745\" srcset=\"https:\/\/wordpress.nibis.de\/gsmartinus\/files\/2025\/06\/PHOTO-2025-06-26-14-35-23-4-1200x675.jpeg 1200w, https:\/\/wordpress.nibis.de\/gsmartinus\/files\/2025\/06\/PHOTO-2025-06-26-14-35-23-4-850x478.jpeg 850w, https:\/\/wordpress.nibis.de\/gsmartinus\/files\/2025\/06\/PHOTO-2025-06-26-14-35-23-4-250x141.jpeg 250w\" sizes=\"auto, (max-width: 1200px) 100vw, 1200px\" \/><\/figure>\n\n\n\n<figure class=\"wp-block-image size-large\"><img loading=\"lazy\" decoding=\"async\" width=\"1200\" height=\"675\" src=\"https:\/\/wordpress.nibis.de\/gsmartinus\/files\/2025\/09\/IMG_1057-e1759136757130-1200x675.jpeg\" alt=\"\" class=\"wp-image-2800\" srcset=\"https:\/\/wordpress.nibis.de\/gsmartinus\/files\/2025\/09\/IMG_1057-e1759136757130-1200x675.jpeg 1200w, https:\/\/wordpress.nibis.de\/gsmartinus\/files\/2025\/09\/IMG_1057-e1759136757130-850x478.jpeg 850w, https:\/\/wordpress.nibis.de\/gsmartinus\/files\/2025\/09\/IMG_1057-e1759136757130-250x141.jpeg 250w\" sizes=\"auto, (max-width: 1200px) 100vw, 1200px\" \/><\/figure>\n\n\n\n<figure class=\"wp-block-image size-large\"><img loading=\"lazy\" decoding=\"async\" width=\"1200\" height=\"675\" src=\"https:\/\/wordpress.nibis.de\/gsmartinus\/files\/2026\/01\/IMG_1473-1200x675.jpeg\" alt=\"\" class=\"wp-image-3111\" srcset=\"https:\/\/wordpress.nibis.de\/gsmartinus\/files\/2026\/01\/IMG_1473-1200x675.jpeg 1200w, https:\/\/wordpress.nibis.de\/gsmartinus\/files\/2026\/01\/IMG_1473-850x478.jpeg 850w, https:\/\/wordpress.nibis.de\/gsmartinus\/files\/2026\/01\/IMG_1473-250x141.jpeg 250w, https:\/\/wordpress.nibis.de\/gsmartinus\/files\/2026\/01\/IMG_1473-100x55.jpeg 100w\" sizes=\"auto, (max-width: 1200px) 100vw, 1200px\" \/><\/figure>\n<\/div>\n\n\n\n<div class=\"wp-block-image\"><img loading=\"lazy\" decoding=\"async\" class=\"wpa-warning wpa-image-missing-alt alignnone  wp-image-2801\" src=\"https:\/\/wordpress.nibis.de\/gsmartinus\/files\/2025\/09\/IMG_1058-e1759136490744-850x478.jpeg\" alt=\"\" width=\"233\" height=\"131\" data-warning=\"Missing alt text\" srcset=\"https:\/\/wordpress.nibis.de\/gsmartinus\/files\/2025\/09\/IMG_1058-e1759136490744-850x478.jpeg 850w, https:\/\/wordpress.nibis.de\/gsmartinus\/files\/2025\/09\/IMG_1058-e1759136490744-250x141.jpeg 250w\" sizes=\"auto, (max-width: 233px) 100vw, 233px\" \/><img loading=\"lazy\" decoding=\"async\" class=\"wpa-warning wpa-image-missing-alt alignnone  wp-image-3190\" src=\"https:\/\/wordpress.nibis.de\/gsmartinus\/files\/2026\/02\/PHOTO-2025-12-17-14-38-52-850x478.jpeg\" alt=\"\" width=\"261\" height=\"147\" data-warning=\"Missing alt text\" srcset=\"https:\/\/wordpress.nibis.de\/gsmartinus\/files\/2026\/02\/PHOTO-2025-12-17-14-38-52-850x478.jpeg 850w, https:\/\/wordpress.nibis.de\/gsmartinus\/files\/2026\/02\/PHOTO-2025-12-17-14-38-52-1200x675.jpeg 1200w, https:\/\/wordpress.nibis.de\/gsmartinus\/files\/2026\/02\/PHOTO-2025-12-17-14-38-52-250x141.jpeg 250w\" sizes=\"auto, (max-width: 261px) 100vw, 261px\" \/>\n<div class=\"wp-block-image\"><img loading=\"lazy\" decoding=\"async\" class=\"wpa-warning wpa-image-missing-alt alignnone  wp-image-3194\" src=\"https:\/\/wordpress.nibis.de\/gsmartinus\/files\/2026\/02\/3781f010-8cb0-4bc5-be73-ee73e056eaf1-850x478.jpeg\" alt=\"\" width=\"279\" height=\"157\" data-warning=\"Missing alt text\" srcset=\"https:\/\/wordpress.nibis.de\/gsmartinus\/files\/2026\/02\/3781f010-8cb0-4bc5-be73-ee73e056eaf1-850x478.jpeg 850w, https:\/\/wordpress.nibis.de\/gsmartinus\/files\/2026\/02\/3781f010-8cb0-4bc5-be73-ee73e056eaf1-1200x675.jpeg 1200w, https:\/\/wordpress.nibis.de\/gsmartinus\/files\/2026\/02\/3781f010-8cb0-4bc5-be73-ee73e056eaf1-250x141.jpeg 250w\" sizes=\"auto, (max-width: 279px) 100vw, 279px\" \/><img loading=\"lazy\" decoding=\"async\" class=\"wpa-warning wpa-image-missing-alt alignnone  wp-image-3192\" src=\"https:\/\/wordpress.nibis.de\/gsmartinus\/files\/2026\/02\/9e7c6549-3251-4f0a-9b3d-272f166a5fec-850x478.jpeg\" alt=\"\" width=\"291\" height=\"164\" data-warning=\"Missing alt text\" srcset=\"https:\/\/wordpress.nibis.de\/gsmartinus\/files\/2026\/02\/9e7c6549-3251-4f0a-9b3d-272f166a5fec-850x478.jpeg 850w, https:\/\/wordpress.nibis.de\/gsmartinus\/files\/2026\/02\/9e7c6549-3251-4f0a-9b3d-272f166a5fec-1200x675.jpeg 1200w, https:\/\/wordpress.nibis.de\/gsmartinus\/files\/2026\/02\/9e7c6549-3251-4f0a-9b3d-272f166a5fec-250x141.jpeg 250w\" sizes=\"auto, (max-width: 291px) 100vw, 291px\" \/><\/div>\n<div class=\"wp-block-image\"><img loading=\"lazy\" decoding=\"async\" class=\"wpa-warning wpa-image-missing-alt alignnone  wp-image-3193\" src=\"https:\/\/wordpress.nibis.de\/gsmartinus\/files\/2026\/02\/73d727d1-fc4d-4ee0-ae5a-bd14b56df4dd-850x478.jpeg\" alt=\"\" width=\"308\" height=\"173\" data-warning=\"Missing alt text\" srcset=\"https:\/\/wordpress.nibis.de\/gsmartinus\/files\/2026\/02\/73d727d1-fc4d-4ee0-ae5a-bd14b56df4dd-850x478.jpeg 850w, https:\/\/wordpress.nibis.de\/gsmartinus\/files\/2026\/02\/73d727d1-fc4d-4ee0-ae5a-bd14b56df4dd-1200x675.jpeg 1200w, https:\/\/wordpress.nibis.de\/gsmartinus\/files\/2026\/02\/73d727d1-fc4d-4ee0-ae5a-bd14b56df4dd-250x141.jpeg 250w\" sizes=\"auto, (max-width: 308px) 100vw, 308px\" \/><img loading=\"lazy\" decoding=\"async\" class=\"wpa-warning wpa-image-missing-alt alignnone  wp-image-3188\" src=\"https:\/\/wordpress.nibis.de\/gsmartinus\/files\/2026\/02\/PHOTO-2025-11-27-15-20-07-5-850x478.jpeg\" alt=\"\" width=\"270\" height=\"152\" data-warning=\"Missing alt text\" srcset=\"https:\/\/wordpress.nibis.de\/gsmartinus\/files\/2026\/02\/PHOTO-2025-11-27-15-20-07-5-850x478.jpeg 850w, https:\/\/wordpress.nibis.de\/gsmartinus\/files\/2026\/02\/PHOTO-2025-11-27-15-20-07-5-1200x675.jpeg 1200w, https:\/\/wordpress.nibis.de\/gsmartinus\/files\/2026\/02\/PHOTO-2025-11-27-15-20-07-5-250x141.jpeg 250w\" sizes=\"auto, (max-width: 270px) 100vw, 270px\" \/>\n<div class=\"wp-block-image\">\u00a0<\/div>\n<div class=\"wp-block-image\"><img loading=\"lazy\" decoding=\"async\" class=\"wpa-warning wpa-image-missing-alt alignnone  wp-image-2675\" src=\"https:\/\/wordpress.nibis.de\/gsmartinus\/files\/2025\/04\/Angebotswoche-April-2025-850x478.jpeg\" alt=\"\" width=\"290\" height=\"163\" data-warning=\"Missing alt text\" srcset=\"https:\/\/wordpress.nibis.de\/gsmartinus\/files\/2025\/04\/Angebotswoche-April-2025-850x478.jpeg 850w, https:\/\/wordpress.nibis.de\/gsmartinus\/files\/2025\/04\/Angebotswoche-April-2025-1200x675.jpeg 1200w, https:\/\/wordpress.nibis.de\/gsmartinus\/files\/2025\/04\/Angebotswoche-April-2025-250x141.jpeg 250w\" sizes=\"auto, (max-width: 290px) 100vw, 290px\" \/><img loading=\"lazy\" decoding=\"async\" class=\"wpa-warning wpa-image-missing-alt alignnone  wp-image-2754\" src=\"https:\/\/wordpress.nibis.de\/gsmartinus\/files\/2025\/07\/PHOTO-2025-07-01-14-08-43-850x478.jpeg\" alt=\"\" width=\"253\" height=\"142\" data-warning=\"Missing alt text\" srcset=\"https:\/\/wordpress.nibis.de\/gsmartinus\/files\/2025\/07\/PHOTO-2025-07-01-14-08-43-850x478.jpeg 850w, https:\/\/wordpress.nibis.de\/gsmartinus\/files\/2025\/07\/PHOTO-2025-07-01-14-08-43-1200x675.jpeg 1200w, https:\/\/wordpress.nibis.de\/gsmartinus\/files\/2025\/07\/PHOTO-2025-07-01-14-08-43-250x141.jpeg 250w\" sizes=\"auto, (max-width: 253px) 100vw, 253px\" \/><\/div>\n<\/div>\n<\/div>\n<div>\u00a0<\/div>\n\n\n\n<p>Hier eine Auswahl der AG-Angebote: Tanzen, Fu\u00dfball, Zeichenschule&#8230;<\/p>\n","protected":false},"excerpt":{"rendered":"<p>Nach den Hausaufgaben gibt es die Spielzeit. Dort k\u00f6nnen die Kinder drau\u00dfen spielen, kreativ in der Pausenhalle mit Legos oder Baukl\u00f6tzen bauen, malen oder basteln. Einmal im Monat gibt es f\u00fcr Klasse 1+2 sowie f\u00fcr Klasse 3+4 je eine Angebotswoche &hellip; <a href=\"https:\/\/wordpress.nibis.de\/gsmartinus\/angebote\/\">Weiterlesen <span class=\"meta-nav\">&rarr;<\/span><\/a><\/p>\n","protected":false},"author":9192899,"featured_media":0,"parent":0,"menu_order":0,"comment_status":"closed","ping_status":"closed","template":"","meta":{"footnotes":""},"class_list":["post-1447","page","type-page","status-publish","hentry"],"_links":{"self":[{"href":"https:\/\/wordpress.nibis.de\/gsmartinus\/wp-json\/wp\/v2\/pages\/1447","targetHints":{"allow":["GET"]}}],"collection":[{"href":"https:\/\/wordpress.nibis.de\/gsmartinus\/wp-json\/wp\/v2\/pages"}],"about":[{"href":"https:\/\/wordpress.nibis.de\/gsmartinus\/wp-json\/wp\/v2\/types\/page"}],"author":[{"embeddable":true,"href":"https:\/\/wordpress.nibis.de\/gsmartinus\/wp-json\/wp\/v2\/users\/9192899"}],"replies":[{"embeddable":true,"href":"https:\/\/wordpress.nibis.de\/gsmartinus\/wp-json\/wp\/v2\/comments?post=1447"}],"version-history":[{"count":15,"href":"https:\/\/wordpress.nibis.de\/gsmartinus\/wp-json\/wp\/v2\/pages\/1447\/revisions"}],"predecessor-version":[{"id":3233,"href":"https:\/\/wordpress.nibis.de\/gsmartinus\/wp-json\/wp\/v2\/pages\/1447\/revisions\/3233"}],"wp:attachment":[{"href":"https:\/\/wordpress.nibis.de\/gsmartinus\/wp-json\/wp\/v2\/media?parent=1447"}],"curies":[{"name":"wp","href":"https:\/\/api.w.org\/{rel}","templated":true}]}}