{"id":1459,"date":"2019-03-12T20:47:44","date_gmt":"2019-03-12T19:47:44","guid":{"rendered":"https:\/\/wordpress.nibis.de\/gsmartinus\/?page_id=1459"},"modified":"2019-10-23T13:19:36","modified_gmt":"2019-10-23T11:19:36","slug":"projektwochen","status":"publish","type":"page","link":"https:\/\/wordpress.nibis.de\/gsmartinus\/projektwochen\/","title":{"rendered":"Projektwochen"},"content":{"rendered":"<p><!--StartFragment--><\/p>\n\n\n<p><strong>\u201eGesund und fit \u2013 Martinusschule macht mit!\u201c<\/strong><\/p>\n\n\n\n<div class=\"wp-block-image\"><figure class=\"alignright is-resized\"><img loading=\"lazy\" decoding=\"async\" src=\"https:\/\/wordpress.nibis.de\/gsmartinus\/files\/2019\/05\/Fit.jpg\" alt=\"Dieses Bild hat ein leeres Alt-Attribut. Der Dateiname ist Fit.jpg\" width=\"206\" height=\"137\" \/><\/figure><\/div>\n\n\n\n<p>Eine weitere\nProjektwoche fand im Schuljahr 2018\/2019 in der Woche vor den Osterferien unter\ndem Motto \u201eGesund und fit \u2013 Martinusschule macht mit!\u201c statt.<\/p>\n\n\n\n<p>In dieser Woche gab es ein buntes Angebot an AGs, die von den Kindern f\u00fcr zwei Schultage gew\u00e4hlt werden konnten: Brot backen, Limonade herstellen, Laufabzeichen, Bewegungslandschaft, Tischtennis, Fit macht pfiffig, Erste-Hilfe-Kurs, Kinderyoga, Entspannung und vieles mehr. Den Abschluss bildete ein gesundes Fr\u00fchst\u00fcck mit der ganzen Schulgemeinschaft f\u00fcr das jede Klasse etwas vorbereitete. <\/p>\n\n\n\n<p><\/p>\n\n\n<p><!--EndFragment--><\/p>\n<p>\u00a0<\/p>\n\n\n<div class=\"wp-block-image\"><figure class=\"alignleft is-resized\"><img loading=\"lazy\" decoding=\"async\" src=\"https:\/\/wordpress.nibis.de\/gsmartinus\/files\/2019\/05\/IMG_1219-1200x675.jpg\" alt=\"\" class=\"wp-image-1563\" width=\"300\" height=\"169\" \/><\/figure><\/div>\n\n\n\n<p><strong>\u201eTrommelparty\u201c <\/strong><\/p>\n\n\n\n<p>Zu Beginn des\nSchuljahres 2018\/2019 fand bei uns in der Schule eine Projektwoche rund um das\nThema \u201eTrommeln\u201c statt. In einem dreit\u00e4gigen Workshop lernten die Kinder auf\nAlltagsgegenst\u00e4nden wie Kocht\u00f6pfen, Konservendosen oder Regentonnen Rhythmen zu\ntrommeln und pr\u00e4sentierten das Gelernte stolz auf dem abschlie\u00dfenden\n\u201eTrommelparty\u201c-Schulfest am Freitagnachmittag.<\/p>\n\n\n<p style=\"text-align: right\"><!--StartFragment--><\/p>\n\n\n<p><strong>\u201eZaubern\u201c<\/strong><\/p>\n\n\n\n<div class=\"wp-block-image\"><figure class=\"alignright is-resized\"><img loading=\"lazy\" decoding=\"async\" src=\"https:\/\/wordpress.nibis.de\/gsmartinus\/files\/2019\/05\/DSC00758-e1556807894783-2.jpg\" alt=\"Dieses Bild hat ein leeres Alt-Attribut. Der Dateiname ist DSC00758-e1556807894783-2.jpg\" width=\"200\" height=\"150\" \/><\/figure><\/div>\n\n\n\n<p>Im Schuljahr\n2016\/2017 bekamen wir magischen Besuch in unserer Schule. <\/p>\n\n\n\n<p>Unter dem Motto \u201e\u00dcbung macht den Meister\u201c lernten die ersten bis vierten Klassen unter Anleitung eines professionellen Zauberers das Zaubern. Nach f\u00fcnf intensiven \u00dcbungstagen pr\u00e4sentierten die Kinder stolz am Freitagnachmittag in gemischten Gruppen ihre Zaubershows in den Klassenr\u00e4umen.<\/p>\n\n\n\n<p>Wir freuen\nuns, uns im Schuljahr 2021 erneut in die Welt des Zauberns einf\u00fchren zu lassen!<\/p>\n\n\n<p><!--EndFragment--><\/p>\n<p><\/p>","protected":false},"excerpt":{"rendered":"<p>\u201eGesund und fit \u2013 Martinusschule macht mit!\u201c Eine weitere Projektwoche fand im Schuljahr 2018\/2019 in der Woche vor den Osterferien unter dem Motto \u201eGesund und fit \u2013 Martinusschule macht mit!\u201c statt. In dieser Woche gab es ein buntes Angebot an &hellip; <a href=\"https:\/\/wordpress.nibis.de\/gsmartinus\/projektwochen\/\">Weiterlesen <span class=\"meta-nav\">&rarr;<\/span><\/a><\/p>\n","protected":false},"author":9192899,"featured_media":0,"parent":0,"menu_order":0,"comment_status":"closed","ping_status":"closed","template":"","meta":{"footnotes":""},"class_list":["post-1459","page","type-page","status-publish","hentry"],"_links":{"self":[{"href":"https:\/\/wordpress.nibis.de\/gsmartinus\/wp-json\/wp\/v2\/pages\/1459","targetHints":{"allow":["GET"]}}],"collection":[{"href":"https:\/\/wordpress.nibis.de\/gsmartinus\/wp-json\/wp\/v2\/pages"}],"about":[{"href":"https:\/\/wordpress.nibis.de\/gsmartinus\/wp-json\/wp\/v2\/types\/page"}],"author":[{"embeddable":true,"href":"https:\/\/wordpress.nibis.de\/gsmartinus\/wp-json\/wp\/v2\/users\/9192899"}],"replies":[{"embeddable":true,"href":"https:\/\/wordpress.nibis.de\/gsmartinus\/wp-json\/wp\/v2\/comments?post=1459"}],"version-history":[{"count":8,"href":"https:\/\/wordpress.nibis.de\/gsmartinus\/wp-json\/wp\/v2\/pages\/1459\/revisions"}],"predecessor-version":[{"id":1751,"href":"https:\/\/wordpress.nibis.de\/gsmartinus\/wp-json\/wp\/v2\/pages\/1459\/revisions\/1751"}],"wp:attachment":[{"href":"https:\/\/wordpress.nibis.de\/gsmartinus\/wp-json\/wp\/v2\/media?parent=1459"}],"curies":[{"name":"wp","href":"https:\/\/api.w.org\/{rel}","templated":true}]}}