{"id":1461,"date":"2019-03-12T20:48:12","date_gmt":"2019-03-12T19:48:12","guid":{"rendered":"https:\/\/wordpress.nibis.de\/gsmartinus\/?page_id=1461"},"modified":"2019-05-03T12:39:23","modified_gmt":"2019-05-03T10:39:23","slug":"bundesjugendspiele","status":"publish","type":"page","link":"https:\/\/wordpress.nibis.de\/gsmartinus\/bundesjugendspiele\/","title":{"rendered":"Sportfeste"},"content":{"rendered":"\n<p><strong>Bundesjugendspiele<\/strong><\/p>\n\n\n\n<p style=\"text-align:left\">In den Monaten Mai oder Juni finden auf dem Sportplatz \u201eWiderhall\u201c die j\u00e4hrlichen Bundesjugendsiele \u201eLeichtathletik\u201c statt. Mit Eifer und sportlichem Einsatz erringen die Kinder ihre Urkunden. <\/p>\n\n\n\n<p>An dieser Stelle danken wir allen Eltern f\u00fcr ihre gro\u00dfe Unterst\u00fctzung. <\/p>\n\n\n\n<p><strong>Handballspielfeste<\/strong><\/p>\n\n\n\n<p>Die Handballabteilung des TuS Bramsche richtet j\u00e4hrlich ein Spielfest f\u00fcr die 1. und  3. Klassen aus, an dem die Kinder teilnehmen. Dabei werden die Mannschaften von Mitgliedern der Handballabteilung betreut und durch das Turnier gef\u00fchrt. <\/p>\n\n\n\n<p>Zuvor werden die Kinder in zwei Sportstunden in die Regeln des Handballs eingef\u00fchrt.<br><\/p>\n\n\n\n<p><strong>Tischtennisturnier<\/strong><\/p>\n\n\n\n<p>Seit 2018 richtet der Kreissportbund j\u00e4hrlich ein Rundlauf-Turnier f\u00fcr die Klassen 3 und 4 aus. Die Vorrunden wurden in den Schulen durchgef\u00fchrt. Das Finale fand in den letzten beiden Jahren in Engter statt.<\/p>\n\n\n\n<p><strong>Fu\u00dfballturnier der 4. Klassen<\/strong><\/p>\n\n\n\n<p>Die 4. Klassen der Bramscher Grundschulen spielen vor den Sommerferien um den &#8222;Bramscher Grundschulcup&#8220; . Jedes Jahr richtet eine andere Grundschule das Turnier aus.<\/p>\n\n\n\n<p><\/p>\n","protected":false},"excerpt":{"rendered":"<p>Bundesjugendspiele In den Monaten Mai oder Juni finden auf dem Sportplatz \u201eWiderhall\u201c die j\u00e4hrlichen Bundesjugendsiele \u201eLeichtathletik\u201c statt. Mit Eifer und sportlichem Einsatz erringen die Kinder ihre Urkunden. An dieser Stelle danken wir allen Eltern f\u00fcr ihre gro\u00dfe Unterst\u00fctzung. Handballspielfeste Die &hellip; <a href=\"https:\/\/wordpress.nibis.de\/gsmartinus\/bundesjugendspiele\/\">Weiterlesen <span class=\"meta-nav\">&rarr;<\/span><\/a><\/p>\n","protected":false},"author":9192899,"featured_media":0,"parent":0,"menu_order":0,"comment_status":"closed","ping_status":"closed","template":"","meta":{"footnotes":""},"class_list":["post-1461","page","type-page","status-publish","hentry"],"_links":{"self":[{"href":"https:\/\/wordpress.nibis.de\/gsmartinus\/wp-json\/wp\/v2\/pages\/1461","targetHints":{"allow":["GET"]}}],"collection":[{"href":"https:\/\/wordpress.nibis.de\/gsmartinus\/wp-json\/wp\/v2\/pages"}],"about":[{"href":"https:\/\/wordpress.nibis.de\/gsmartinus\/wp-json\/wp\/v2\/types\/page"}],"author":[{"embeddable":true,"href":"https:\/\/wordpress.nibis.de\/gsmartinus\/wp-json\/wp\/v2\/users\/9192899"}],"replies":[{"embeddable":true,"href":"https:\/\/wordpress.nibis.de\/gsmartinus\/wp-json\/wp\/v2\/comments?post=1461"}],"version-history":[{"count":5,"href":"https:\/\/wordpress.nibis.de\/gsmartinus\/wp-json\/wp\/v2\/pages\/1461\/revisions"}],"predecessor-version":[{"id":3027,"href":"https:\/\/wordpress.nibis.de\/gsmartinus\/wp-json\/wp\/v2\/pages\/1461\/revisions\/3027"}],"wp:attachment":[{"href":"https:\/\/wordpress.nibis.de\/gsmartinus\/wp-json\/wp\/v2\/media?parent=1461"}],"curies":[{"name":"wp","href":"https:\/\/api.w.org\/{rel}","templated":true}]}}