{"id":1957,"date":"2020-01-27T12:14:33","date_gmt":"2020-01-27T11:14:33","guid":{"rendered":"https:\/\/wordpress.nibis.de\/gsmartinus\/?page_id=1957"},"modified":"2020-01-27T12:31:30","modified_gmt":"2020-01-27T11:31:30","slug":"begabtenfoerderung","status":"publish","type":"page","link":"https:\/\/wordpress.nibis.de\/gsmartinus\/begabtenfoerderung\/","title":{"rendered":"Begabtenf\u00f6rderung"},"content":{"rendered":"\n<p>Im Nieders\u00e4chsischen Schulgesetz wird unter anderem die F\u00f6rderung f\u00fcr hochbegabte Sch\u00fcler und Sch\u00fclerinnen besonders herausgestellt (\u00a754 Absatz 1), denn junge Menschen unterscheiden sich in ihren Begabungen und F\u00e4higkeiten, in ihren Interessen und Neigungen.<\/p>\n\n\n\n<p>Seit 2015 besteht eine Kooperation der acht Bramscher Grundschulen  mit dem Greselius- Gymnasium und der IGS Bramsche. Um den besonders interessierten Sch\u00fclern und Sch\u00fclerinnen vielf\u00e4ltige und breitgef\u00e4cherte Angebote unterbreiten zu k\u00f6nnen, bieten viele Schulen oder auch au\u00dferschulische Kooperationspartner unterschiedliche Projekte an, an denen jeweils Kinder aller Grundschulen im Verbund teilnehmen k\u00f6nnen.<\/p>\n","protected":false},"excerpt":{"rendered":"<p>Im Nieders\u00e4chsischen Schulgesetz wird unter anderem die F\u00f6rderung f\u00fcr hochbegabte Sch\u00fcler und Sch\u00fclerinnen besonders herausgestellt (\u00a754 Absatz 1), denn junge Menschen unterscheiden sich in ihren Begabungen und F\u00e4higkeiten, in ihren Interessen und Neigungen. Seit 2015 besteht eine Kooperation der acht &hellip; <a href=\"https:\/\/wordpress.nibis.de\/gsmartinus\/begabtenfoerderung\/\">Weiterlesen <span class=\"meta-nav\">&rarr;<\/span><\/a><\/p>\n","protected":false},"author":9192899,"featured_media":0,"parent":0,"menu_order":0,"comment_status":"closed","ping_status":"closed","template":"","meta":{"footnotes":""},"class_list":["post-1957","page","type-page","status-publish","hentry"],"_links":{"self":[{"href":"https:\/\/wordpress.nibis.de\/gsmartinus\/wp-json\/wp\/v2\/pages\/1957","targetHints":{"allow":["GET"]}}],"collection":[{"href":"https:\/\/wordpress.nibis.de\/gsmartinus\/wp-json\/wp\/v2\/pages"}],"about":[{"href":"https:\/\/wordpress.nibis.de\/gsmartinus\/wp-json\/wp\/v2\/types\/page"}],"author":[{"embeddable":true,"href":"https:\/\/wordpress.nibis.de\/gsmartinus\/wp-json\/wp\/v2\/users\/9192899"}],"replies":[{"embeddable":true,"href":"https:\/\/wordpress.nibis.de\/gsmartinus\/wp-json\/wp\/v2\/comments?post=1957"}],"version-history":[{"count":3,"href":"https:\/\/wordpress.nibis.de\/gsmartinus\/wp-json\/wp\/v2\/pages\/1957\/revisions"}],"predecessor-version":[{"id":1961,"href":"https:\/\/wordpress.nibis.de\/gsmartinus\/wp-json\/wp\/v2\/pages\/1957\/revisions\/1961"}],"wp:attachment":[{"href":"https:\/\/wordpress.nibis.de\/gsmartinus\/wp-json\/wp\/v2\/media?parent=1957"}],"curies":[{"name":"wp","href":"https:\/\/api.w.org\/{rel}","templated":true}]}}