{"id":103,"date":"2012-04-30T22:42:41","date_gmt":"2012-04-30T22:42:41","guid":{"rendered":"http:\/\/wordpress.nibis.de\/gsmelbeck\/?page_id=103"},"modified":"2025-02-21T07:29:31","modified_gmt":"2025-02-21T06:29:31","slug":"arbeitsgemeinschaften","status":"publish","type":"page","link":"https:\/\/wordpress.nibis.de\/gsmelbeck\/schulleben\/arbeitsgemeinschaften\/","title":{"rendered":"Arbeitsgemeinschaften"},"content":{"rendered":"<p>Immer montags in der 5. Stunde finden unsere Arbeitsgemeinschaften statt.<\/p>\n<p>Ein AG-Durchgang dauert durchschnittlich 12 bis 13 Wochen. So k\u00f6nnen unsere Sch\u00fcler dreimal pro Schuljahr verschiedene AG&#8217;s ausprobieren.<\/p>\n<p><strong>Wir suchen dringend noch Unterst\u00fctzung f\u00fcr unsere Arbeitsgemeinschaften!<\/strong><\/p>\n<p>(Sie m\u00fcssen nicht unbedingt Eltern eines Sch\u00fclers sein, auch Gro\u00dfeltern sind gern willkommen.)<\/p>\n<p>Besonders unsere Koch-AG sucht einen Nachfolger\/ eine Nachfolgerin! Sie ist bei den Kindern sehr beliebt und ein gro\u00dfer Rezepte-Fundus ist vorhanden und erprobt!<\/p>\n<p><strong><span style=\"text-decoration: underline\">Unsere aktuellen Arbeitsgemeinschaften:<\/span><\/strong><\/p>\n<ul>\n<li>Schulversch\u00f6nerung<\/li>\n<li>Gesellschaftsspiele<\/li>\n<li>Sportspiele<\/li>\n<li>Ausbildung zum Pausenhelfer<\/li>\n<\/ul>\n<p><strong>Wenn auch Sie Lust und Interesse haben einmal w\u00f6chentlich eine AG an unserer Schule zu leiten, setzen Sie sich mit uns in Verbindung.<br \/>\nUnsere Sch\u00fcler und wir freuen uns sehr dar\u00fcber!<\/strong><\/p>\n","protected":false},"excerpt":{"rendered":"<p>Immer montags in der 5. Stunde finden unsere Arbeitsgemeinschaften statt. Ein AG-Durchgang dauert durchschnittlich 12 bis 13 Wochen. So k\u00f6nnen unsere Sch\u00fcler dreimal pro Schuljahr verschiedene AG&#8217;s ausprobieren. Wir suchen dringend noch Unterst\u00fctzung f\u00fcr unsere Arbeitsgemeinschaften! (Sie m\u00fcssen nicht unbedingt &hellip; <a href=\"https:\/\/wordpress.nibis.de\/gsmelbeck\/schulleben\/arbeitsgemeinschaften\/\">Weiterlesen <span class=\"meta-nav\">&rarr;<\/span><\/a><\/p>\n","protected":false},"author":34,"featured_media":0,"parent":81,"menu_order":0,"comment_status":"closed","ping_status":"closed","template":"","meta":{"footnotes":""},"class_list":["post-103","page","type-page","status-publish","hentry"],"_links":{"self":[{"href":"https:\/\/wordpress.nibis.de\/gsmelbeck\/wp-json\/wp\/v2\/pages\/103","targetHints":{"allow":["GET"]}}],"collection":[{"href":"https:\/\/wordpress.nibis.de\/gsmelbeck\/wp-json\/wp\/v2\/pages"}],"about":[{"href":"https:\/\/wordpress.nibis.de\/gsmelbeck\/wp-json\/wp\/v2\/types\/page"}],"author":[{"embeddable":true,"href":"https:\/\/wordpress.nibis.de\/gsmelbeck\/wp-json\/wp\/v2\/users\/34"}],"replies":[{"embeddable":true,"href":"https:\/\/wordpress.nibis.de\/gsmelbeck\/wp-json\/wp\/v2\/comments?post=103"}],"version-history":[{"count":17,"href":"https:\/\/wordpress.nibis.de\/gsmelbeck\/wp-json\/wp\/v2\/pages\/103\/revisions"}],"predecessor-version":[{"id":1444,"href":"https:\/\/wordpress.nibis.de\/gsmelbeck\/wp-json\/wp\/v2\/pages\/103\/revisions\/1444"}],"up":[{"embeddable":true,"href":"https:\/\/wordpress.nibis.de\/gsmelbeck\/wp-json\/wp\/v2\/pages\/81"}],"wp:attachment":[{"href":"https:\/\/wordpress.nibis.de\/gsmelbeck\/wp-json\/wp\/v2\/media?parent=103"}],"curies":[{"name":"wp","href":"https:\/\/api.w.org\/{rel}","templated":true}]}}