{"id":109,"date":"2012-04-30T22:51:54","date_gmt":"2012-04-30T22:51:54","guid":{"rendered":"http:\/\/wordpress.nibis.de\/gsmelbeck\/?page_id=109"},"modified":"2012-04-30T23:32:09","modified_gmt":"2012-04-30T23:32:09","slug":"eltern","status":"publish","type":"page","link":"https:\/\/wordpress.nibis.de\/gsmelbeck\/eltern\/","title":{"rendered":"Eltern"},"content":{"rendered":"<div>Viele Eltern m\u00f6chten sich an unserer Schule engagieren. Dazu gibt es verschiedene Gelegenheiten.<\/p>\n<ul>\n<li>In der <strong>Elternmitarbeit<\/strong>. Sprechen Sie die Klassenlehrerin Ihres Kindes an, ob und wann und wie Elternmitarbeit geplant ist. (z. Bsp. Ausflug, &#8222;Lesemutter&#8220;, Basteltag&#8230;)<\/li>\n<li>Als <strong>Klassenelternvertreter<\/strong>. Alle zwei Jahre werden diese in jeder Klasse gew\u00e4hlt und vertreten die Elternschaft der Klasse. Sie gestalten mit der Klassenlehrerin auch die Elternabende und laden zu diesen ein.<\/li>\n<li>Im <a title=\"Elternrat\" href=\"http:\/\/wordpress.nibis.de\/gsmelbeck\/eltern\/elternrat\/\"><strong>Elternrat<\/strong><\/a>. Er ber\u00e4t die Eltern in allgemeinen Schulfragen, ist in der Gesamtkonferenz vertreten und unterst\u00fctzt die Arbeit des Kollegiums. F\u00fcr die Au\u00dfendarstellung der Schule ist er ebenfalls von Bedeutung.<\/li>\n<li>Der <strong>Schulvorstand<\/strong>. In ihm wird die Schulleitung mit gew\u00e4hlten Vertretern der Erziehungsberechtigten und der Lehrkr\u00e4fte zum Wohl der Schule verantwortlich zusammenarbeiten. (Aufgaben: <a href=\"http:\/\/www.schure.de\/nschg\/nschg\/nschg2.htm\">\u00a7 38a Abs. 3 NSchG<\/a>).<\/li>\n<li>Als <strong>Sch\u00fclerlotsen<\/strong>. Sie unterst\u00fctzen den sicheren Weg der Kinder zur Schule am Zebrastreifen.<\/li>\n<li>Als <strong><a title=\"Arbeitsgemeinschaften\" href=\"http:\/\/wordpress.nibis.de\/gsmelbeck\/angebote\/arbeitsgemeinschaften\/\">&#8222;AG &#8211; Mutter&#8220;<\/a><\/strong>. Sie sind z. B. k\u00fcnstlerisch oder technisch ambitioniert und haben Lust, einmal w\u00f6chentlich eine Arbeitsgemeinschaft mit Dritt- und Viertkl\u00e4sslern zu leiten? Je mehr Elter &#8211; oder gerne auch Gro\u00dfeltern &#8211; mitmachen, desto vielf\u00e4ltiger ist unser Angebot!<\/li>\n<li>Im <a title=\"Freundeskreis\" href=\"http:\/\/wordpress.nibis.de\/gsmelbeck\/freundeskreis\/\"><strong>Freundeskreis<\/strong><\/a>. Unser F\u00f6rderverein ist eine wichtige St\u00fctze f\u00fcr unsere Arbeit in der Schule und Ihre Mitgliedschaft darin kommt allen Sch\u00fclern zugute! Informieren Sie sich dar\u00fcber auch in unserem Flyer &#8222;Freundeskreis Grundschule Melbeck&#8220;.<\/li>\n<\/ul>\n<\/div>\n","protected":false},"excerpt":{"rendered":"<p>Viele Eltern m\u00f6chten sich an unserer Schule engagieren. Dazu gibt es verschiedene Gelegenheiten. In der Elternmitarbeit. Sprechen Sie die Klassenlehrerin Ihres Kindes an, ob und wann und wie Elternmitarbeit geplant ist. (z. Bsp. Ausflug, &#8222;Lesemutter&#8220;, Basteltag&#8230;) Als Klassenelternvertreter. Alle zwei &hellip; <a href=\"https:\/\/wordpress.nibis.de\/gsmelbeck\/eltern\/\">Weiterlesen <span class=\"meta-nav\">&rarr;<\/span><\/a><\/p>\n","protected":false},"author":34,"featured_media":0,"parent":0,"menu_order":0,"comment_status":"closed","ping_status":"closed","template":"","meta":{"footnotes":""},"class_list":["post-109","page","type-page","status-publish","hentry"],"_links":{"self":[{"href":"https:\/\/wordpress.nibis.de\/gsmelbeck\/wp-json\/wp\/v2\/pages\/109","targetHints":{"allow":["GET"]}}],"collection":[{"href":"https:\/\/wordpress.nibis.de\/gsmelbeck\/wp-json\/wp\/v2\/pages"}],"about":[{"href":"https:\/\/wordpress.nibis.de\/gsmelbeck\/wp-json\/wp\/v2\/types\/page"}],"author":[{"embeddable":true,"href":"https:\/\/wordpress.nibis.de\/gsmelbeck\/wp-json\/wp\/v2\/users\/34"}],"replies":[{"embeddable":true,"href":"https:\/\/wordpress.nibis.de\/gsmelbeck\/wp-json\/wp\/v2\/comments?post=109"}],"version-history":[{"count":11,"href":"https:\/\/wordpress.nibis.de\/gsmelbeck\/wp-json\/wp\/v2\/pages\/109\/revisions"}],"predecessor-version":[{"id":180,"href":"https:\/\/wordpress.nibis.de\/gsmelbeck\/wp-json\/wp\/v2\/pages\/109\/revisions\/180"}],"wp:attachment":[{"href":"https:\/\/wordpress.nibis.de\/gsmelbeck\/wp-json\/wp\/v2\/media?parent=109"}],"curies":[{"name":"wp","href":"https:\/\/api.w.org\/{rel}","templated":true}]}}