{"id":1265,"date":"2018-12-10T12:32:18","date_gmt":"2018-12-10T11:32:18","guid":{"rendered":"http:\/\/wordpress.nibis.de\/gsmelbeck\/?page_id=1265"},"modified":"2018-12-10T12:32:18","modified_gmt":"2018-12-10T11:32:18","slug":"begabtenfoerderung","status":"publish","type":"page","link":"https:\/\/wordpress.nibis.de\/gsmelbeck\/begabtenfoerderung\/","title":{"rendered":"Begabtenf\u00f6rderung"},"content":{"rendered":"<p>Uns ist es wichtig, die St\u00e4rken aller Sch\u00fclerinnen und Sch\u00fcler im Blick zu haben. Deshalb f\u00f6rdern wir die besonderen Begabungen der Kinder: <a href=\"http:\/\/wordpress.nibis.de\/gsmelbeck\/unsere-schule\/leitbild\/schulprogramm\/konzept-der-grundschule-zur-foerderung-besonders-begabter-kinder-2\/\" rel=\"attachment wp-att-1238\">Konzept der Grundschule zur F\u00f6rderung besonders begabter Kinder-2<\/a><\/p>\n","protected":false},"excerpt":{"rendered":"<p>Uns ist es wichtig, die St\u00e4rken aller Sch\u00fclerinnen und Sch\u00fcler im Blick zu haben. Deshalb f\u00f6rdern wir die besonderen Begabungen der Kinder: Konzept der Grundschule zur F\u00f6rderung besonders begabter Kinder-2<\/p>\n","protected":false},"author":34,"featured_media":0,"parent":0,"menu_order":0,"comment_status":"closed","ping_status":"closed","template":"","meta":{"footnotes":""},"class_list":["post-1265","page","type-page","status-publish","hentry"],"_links":{"self":[{"href":"https:\/\/wordpress.nibis.de\/gsmelbeck\/wp-json\/wp\/v2\/pages\/1265","targetHints":{"allow":["GET"]}}],"collection":[{"href":"https:\/\/wordpress.nibis.de\/gsmelbeck\/wp-json\/wp\/v2\/pages"}],"about":[{"href":"https:\/\/wordpress.nibis.de\/gsmelbeck\/wp-json\/wp\/v2\/types\/page"}],"author":[{"embeddable":true,"href":"https:\/\/wordpress.nibis.de\/gsmelbeck\/wp-json\/wp\/v2\/users\/34"}],"replies":[{"embeddable":true,"href":"https:\/\/wordpress.nibis.de\/gsmelbeck\/wp-json\/wp\/v2\/comments?post=1265"}],"version-history":[{"count":1,"href":"https:\/\/wordpress.nibis.de\/gsmelbeck\/wp-json\/wp\/v2\/pages\/1265\/revisions"}],"predecessor-version":[{"id":1266,"href":"https:\/\/wordpress.nibis.de\/gsmelbeck\/wp-json\/wp\/v2\/pages\/1265\/revisions\/1266"}],"wp:attachment":[{"href":"https:\/\/wordpress.nibis.de\/gsmelbeck\/wp-json\/wp\/v2\/media?parent=1265"}],"curies":[{"name":"wp","href":"https:\/\/api.w.org\/{rel}","templated":true}]}}