{"id":1269,"date":"2018-12-12T21:42:04","date_gmt":"2018-12-12T20:42:04","guid":{"rendered":"http:\/\/wordpress.nibis.de\/gsmelbeck\/?page_id=1269"},"modified":"2018-12-12T21:47:34","modified_gmt":"2018-12-12T20:47:34","slug":"neuigkeiten","status":"publish","type":"page","link":"https:\/\/wordpress.nibis.de\/gsmelbeck\/neuigkeiten\/","title":{"rendered":"Neuigkeiten"},"content":{"rendered":"<p>Sch<a href=\"http:\/\/wordpress.nibis.de\/gsmelbeck\/neuigkeiten\/malvorlage-lehrer-s30237\/\" rel=\"attachment wp-att-1270\"><img loading=\"lazy\" decoding=\"async\" class=\"alignleft size-full wp-image-1270\" src=\"http:\/\/wordpress.nibis.de\/gsmelbeck\/files\/malvorlage-lehrer-s30237.jpg\" alt=\"\" width=\"140\" height=\"99\" \/><\/a>\u00f6n, dass Sie bei uns vorbeischauen! Wir haben einige Aktualisierungen auf unserer Homepage vorgenommen: Sie k\u00f6nnen z.B. die neuesten Evaluationsergebnisse nachlesen und einige unserer Konzepte sind angepasst worden. Besonders gelungen finden wir unsere neue Schulordnung, die in enger Zusammenarbeit mit dem Sch\u00fclerrat entwickelt wurde. Viel Spa\u00df beim St\u00f6bern!<\/p>\n","protected":false},"excerpt":{"rendered":"<p>Sch\u00f6n, dass Sie bei uns vorbeischauen! Wir haben einige Aktualisierungen auf unserer Homepage vorgenommen: Sie k\u00f6nnen z.B. die neuesten Evaluationsergebnisse nachlesen und einige unserer Konzepte sind angepasst worden. Besonders gelungen finden wir unsere neue Schulordnung, die in enger Zusammenarbeit mit &hellip; <a href=\"https:\/\/wordpress.nibis.de\/gsmelbeck\/neuigkeiten\/\">Weiterlesen <span class=\"meta-nav\">&rarr;<\/span><\/a><\/p>\n","protected":false},"author":34,"featured_media":0,"parent":0,"menu_order":0,"comment_status":"closed","ping_status":"closed","template":"","meta":{"footnotes":""},"class_list":["post-1269","page","type-page","status-publish","hentry"],"_links":{"self":[{"href":"https:\/\/wordpress.nibis.de\/gsmelbeck\/wp-json\/wp\/v2\/pages\/1269","targetHints":{"allow":["GET"]}}],"collection":[{"href":"https:\/\/wordpress.nibis.de\/gsmelbeck\/wp-json\/wp\/v2\/pages"}],"about":[{"href":"https:\/\/wordpress.nibis.de\/gsmelbeck\/wp-json\/wp\/v2\/types\/page"}],"author":[{"embeddable":true,"href":"https:\/\/wordpress.nibis.de\/gsmelbeck\/wp-json\/wp\/v2\/users\/34"}],"replies":[{"embeddable":true,"href":"https:\/\/wordpress.nibis.de\/gsmelbeck\/wp-json\/wp\/v2\/comments?post=1269"}],"version-history":[{"count":2,"href":"https:\/\/wordpress.nibis.de\/gsmelbeck\/wp-json\/wp\/v2\/pages\/1269\/revisions"}],"predecessor-version":[{"id":1272,"href":"https:\/\/wordpress.nibis.de\/gsmelbeck\/wp-json\/wp\/v2\/pages\/1269\/revisions\/1272"}],"wp:attachment":[{"href":"https:\/\/wordpress.nibis.de\/gsmelbeck\/wp-json\/wp\/v2\/media?parent=1269"}],"curies":[{"name":"wp","href":"https:\/\/api.w.org\/{rel}","templated":true}]}}