{"id":130,"date":"2012-04-30T22:58:43","date_gmt":"2012-04-30T22:58:43","guid":{"rendered":"http:\/\/wordpress.nibis.de\/gsmelbeck\/?page_id=130"},"modified":"2022-09-16T18:16:14","modified_gmt":"2022-09-16T16:16:14","slug":"beurlaubung","status":"publish","type":"page","link":"https:\/\/wordpress.nibis.de\/gsmelbeck\/eltern\/beurlaubung\/","title":{"rendered":"Krankheit, Umzug und Beurlaubung"},"content":{"rendered":"<blockquote><p>Sollte Ihr Kind erkrankt sein, rufen Sie bitte morgens ab 7.35 Uhr im Sekretariat der Schule an (Tel.: 04134-7005), um Ihr Kind zu entschuldigen. Teilen Sie dies gern auch einem benachbarten Klassenkameraden mit, da wir als Lehrkr\u00e4fte aus Sicherheitsgr\u00fcnden bei Ihnen anrufen w\u00fcrden, um uns nach dem Verbleib Ihres Kindes zu erkundigen, wenn wir bis 8.25 Uhr nichts von Ihnen geh\u00f6rt haben.\u00a0 Beachten Sie unbedingt die <strong>meldepflichtigen <\/strong>Krankheiten (f\u00fcr die Sie ein Informationsblatt erhalten haben)!<\/p><\/blockquote>\n<p>Bitte informieren Sie das Schulb\u00fcro ggf. rechtzeitig \u00fcber \u00c4nderungen der <strong>Telefonnummer<\/strong> (besonders wichtig <strong> Notfallnummer<\/strong>) oder wenn Sie einen <strong>Umzug<\/strong> planen.<\/p>\n<p>Sollten Sie Ihr Kind aufgrund wichtiger pers\u00f6nlicher Ereignisse f\u00fcr einzelne Tage vom Unterricht befreien lassen wollen, so stellen Sie diesbez\u00fcglich bitte einen schriftlichen Antrag an die Schulleitung. Vor und nach den Ferien darf eine Beurlaubung laut Schulgesetz nur unter besonderen Umst\u00e4nden erteilt werden!<\/p>\n","protected":false},"excerpt":{"rendered":"<p>Sollte Ihr Kind erkrankt sein, rufen Sie bitte morgens ab 7.35 Uhr im Sekretariat der Schule an (Tel.: 04134-7005), um Ihr Kind zu entschuldigen. Teilen Sie dies gern auch einem benachbarten Klassenkameraden mit, da wir als Lehrkr\u00e4fte aus Sicherheitsgr\u00fcnden bei &hellip; <a href=\"https:\/\/wordpress.nibis.de\/gsmelbeck\/eltern\/beurlaubung\/\">Weiterlesen <span class=\"meta-nav\">&rarr;<\/span><\/a><\/p>\n","protected":false},"author":34,"featured_media":0,"parent":109,"menu_order":0,"comment_status":"closed","ping_status":"closed","template":"","meta":{"footnotes":""},"class_list":["post-130","page","type-page","status-publish","hentry"],"_links":{"self":[{"href":"https:\/\/wordpress.nibis.de\/gsmelbeck\/wp-json\/wp\/v2\/pages\/130","targetHints":{"allow":["GET"]}}],"collection":[{"href":"https:\/\/wordpress.nibis.de\/gsmelbeck\/wp-json\/wp\/v2\/pages"}],"about":[{"href":"https:\/\/wordpress.nibis.de\/gsmelbeck\/wp-json\/wp\/v2\/types\/page"}],"author":[{"embeddable":true,"href":"https:\/\/wordpress.nibis.de\/gsmelbeck\/wp-json\/wp\/v2\/users\/34"}],"replies":[{"embeddable":true,"href":"https:\/\/wordpress.nibis.de\/gsmelbeck\/wp-json\/wp\/v2\/comments?post=130"}],"version-history":[{"count":8,"href":"https:\/\/wordpress.nibis.de\/gsmelbeck\/wp-json\/wp\/v2\/pages\/130\/revisions"}],"predecessor-version":[{"id":1411,"href":"https:\/\/wordpress.nibis.de\/gsmelbeck\/wp-json\/wp\/v2\/pages\/130\/revisions\/1411"}],"up":[{"embeddable":true,"href":"https:\/\/wordpress.nibis.de\/gsmelbeck\/wp-json\/wp\/v2\/pages\/109"}],"wp:attachment":[{"href":"https:\/\/wordpress.nibis.de\/gsmelbeck\/wp-json\/wp\/v2\/media?parent=130"}],"curies":[{"name":"wp","href":"https:\/\/api.w.org\/{rel}","templated":true}]}}