{"id":1347,"date":"2020-04-23T17:06:11","date_gmt":"2020-04-23T15:06:11","guid":{"rendered":"https:\/\/wordpress.nibis.de\/gsmelbeck\/?page_id=1347"},"modified":"2025-03-31T06:44:04","modified_gmt":"2025-03-31T04:44:04","slug":"formulare","status":"publish","type":"page","link":"https:\/\/wordpress.nibis.de\/gsmelbeck\/formulare\/","title":{"rendered":"Formulare"},"content":{"rendered":"\n<p>Hier finden Sie demn\u00e4chst alle Formulare und Antr\u00e4ge, die Sie ben\u00f6tigen, zum Herunterladen.<\/p>\n\n\n\n<p><\/p>\n\n\n\n<div class=\"wp-block-file\"><a id=\"wp-block-file--media-7e6ac48b-ba20-4fe4-b5cd-e27eb21eda90\" href=\"https:\/\/wordpress.nibis.de\/gsmelbeck\/files\/Schulordnung-GS-Melbeck.docx\">Schulordnung-GS-Melbeck<\/a><a href=\"https:\/\/wordpress.nibis.de\/gsmelbeck\/files\/Schulordnung-GS-Melbeck.docx\" class=\"wp-block-file__button\" download aria-describedby=\"wp-block-file--media-7e6ac48b-ba20-4fe4-b5cd-e27eb21eda90\">Herunterladen<\/a><\/div>\n\n\n\n<p><img alt=\"\" \/><\/p>\n<p>\u00a0<\/p>\n","protected":false},"excerpt":{"rendered":"<p>Hier finden Sie demn\u00e4chst alle Formulare und Antr\u00e4ge, die Sie ben\u00f6tigen, zum Herunterladen. \u00a0<\/p>\n","protected":false},"author":34,"featured_media":0,"parent":0,"menu_order":0,"comment_status":"closed","ping_status":"closed","template":"","meta":{"footnotes":""},"class_list":["post-1347","page","type-page","status-publish","hentry"],"_links":{"self":[{"href":"https:\/\/wordpress.nibis.de\/gsmelbeck\/wp-json\/wp\/v2\/pages\/1347","targetHints":{"allow":["GET"]}}],"collection":[{"href":"https:\/\/wordpress.nibis.de\/gsmelbeck\/wp-json\/wp\/v2\/pages"}],"about":[{"href":"https:\/\/wordpress.nibis.de\/gsmelbeck\/wp-json\/wp\/v2\/types\/page"}],"author":[{"embeddable":true,"href":"https:\/\/wordpress.nibis.de\/gsmelbeck\/wp-json\/wp\/v2\/users\/34"}],"replies":[{"embeddable":true,"href":"https:\/\/wordpress.nibis.de\/gsmelbeck\/wp-json\/wp\/v2\/comments?post=1347"}],"version-history":[{"count":9,"href":"https:\/\/wordpress.nibis.de\/gsmelbeck\/wp-json\/wp\/v2\/pages\/1347\/revisions"}],"predecessor-version":[{"id":1470,"href":"https:\/\/wordpress.nibis.de\/gsmelbeck\/wp-json\/wp\/v2\/pages\/1347\/revisions\/1470"}],"wp:attachment":[{"href":"https:\/\/wordpress.nibis.de\/gsmelbeck\/wp-json\/wp\/v2\/media?parent=1347"}],"curies":[{"name":"wp","href":"https:\/\/api.w.org\/{rel}","templated":true}]}}