{"id":22,"date":"2012-04-30T21:46:15","date_gmt":"2012-04-30T21:46:15","guid":{"rendered":"http:\/\/wordpress.nibis.de\/gsmelbeck\/?page_id=22"},"modified":"2017-09-24T14:03:57","modified_gmt":"2017-09-24T12:03:57","slug":"unsere-schule","status":"publish","type":"page","link":"https:\/\/wordpress.nibis.de\/gsmelbeck\/unsere-schule\/","title":{"rendered":"Schule"},"content":{"rendered":"<p>Wir sind eine <a title=\"Verl\u00e4ssliche Grundschule\" href=\"http:\/\/wordpress.nibis.de\/gsmelbeck\/allgemeine-informationen-uber-die-grundschule-melbeck\/verlassliche-grundschule\/\">&#8222;Verl\u00e4ssliche Grundschule&#8220;<\/a> der Samtgemeinde Ilmenau mit zurzeit<\/p>\n<ul>\n<li>8 Grundschulklassen<\/li>\n<li>11 Grundschullehrerinnen und 1 Grundschullehrer, sowie eine Referendarin<\/li>\n<li>eine F\u00f6rderschullehrerin (Schule an der Schaperdrift)<\/li>\n<li>4 P\u00e4dagogische Mitarbeiterinnen<\/li>\n<li>einer Kooperationsklasse, ihrer F\u00f6rderschullehrerin und einer Erzieherin<\/li>\n<li>ein Bufdi (Bundesfreiwilligendienst)<\/li>\n<li>einer Sekret\u00e4rin (Frau Schulz)<\/li>\n<li>und einem Hausmeister (Herrn Schindler)<\/li>\n<\/ul>\n<p><strong>Wir lernen und sind kreativ im<\/strong><br \/>\n&#8230; Werkraum, Leseraum, Computerraum, Ruhepausenraum, Musik- und Bewegungsraum, der Sporthalle, in der K\u00fcche, Textilraum, Spieleschuppen mit seinen Pausenger\u00e4ten, im Freien auf unserem vielseitigen Schulgel\u00e4nde, der <a title=\"B\u00fccherei\" href=\"http:\/\/wordpress.nibis.de\/gsmelbeck\/buecherei.htmhttp:\/\/wordpress.nibis.de\/gsmelbeck\/angebote\/bucherei\/\">Gemeindeb\u00fccherei<\/a> und, und, und &#8230; .<\/p>\n<div id='gallery-1' class='gallery galleryid-22 gallery-columns-4 gallery-size-thumbnail'><dl class='gallery-item'>\n\t\t\t<dt class='gallery-icon portrait'>\n\t\t\t\t<a href='https:\/\/wordpress.nibis.de\/gsmelbeck\/unsere-schule\/computer_01\/'><img loading=\"lazy\" decoding=\"async\" width=\"150\" height=\"150\" src=\"https:\/\/wordpress.nibis.de\/gsmelbeck\/files\/Computer_01-150x150.jpg\" class=\"attachment-thumbnail size-thumbnail\" alt=\"\" \/><\/a>\n\t\t\t<\/dt><\/dl><dl class='gallery-item'>\n\t\t\t<dt class='gallery-icon landscape'>\n\t\t\t\t<a href='https:\/\/wordpress.nibis.de\/gsmelbeck\/unsere-schule\/spielplatz_01\/'><img loading=\"lazy\" decoding=\"async\" width=\"150\" height=\"150\" src=\"https:\/\/wordpress.nibis.de\/gsmelbeck\/files\/Spielplatz_01--150x150.jpg\" class=\"attachment-thumbnail size-thumbnail\" alt=\"\" \/><\/a>\n\t\t\t<\/dt><\/dl><dl class='gallery-item'>\n\t\t\t<dt class='gallery-icon portrait'>\n\t\t\t\t<a href='https:\/\/wordpress.nibis.de\/gsmelbeck\/unsere-schule\/spielplatz_02\/'><img loading=\"lazy\" decoding=\"async\" width=\"150\" height=\"150\" src=\"https:\/\/wordpress.nibis.de\/gsmelbeck\/files\/Spielplatz_02--150x150.jpg\" class=\"attachment-thumbnail size-thumbnail\" alt=\"\" \/><\/a>\n\t\t\t<\/dt><\/dl><dl class='gallery-item'>\n\t\t\t<dt class='gallery-icon landscape'>\n\t\t\t\t<a href='https:\/\/wordpress.nibis.de\/gsmelbeck\/unsere-schule\/spielplatz_03\/'><img loading=\"lazy\" decoding=\"async\" width=\"150\" height=\"150\" src=\"https:\/\/wordpress.nibis.de\/gsmelbeck\/files\/Spielplatz_03--150x150.jpg\" class=\"attachment-thumbnail size-thumbnail\" alt=\"\" \/><\/a>\n\t\t\t<\/dt><\/dl><br style=\"clear: both\" \/><dl class='gallery-item'>\n\t\t\t<dt class='gallery-icon portrait'>\n\t\t\t\t<a href='https:\/\/wordpress.nibis.de\/gsmelbeck\/unsere-schule\/spielplatz_04\/'><img loading=\"lazy\" decoding=\"async\" width=\"150\" height=\"150\" src=\"https:\/\/wordpress.nibis.de\/gsmelbeck\/files\/Spielplatz_04--150x150.jpg\" class=\"attachment-thumbnail size-thumbnail\" alt=\"\" \/><\/a>\n\t\t\t<\/dt><\/dl><dl class='gallery-item'>\n\t\t\t<dt class='gallery-icon landscape'>\n\t\t\t\t<a href='https:\/\/wordpress.nibis.de\/gsmelbeck\/unsere-schule\/spielplatz_05\/'><img loading=\"lazy\" decoding=\"async\" width=\"150\" height=\"150\" src=\"https:\/\/wordpress.nibis.de\/gsmelbeck\/files\/Spielplatz_05--150x150.jpg\" class=\"attachment-thumbnail size-thumbnail\" alt=\"\" \/><\/a>\n\t\t\t<\/dt><\/dl><dl class='gallery-item'>\n\t\t\t<dt class='gallery-icon portrait'>\n\t\t\t\t<a href='https:\/\/wordpress.nibis.de\/gsmelbeck\/unsere-schule\/spielplatz_06\/'><img loading=\"lazy\" decoding=\"async\" width=\"150\" height=\"150\" src=\"https:\/\/wordpress.nibis.de\/gsmelbeck\/files\/Spielplatz_06--150x150.jpg\" class=\"attachment-thumbnail size-thumbnail\" alt=\"\" \/><\/a>\n\t\t\t<\/dt><\/dl><dl class='gallery-item'>\n\t\t\t<dt class='gallery-icon landscape'>\n\t\t\t\t<a href='https:\/\/wordpress.nibis.de\/gsmelbeck\/unsere-schule\/spielplatz_07\/'><img loading=\"lazy\" decoding=\"async\" width=\"150\" height=\"150\" src=\"https:\/\/wordpress.nibis.de\/gsmelbeck\/files\/Spielplatz_07--150x150.jpg\" class=\"attachment-thumbnail size-thumbnail\" alt=\"\" \/><\/a>\n\t\t\t<\/dt><\/dl><br style=\"clear: both\" \/><dl class='gallery-item'>\n\t\t\t<dt class='gallery-icon landscape'>\n\t\t\t\t<a href='https:\/\/wordpress.nibis.de\/gsmelbeck\/unsere-schule\/spielplatz_08\/'><img loading=\"lazy\" decoding=\"async\" width=\"150\" height=\"150\" src=\"https:\/\/wordpress.nibis.de\/gsmelbeck\/files\/Spielplatz_08--150x150.jpg\" class=\"attachment-thumbnail size-thumbnail\" alt=\"\" \/><\/a>\n\t\t\t<\/dt><\/dl>\n\t\t\t<br style='clear: both' \/>\n\t\t<\/div>\n\n","protected":false},"excerpt":{"rendered":"<p>Wir sind eine &#8222;Verl\u00e4ssliche Grundschule&#8220; der Samtgemeinde Ilmenau mit zurzeit 8 Grundschulklassen 11 Grundschullehrerinnen und 1 Grundschullehrer, sowie eine Referendarin eine F\u00f6rderschullehrerin (Schule an der Schaperdrift) 4 P\u00e4dagogische Mitarbeiterinnen einer Kooperationsklasse, ihrer F\u00f6rderschullehrerin und einer Erzieherin ein Bufdi (Bundesfreiwilligendienst) einer &hellip; <a href=\"https:\/\/wordpress.nibis.de\/gsmelbeck\/unsere-schule\/\">Weiterlesen <span class=\"meta-nav\">&rarr;<\/span><\/a><\/p>\n","protected":false},"author":34,"featured_media":0,"parent":0,"menu_order":0,"comment_status":"closed","ping_status":"closed","template":"","meta":{"footnotes":""},"class_list":["post-22","page","type-page","status-publish","hentry"],"_links":{"self":[{"href":"https:\/\/wordpress.nibis.de\/gsmelbeck\/wp-json\/wp\/v2\/pages\/22","targetHints":{"allow":["GET"]}}],"collection":[{"href":"https:\/\/wordpress.nibis.de\/gsmelbeck\/wp-json\/wp\/v2\/pages"}],"about":[{"href":"https:\/\/wordpress.nibis.de\/gsmelbeck\/wp-json\/wp\/v2\/types\/page"}],"author":[{"embeddable":true,"href":"https:\/\/wordpress.nibis.de\/gsmelbeck\/wp-json\/wp\/v2\/users\/34"}],"replies":[{"embeddable":true,"href":"https:\/\/wordpress.nibis.de\/gsmelbeck\/wp-json\/wp\/v2\/comments?post=22"}],"version-history":[{"count":14,"href":"https:\/\/wordpress.nibis.de\/gsmelbeck\/wp-json\/wp\/v2\/pages\/22\/revisions"}],"predecessor-version":[{"id":1183,"href":"https:\/\/wordpress.nibis.de\/gsmelbeck\/wp-json\/wp\/v2\/pages\/22\/revisions\/1183"}],"wp:attachment":[{"href":"https:\/\/wordpress.nibis.de\/gsmelbeck\/wp-json\/wp\/v2\/media?parent=22"}],"curies":[{"name":"wp","href":"https:\/\/api.w.org\/{rel}","templated":true}]}}