{"id":29,"date":"2012-04-30T21:49:26","date_gmt":"2012-04-30T21:49:26","guid":{"rendered":"http:\/\/wordpress.nibis.de\/gsmelbeck\/?page_id=29"},"modified":"2025-02-21T07:23:10","modified_gmt":"2025-02-21T06:23:10","slug":"verlassliche-grundschule","status":"publish","type":"page","link":"https:\/\/wordpress.nibis.de\/gsmelbeck\/unsere-schule\/verlassliche-grundschule\/","title":{"rendered":"Verl\u00e4ssliche Grundschule"},"content":{"rendered":"<p>&#8230; bedeutet, dass Ihr Kind von der ersten bis zur vierten Klasse verl\u00e4sslich von 8.00 bis 13.00 Uhr in der Schule unterrichtet, bzw. betreut wird.<br \/>\nF\u00fcr die Kinder der ersten Klasse bis vierten Klasse beginnt der Unterricht t\u00e4glich nach der offenen Eingangsphase um 8.25 Uhr. F\u00fcr die dritten und vierten Klassen endet der Unterricht t\u00e4glich um 13.00 Uhr, f\u00fcr die ersten Klassen t\u00e4glich, f\u00fcr die zweiten Klassen zweimal die Woche, um 12:00 Uhr.<br \/>\nSie als Eltern haben allerdings die M\u00f6glichkeit, f\u00fcr Ihr Kind in der ersten Klasse t\u00e4glich &#8211; und in der zweiten Klasse an drei Tagen in der Woche &#8211; die schulische Betreuung in der letzten Stunde &#8211; verbindlich f\u00fcr jeweils ein halbes Jahr &#8211; in Anspruch zu nehmen.<br \/>\nIhr Kind wird dann ab 12.05 Uhr von unseren P\u00e4dagogischen Mitarbeiterinnen bis 13.00 Uhr betreut.<\/p>\n<p>Bei extremen Witterungsbedingungen (Hagel, Eisgl\u00e4tte, Sturm, usw.) m\u00fcssen Sie als Eltern entscheiden, ob Sie Ihrem Kind den Schulweg zumuten k\u00f6nnen. Die Schule bietet Unterricht an.<\/p>\n","protected":false},"excerpt":{"rendered":"<p>&#8230; bedeutet, dass Ihr Kind von der ersten bis zur vierten Klasse verl\u00e4sslich von 8.00 bis 13.00 Uhr in der Schule unterrichtet, bzw. betreut wird. F\u00fcr die Kinder der ersten Klasse bis vierten Klasse beginnt der Unterricht t\u00e4glich nach der &hellip; <a href=\"https:\/\/wordpress.nibis.de\/gsmelbeck\/unsere-schule\/verlassliche-grundschule\/\">Weiterlesen <span class=\"meta-nav\">&rarr;<\/span><\/a><\/p>\n","protected":false},"author":34,"featured_media":0,"parent":22,"menu_order":0,"comment_status":"closed","ping_status":"closed","template":"","meta":{"footnotes":""},"class_list":["post-29","page","type-page","status-publish","hentry"],"_links":{"self":[{"href":"https:\/\/wordpress.nibis.de\/gsmelbeck\/wp-json\/wp\/v2\/pages\/29","targetHints":{"allow":["GET"]}}],"collection":[{"href":"https:\/\/wordpress.nibis.de\/gsmelbeck\/wp-json\/wp\/v2\/pages"}],"about":[{"href":"https:\/\/wordpress.nibis.de\/gsmelbeck\/wp-json\/wp\/v2\/types\/page"}],"author":[{"embeddable":true,"href":"https:\/\/wordpress.nibis.de\/gsmelbeck\/wp-json\/wp\/v2\/users\/34"}],"replies":[{"embeddable":true,"href":"https:\/\/wordpress.nibis.de\/gsmelbeck\/wp-json\/wp\/v2\/comments?post=29"}],"version-history":[{"count":6,"href":"https:\/\/wordpress.nibis.de\/gsmelbeck\/wp-json\/wp\/v2\/pages\/29\/revisions"}],"predecessor-version":[{"id":1441,"href":"https:\/\/wordpress.nibis.de\/gsmelbeck\/wp-json\/wp\/v2\/pages\/29\/revisions\/1441"}],"up":[{"embeddable":true,"href":"https:\/\/wordpress.nibis.de\/gsmelbeck\/wp-json\/wp\/v2\/pages\/22"}],"wp:attachment":[{"href":"https:\/\/wordpress.nibis.de\/gsmelbeck\/wp-json\/wp\/v2\/media?parent=29"}],"curies":[{"name":"wp","href":"https:\/\/api.w.org\/{rel}","templated":true}]}}