{"id":474,"date":"2013-05-31T14:56:12","date_gmt":"2013-05-31T14:56:12","guid":{"rendered":"http:\/\/wordpress.nibis.de\/gsmelbeck\/?page_id=474"},"modified":"2014-11-30T18:53:08","modified_gmt":"2014-11-30T16:53:08","slug":"lesementor","status":"publish","type":"page","link":"https:\/\/wordpress.nibis.de\/gsmelbeck\/schulleben\/lesementor\/","title":{"rendered":"Lesementor"},"content":{"rendered":"<p>Zusammenarbeit mit Lesementor e.V.<\/p>\n<p>Seit einigen Jahren arbeiten wir aktiv mit dem Verein Lesementor\u00a0e.V. zusammen.<br \/>\nMENTOR L\u00fcneburg will die Lust am Lesen f\u00f6rdern und neugierig auf B\u00fccher machen. Mentoren (die m\u00e4nnliche Form ergibt sich aus dem Vereinsnamen und steht f\u00fcr Mentorinnen und Mentoren gleicherma\u00dfen) unterst\u00fctzen Kinder, die aus den unterschiedlichsten Gr\u00fcnden Probleme mit der deutschen Sprache haben, beim Lesenlernen. Dabei arbeiten die Mentoren in enger Absprache mit \u00a0den Klassenlehrern. Die Kindern werden in kleinen Gruppen mit Zuwendung und Geduld, aber ohne Leistungsdruck zum Lesen motiviert. Durch die intensive F\u00f6rderung wollen wir die Chancen der Kinder auf schulisches und berufliches Fortkommen verbessern. Der Einsatz der Lesementoren erfolgt nach individueller Absprache mit der Klassenlehrerin.<\/p>\n<p>&nbsp;<\/p>\n","protected":false},"excerpt":{"rendered":"<p>Zusammenarbeit mit Lesementor e.V. Seit einigen Jahren arbeiten wir aktiv mit dem Verein Lesementor\u00a0e.V. zusammen. MENTOR L\u00fcneburg will die Lust am Lesen f\u00f6rdern und neugierig auf B\u00fccher machen. Mentoren (die m\u00e4nnliche Form ergibt sich aus dem Vereinsnamen und steht f\u00fcr &hellip; <a href=\"https:\/\/wordpress.nibis.de\/gsmelbeck\/schulleben\/lesementor\/\">Weiterlesen <span class=\"meta-nav\">&rarr;<\/span><\/a><\/p>\n","protected":false},"author":44,"featured_media":0,"parent":81,"menu_order":0,"comment_status":"closed","ping_status":"closed","template":"","meta":{"footnotes":""},"class_list":["post-474","page","type-page","status-publish","hentry"],"_links":{"self":[{"href":"https:\/\/wordpress.nibis.de\/gsmelbeck\/wp-json\/wp\/v2\/pages\/474","targetHints":{"allow":["GET"]}}],"collection":[{"href":"https:\/\/wordpress.nibis.de\/gsmelbeck\/wp-json\/wp\/v2\/pages"}],"about":[{"href":"https:\/\/wordpress.nibis.de\/gsmelbeck\/wp-json\/wp\/v2\/types\/page"}],"author":[{"embeddable":true,"href":"https:\/\/wordpress.nibis.de\/gsmelbeck\/wp-json\/wp\/v2\/users\/44"}],"replies":[{"embeddable":true,"href":"https:\/\/wordpress.nibis.de\/gsmelbeck\/wp-json\/wp\/v2\/comments?post=474"}],"version-history":[{"count":4,"href":"https:\/\/wordpress.nibis.de\/gsmelbeck\/wp-json\/wp\/v2\/pages\/474\/revisions"}],"predecessor-version":[{"id":752,"href":"https:\/\/wordpress.nibis.de\/gsmelbeck\/wp-json\/wp\/v2\/pages\/474\/revisions\/752"}],"up":[{"embeddable":true,"href":"https:\/\/wordpress.nibis.de\/gsmelbeck\/wp-json\/wp\/v2\/pages\/81"}],"wp:attachment":[{"href":"https:\/\/wordpress.nibis.de\/gsmelbeck\/wp-json\/wp\/v2\/media?parent=474"}],"curies":[{"name":"wp","href":"https:\/\/api.w.org\/{rel}","templated":true}]}}