{"id":478,"date":"2013-05-31T14:58:03","date_gmt":"2013-05-31T14:58:03","guid":{"rendered":"http:\/\/wordpress.nibis.de\/gsmelbeck\/?page_id=478"},"modified":"2025-02-27T09:33:47","modified_gmt":"2025-02-27T08:33:47","slug":"schulsozialarbeiter","status":"publish","type":"page","link":"https:\/\/wordpress.nibis.de\/gsmelbeck\/schulleben\/schulsozialarbeiter\/","title":{"rendered":"Schulsozialarbeiter"},"content":{"rendered":"<p align=\"center\"><b><span style=\"text-decoration: underline\">\u00a0<\/span><\/b><\/p>\n<p><strong>Schulsozialarbeit in der Grundschule<\/strong><\/p>\n<p>Unsere <strong><a href=\"https:\/\/wordpress.nibis.de\/gsembsen\/schulsozialarbeit-in-der-grundschule\/\">Schulsozialarbeit<\/a><\/strong>, vertreten durch Frau Baumgarten steht unterst\u00fctzend zur Verf\u00fcgung.<\/p>\n<p>Sie erreichen <strong><em>Frau Baumgarten<\/em><\/strong> \u00fcber seine<br \/>\nEmailadresse: <strong><em>baumgarten(at)caritas-lueneburg.de<\/em><\/strong> oder<br \/>\ntelefonisch \u00fcber: <strong><em>0151-44377708 oder 04134-900591.<\/em><\/strong><\/p>\n<p>Die Schulsozialarbeit ist ein komplement\u00e4res Angebot vom Sozialraum-Team Ilmenau des Caritasverbandes L\u00fcneburg. Die Sozialraumarbeit erfolgt im Auftrag des Landkreises L\u00fcneburg.<\/p>\n<p>Frau Baumgarten steht f\u00fcr Sch\u00fclerInnen, Eltern und Lehrkr\u00e4fte f\u00fcr Beratungen in schulrelevanten Themen sowie in Verhaltens- und Erziehungsfragen zur Verf\u00fcgung. Dar\u00fcber hinaus besteht die M\u00f6glichkeit Projekte zur St\u00e4rkung sozialer Kompetenzen mit einer Lehrkraft im Klassenverband vorzubereiten, durchzuf\u00fchren und auszuwerten.<\/p>\n<p>Im Rahmen des sozialen Lernens f\u00fchren wir seit dem Schuljahr 2012\/13 jeweils im ersten Schuljahr in der Regel ab den Herbstferien mit Frau Baumgarten ein Sozialtraining: \u201eRespekt \u00fcben \u2013 Achtung zeigen\u201c von Birgit Lohmann-Liebezeit gemeinsam mit den Klassenlehrkr\u00e4ften durch.<\/p>\n<p><strong>Donnerstags ist Frau Baumgarten seit dem Schuljahr 2023\/ 2024 in der Grundschule Melbeck anzutreffen.<\/strong><\/p>\n<p>Die enge Verkn\u00fcpfung der Schulsozialarbeit an Grundschulen mit dem Sozialraum-Team der Caritas erm\u00f6glicht weiter eine schnelle und unb\u00fcrokratische Einbindung von Eltern und Kindern in deren Beratungs-, Bildungs- und Gruppenangebote. Hier sind insbesondere die Elternkurse und die Gruppe f\u00fcr Jungen interessant.<\/p>\n<p>Weitere Informationen, auch zum neuen Elternforum, finden Sie hier: <b><a href=\"https:\/\/wordpress.nibis.de\/gsmelbeck\/schulleben\/schulsozialarbeiter\/vorstellung-melbeck-sozialarbeit-homepeage\/\" rel=\"attachment wp-att-1292\">Vorstellung Melbeck Sozialarbeit Homepeage<\/a><\/b><\/p>\n<p>Kontakt: <strong><em>baumgarten(at)caritas-lueneburg.de<\/em><\/strong> oder telefonisch unter\u00a0<strong><em>04134-900591<\/em><\/strong><\/p>\n","protected":false},"excerpt":{"rendered":"<p>\u00a0 Schulsozialarbeit in der Grundschule Unsere Schulsozialarbeit, vertreten durch Frau Baumgarten steht unterst\u00fctzend zur Verf\u00fcgung. Sie erreichen Frau Baumgarten \u00fcber seine Emailadresse: baumgarten(at)caritas-lueneburg.de oder telefonisch \u00fcber: 0151-44377708 oder 04134-900591. Die Schulsozialarbeit ist ein komplement\u00e4res Angebot vom Sozialraum-Team Ilmenau des Caritasverbandes &hellip; <a href=\"https:\/\/wordpress.nibis.de\/gsmelbeck\/schulleben\/schulsozialarbeiter\/\">Weiterlesen <span class=\"meta-nav\">&rarr;<\/span><\/a><\/p>\n","protected":false},"author":44,"featured_media":0,"parent":81,"menu_order":0,"comment_status":"closed","ping_status":"closed","template":"","meta":{"footnotes":""},"class_list":["post-478","page","type-page","status-publish","hentry"],"_links":{"self":[{"href":"https:\/\/wordpress.nibis.de\/gsmelbeck\/wp-json\/wp\/v2\/pages\/478","targetHints":{"allow":["GET"]}}],"collection":[{"href":"https:\/\/wordpress.nibis.de\/gsmelbeck\/wp-json\/wp\/v2\/pages"}],"about":[{"href":"https:\/\/wordpress.nibis.de\/gsmelbeck\/wp-json\/wp\/v2\/types\/page"}],"author":[{"embeddable":true,"href":"https:\/\/wordpress.nibis.de\/gsmelbeck\/wp-json\/wp\/v2\/users\/44"}],"replies":[{"embeddable":true,"href":"https:\/\/wordpress.nibis.de\/gsmelbeck\/wp-json\/wp\/v2\/comments?post=478"}],"version-history":[{"count":9,"href":"https:\/\/wordpress.nibis.de\/gsmelbeck\/wp-json\/wp\/v2\/pages\/478\/revisions"}],"predecessor-version":[{"id":1466,"href":"https:\/\/wordpress.nibis.de\/gsmelbeck\/wp-json\/wp\/v2\/pages\/478\/revisions\/1466"}],"up":[{"embeddable":true,"href":"https:\/\/wordpress.nibis.de\/gsmelbeck\/wp-json\/wp\/v2\/pages\/81"}],"wp:attachment":[{"href":"https:\/\/wordpress.nibis.de\/gsmelbeck\/wp-json\/wp\/v2\/media?parent=478"}],"curies":[{"name":"wp","href":"https:\/\/api.w.org\/{rel}","templated":true}]}}