{"id":56,"date":"2012-04-30T22:10:38","date_gmt":"2012-04-30T22:10:38","guid":{"rendered":"http:\/\/wordpress.nibis.de\/gsmelbeck\/?page_id=56"},"modified":"2012-04-30T23:21:29","modified_gmt":"2012-04-30T23:21:29","slug":"kooperationsklasse","status":"publish","type":"page","link":"https:\/\/wordpress.nibis.de\/gsmelbeck\/unsere-schule\/kooperationsklasse\/","title":{"rendered":"Kooperationsklasse"},"content":{"rendered":"<p>Seit 2002 gibt es eine Kooperationsklasse, die zur <a href=\"http:\/\/www.schule-knieberg.de\">F\u00f6rderschule am Knieberg<\/a> mit dem Schwerpunkt geistige Entwicklung geh\u00f6rt und in einem Klassenraum in unserem Schulgeb\u00e4ude &#8222;ihr Zuhause&#8220; hat.<br \/>\nDiese Klasse wird von einer F\u00f6rderschullehrerin, sowie einer Erzieherin geleitet und gestaltet h\u00e4ufig ihren Unterricht gemeinsam mit einer unserer Klassen.<br \/>\nWir freuen uns \u00fcber die positive Zusammenarbeit, denn die Kombination unterschiedlicher Unterrichtsmethoden bietet f\u00fcr Grund- und F\u00f6rderschulkinder die Chance, miteinander erlebten Schullebens (Feiern, Autorenlesung, Ausfl\u00fcge, Gestaltung und Durchf\u00fchrung einer Klassenfahrt u.v.m) eine wichtige Rolle, da der offene Umgang miteinander die sozialen Komponenten aller Sch\u00fcler st\u00e4rkt.<\/p>\n","protected":false},"excerpt":{"rendered":"<p>Seit 2002 gibt es eine Kooperationsklasse, die zur F\u00f6rderschule am Knieberg mit dem Schwerpunkt geistige Entwicklung geh\u00f6rt und in einem Klassenraum in unserem Schulgeb\u00e4ude &#8222;ihr Zuhause&#8220; hat. Diese Klasse wird von einer F\u00f6rderschullehrerin, sowie einer Erzieherin geleitet und gestaltet h\u00e4ufig &hellip; <a href=\"https:\/\/wordpress.nibis.de\/gsmelbeck\/unsere-schule\/kooperationsklasse\/\">Weiterlesen <span class=\"meta-nav\">&rarr;<\/span><\/a><\/p>\n","protected":false},"author":34,"featured_media":0,"parent":22,"menu_order":0,"comment_status":"closed","ping_status":"closed","template":"","meta":{"footnotes":""},"class_list":["post-56","page","type-page","status-publish","hentry"],"_links":{"self":[{"href":"https:\/\/wordpress.nibis.de\/gsmelbeck\/wp-json\/wp\/v2\/pages\/56","targetHints":{"allow":["GET"]}}],"collection":[{"href":"https:\/\/wordpress.nibis.de\/gsmelbeck\/wp-json\/wp\/v2\/pages"}],"about":[{"href":"https:\/\/wordpress.nibis.de\/gsmelbeck\/wp-json\/wp\/v2\/types\/page"}],"author":[{"embeddable":true,"href":"https:\/\/wordpress.nibis.de\/gsmelbeck\/wp-json\/wp\/v2\/users\/34"}],"replies":[{"embeddable":true,"href":"https:\/\/wordpress.nibis.de\/gsmelbeck\/wp-json\/wp\/v2\/comments?post=56"}],"version-history":[{"count":3,"href":"https:\/\/wordpress.nibis.de\/gsmelbeck\/wp-json\/wp\/v2\/pages\/56\/revisions"}],"predecessor-version":[{"id":159,"href":"https:\/\/wordpress.nibis.de\/gsmelbeck\/wp-json\/wp\/v2\/pages\/56\/revisions\/159"}],"up":[{"embeddable":true,"href":"https:\/\/wordpress.nibis.de\/gsmelbeck\/wp-json\/wp\/v2\/pages\/22"}],"wp:attachment":[{"href":"https:\/\/wordpress.nibis.de\/gsmelbeck\/wp-json\/wp\/v2\/media?parent=56"}],"curies":[{"name":"wp","href":"https:\/\/api.w.org\/{rel}","templated":true}]}}