{"id":59,"date":"2012-04-30T22:11:20","date_gmt":"2012-04-30T22:11:20","guid":{"rendered":"http:\/\/wordpress.nibis.de\/gsmelbeck\/?page_id=59"},"modified":"2016-07-07T16:59:38","modified_gmt":"2016-07-07T14:59:38","slug":"leitbild","status":"publish","type":"page","link":"https:\/\/wordpress.nibis.de\/gsmelbeck\/unsere-schule\/leitbild\/","title":{"rendered":"Leitbild"},"content":{"rendered":"<table style=\"height: 89px\" width=\"618\">\n<tbody>\n<tr>\n<td style=\"width: 272.917px\">\n<p><strong>Grundschule Melbeck\u00a0\u00a0\u00a0 <br \/><\/strong><\/p>\n<\/td>\n<td style=\"width: 269.083px\">\n<p>&nbsp;<\/p>\n<p><strong>LEITBILD<\/strong><\/p>\n<p><strong>\u00a0<\/strong><\/p>\n<\/td>\n<\/tr>\n<\/tbody>\n<\/table>\n<p>&nbsp;<\/p>\n<table>\n<tbody>\n<tr>\n<td width=\"111\">\n<p><strong>Wer sind wir?<\/strong><\/p>\n<\/td>\n<td width=\"503\">\n<p>Die Grundschule Melbeck ist eine \u00fcberschaubare, zweiz\u00fcgige Grundschule mit einem weitl\u00e4ufigen Schulgel\u00e4nde im l\u00e4ndlichen Einzugsgebiet von L\u00fcneburg.<\/p>\n<\/td>\n<\/tr>\n<tr>\n<td width=\"111\">\n<p><strong>\u00a0<\/strong><\/p>\n<p><strong>F\u00fcr wen sind wir da? <\/strong><\/p>\n<p><strong>\u00a0<\/strong><\/p>\n<\/td>\n<td width=\"503\">\n<p>\u00b7\u00a0\u00a0\u00a0\u00a0\u00a0\u00a0\u00a0\u00a0 Wir sind eine vielf\u00e4ltige Gemeinschaft, in der <u>alle<\/u> Kinder mit ihren pers\u00f6nlichen St\u00e4rken und Schw\u00e4chen f\u00fcr uns im Mittelpunkt stehen.<\/p>\n<p>\u00b7\u00a0\u00a0\u00a0\u00a0\u00a0\u00a0\u00a0\u00a0 Wir f\u00f6rdern und fordern sie im Rahmen der Inklusion nach ihren individuellen M\u00f6glichkeiten.\u00a0\u00a0<\/p>\n<p>\u00b7\u00a0\u00a0\u00a0\u00a0\u00a0\u00a0\u00a0\u00a0 Wir bieten den Kindern im Rahmen des Kooperationsverbundes \u201eBegabungen f\u00f6rdern\u201c wechselnde Angebote.<\/p>\n<p>\u00b7\u00a0\u00a0\u00a0\u00a0\u00a0\u00a0\u00a0\u00a0 Wir kooperieren mit der Schule am Knieberg im F\u00f6rderschwerpunkt geistige Entwicklung.<\/p>\n<\/td>\n<\/tr>\n<tr>\n<td width=\"111\">\n<p><strong>\u00a0<\/strong><\/p>\n<p><strong>Worauf legen wir Wert?<\/strong><\/p>\n<\/td>\n<td width=\"503\">\n<p>\u00b7\u00a0\u00a0\u00a0\u00a0\u00a0\u00a0\u00a0\u00a0 Unsere Schule ist ein Lernort, der von einer vertrauensvollen und intensiven Zusammenarbeit zwischen Sch\u00fclern, Eltern, Lehrkr\u00e4ften und Mitarbeitern gepr\u00e4gt ist.<\/p>\n<p>\u00b7\u00a0\u00a0\u00a0\u00a0\u00a0\u00a0\u00a0\u00a0 Wir legen Wert auf gegenseitige Achtung und einen friedlichen, respektvollen Umgang miteinander.<\/p>\n<p>\u00b7\u00a0\u00a0\u00a0\u00a0\u00a0\u00a0\u00a0\u00a0 Wir schaffen ein positives Lernklima, in dem sich Neugier, Freude, Kreativit\u00e4t, Hilfsbereitschaft, Disziplin und Anstrengungsbereitschaft entwickeln.<\/p>\n<p>\u00b7\u00a0\u00a0\u00a0\u00a0\u00a0\u00a0\u00a0\u00a0 Wir erziehen zu Selbstst\u00e4ndigkeit, Eigenverantwortung und Konfliktf\u00e4higkeit.<\/p>\n<p>&nbsp;<\/p>\n<\/td>\n<\/tr>\n<tr>\n<td width=\"111\">\n<p><strong>\u00a0<\/strong><\/p>\n<p><strong>Was ist uns wichtig?<\/strong><\/p>\n<\/td>\n<td width=\"503\">\n<p>\u00b7\u00a0\u00a0\u00a0\u00a0\u00a0\u00a0\u00a0\u00a0 Wir nutzen vielf\u00e4ltige Unterrichtsformen, vom freien selbstbestimmten Lernen bis hin zu qualifiziertem Frontalunterricht.<\/p>\n<p>&nbsp;<\/p>\n<p>Wichtig sind uns<\/p>\n<p>&#8211;\u00a0\u00a0\u00a0\u00a0\u00a0\u00a0 Sicherheit durch klare Absprachen und Regeln<\/p>\n<p>&#8211;\u00a0\u00a0\u00a0\u00a0\u00a0\u00a0 schulische Rituale und wiederkehrende Veranstaltungen aus sportlichen und musisch-kulturellen Bereichen\u00a0<\/p>\n<p>&#8211;\u00a0\u00a0\u00a0\u00a0\u00a0\u00a0 kontinuierliche Klassenf\u00fchrung<\/p>\n<p>&#8211;\u00a0\u00a0\u00a0\u00a0\u00a0\u00a0 gute Vernetzung in den Jahrgangsteams<\/p>\n<p>&nbsp;<\/p>\n<\/td>\n<\/tr>\n<tr>\n<td width=\"111\">\n<p><strong>\u00a0<\/strong><\/p>\n<p><strong>Was bieten wir noch?<\/strong><\/p>\n<p><strong>\u00a0<\/strong><\/p>\n<\/td>\n<td width=\"503\">\n<p>&nbsp;<\/p>\n<p>Wir kooperieren mit vielen au\u00dferschulischen Partnern aus der Region, um unser Lern- und Betreuungsangebot zu erweitern.<\/p>\n<p>&nbsp;<\/p>\n<\/td>\n<\/tr>\n<tr>\n<td width=\"111\">\n<p><strong>\u00a0<\/strong><\/p>\n<p><strong>Wo wollen wir hin?<\/strong><\/p>\n<\/td>\n<td width=\"503\">\n<p>&nbsp;<\/p>\n<p>Wir entwickeln zurzeit das Konzept zur Ganztagsschule.<\/p>\n<p>&nbsp;<\/p>\n<\/td>\n<\/tr>\n<\/tbody>\n<\/table>\n<p>&nbsp;<\/p>\n","protected":false},"excerpt":{"rendered":"<p>Grundschule Melbeck\u00a0\u00a0\u00a0 &nbsp; LEITBILD \u00a0 &nbsp; Wer sind wir? Die Grundschule Melbeck ist eine \u00fcberschaubare, zweiz\u00fcgige Grundschule mit einem weitl\u00e4ufigen Schulgel\u00e4nde im l\u00e4ndlichen Einzugsgebiet von L\u00fcneburg. \u00a0 F\u00fcr wen sind wir da? \u00a0 \u00b7\u00a0\u00a0\u00a0\u00a0\u00a0\u00a0\u00a0\u00a0 Wir sind eine vielf\u00e4ltige Gemeinschaft, in &hellip; <a href=\"https:\/\/wordpress.nibis.de\/gsmelbeck\/unsere-schule\/leitbild\/\">Weiterlesen <span class=\"meta-nav\">&rarr;<\/span><\/a><\/p>\n","protected":false},"author":34,"featured_media":0,"parent":22,"menu_order":0,"comment_status":"closed","ping_status":"closed","template":"","meta":{"footnotes":""},"class_list":["post-59","page","type-page","status-publish","hentry"],"_links":{"self":[{"href":"https:\/\/wordpress.nibis.de\/gsmelbeck\/wp-json\/wp\/v2\/pages\/59","targetHints":{"allow":["GET"]}}],"collection":[{"href":"https:\/\/wordpress.nibis.de\/gsmelbeck\/wp-json\/wp\/v2\/pages"}],"about":[{"href":"https:\/\/wordpress.nibis.de\/gsmelbeck\/wp-json\/wp\/v2\/types\/page"}],"author":[{"embeddable":true,"href":"https:\/\/wordpress.nibis.de\/gsmelbeck\/wp-json\/wp\/v2\/users\/34"}],"replies":[{"embeddable":true,"href":"https:\/\/wordpress.nibis.de\/gsmelbeck\/wp-json\/wp\/v2\/comments?post=59"}],"version-history":[{"count":7,"href":"https:\/\/wordpress.nibis.de\/gsmelbeck\/wp-json\/wp\/v2\/pages\/59\/revisions"}],"predecessor-version":[{"id":1010,"href":"https:\/\/wordpress.nibis.de\/gsmelbeck\/wp-json\/wp\/v2\/pages\/59\/revisions\/1010"}],"up":[{"embeddable":true,"href":"https:\/\/wordpress.nibis.de\/gsmelbeck\/wp-json\/wp\/v2\/pages\/22"}],"wp:attachment":[{"href":"https:\/\/wordpress.nibis.de\/gsmelbeck\/wp-json\/wp\/v2\/media?parent=59"}],"curies":[{"name":"wp","href":"https:\/\/api.w.org\/{rel}","templated":true}]}}