{"id":62,"date":"2012-04-30T22:12:05","date_gmt":"2012-04-30T22:12:05","guid":{"rendered":"http:\/\/wordpress.nibis.de\/gsmelbeck\/?page_id=62"},"modified":"2012-04-30T23:22:04","modified_gmt":"2012-04-30T23:22:04","slug":"regionales-konzept-rik","status":"publish","type":"page","link":"https:\/\/wordpress.nibis.de\/gsmelbeck\/unsere-schule\/regionales-konzept-rik\/","title":{"rendered":"Regionales Konzept &#8222;RIK&#8220;"},"content":{"rendered":"<p>Unsere Schule geh\u00f6rt seit dem Schuljahr 09\/10 dem &#8222;Regionalen Konzept&#8220; an. Das bedeutet, dass unserer Schule ein bestimmtes Kontingent an F\u00f6rderschullehrkraftstunden von unserer zust\u00e4ndigen F\u00f6rderschule, der Schule an der Schaperdrift, zur Verf\u00fcgung gestellt wird und diese F\u00f6rderschullehrkr\u00e4fte uns zus\u00e4tzlich unterst\u00fctzen.<br \/>\nUnser Ziel ist es, m\u00f6glichst fr\u00fch die Entstehung von Lern-, Verhaltens- und Sprachst\u00f6rungen festzustellen, um ihnen durch pr\u00e4ventive Ma\u00dfnahmen entgegenzuwirken zu k\u00f6nnen sowie Kinder mit Lernschwierigkeiten gezielt zu unterst\u00fctzen.<br \/>\nKinder, bei denen ein sonderp\u00e4dagogischer F\u00f6rderbedarf in den Schwerpunkten Sprache, Lernen und Verhalten festgestellt wird, verbleiben an unserer Schule, werden ggf. zieldifferent unterrichtet und wechseln in der Regel nicht an die F\u00f6rderschule.<\/p>\n<p>Aufgaben des gemeinsamen Unterrichts unserer Sch\u00fcler sind:<\/p>\n<ul>\n<li>Die F\u00f6rderung des sozialen Lernens und der Entwicklung von Sozialkompetenz<\/li>\n<li>Lernen von- und miteinander<\/li>\n<li>Einbeziehung des sozialen Umfeldes von Kindern mit sonderp\u00e4dagogischem F\u00f6rderbedarf durch Wohnortn\u00e4he<\/li>\n<li>St\u00e4rkung des Selbstvertrauens und Selbstwertgef\u00fchls aufgrund der selbstverst\u00e4ndlichen Akzeptanz individueller Leistungsst\u00e4rken und -grenzen.<\/li>\n<li>Angleichung des normalen Schullebens f\u00fcr Kinder mit und ohne sonderp\u00e4dagogischen F\u00f6rderbedarf<\/li>\n<li>Erleben und Akzeptanz des Andersseins von Menschen<\/li>\n<\/ul>\n","protected":false},"excerpt":{"rendered":"<p>Unsere Schule geh\u00f6rt seit dem Schuljahr 09\/10 dem &#8222;Regionalen Konzept&#8220; an. Das bedeutet, dass unserer Schule ein bestimmtes Kontingent an F\u00f6rderschullehrkraftstunden von unserer zust\u00e4ndigen F\u00f6rderschule, der Schule an der Schaperdrift, zur Verf\u00fcgung gestellt wird und diese F\u00f6rderschullehrkr\u00e4fte uns zus\u00e4tzlich unterst\u00fctzen. &hellip; <a href=\"https:\/\/wordpress.nibis.de\/gsmelbeck\/unsere-schule\/regionales-konzept-rik\/\">Weiterlesen <span class=\"meta-nav\">&rarr;<\/span><\/a><\/p>\n","protected":false},"author":34,"featured_media":0,"parent":22,"menu_order":0,"comment_status":"closed","ping_status":"closed","template":"","meta":{"footnotes":""},"class_list":["post-62","page","type-page","status-publish","hentry"],"_links":{"self":[{"href":"https:\/\/wordpress.nibis.de\/gsmelbeck\/wp-json\/wp\/v2\/pages\/62","targetHints":{"allow":["GET"]}}],"collection":[{"href":"https:\/\/wordpress.nibis.de\/gsmelbeck\/wp-json\/wp\/v2\/pages"}],"about":[{"href":"https:\/\/wordpress.nibis.de\/gsmelbeck\/wp-json\/wp\/v2\/types\/page"}],"author":[{"embeddable":true,"href":"https:\/\/wordpress.nibis.de\/gsmelbeck\/wp-json\/wp\/v2\/users\/34"}],"replies":[{"embeddable":true,"href":"https:\/\/wordpress.nibis.de\/gsmelbeck\/wp-json\/wp\/v2\/comments?post=62"}],"version-history":[{"count":3,"href":"https:\/\/wordpress.nibis.de\/gsmelbeck\/wp-json\/wp\/v2\/pages\/62\/revisions"}],"predecessor-version":[{"id":161,"href":"https:\/\/wordpress.nibis.de\/gsmelbeck\/wp-json\/wp\/v2\/pages\/62\/revisions\/161"}],"up":[{"embeddable":true,"href":"https:\/\/wordpress.nibis.de\/gsmelbeck\/wp-json\/wp\/v2\/pages\/22"}],"wp:attachment":[{"href":"https:\/\/wordpress.nibis.de\/gsmelbeck\/wp-json\/wp\/v2\/media?parent=62"}],"curies":[{"name":"wp","href":"https:\/\/api.w.org\/{rel}","templated":true}]}}