{"id":73,"date":"2012-04-30T22:29:39","date_gmt":"2012-04-30T22:29:39","guid":{"rendered":"http:\/\/wordpress.nibis.de\/gsmelbeck\/?page_id=73"},"modified":"2025-08-29T10:29:03","modified_gmt":"2025-08-29T08:29:03","slug":"unser-team","status":"publish","type":"page","link":"https:\/\/wordpress.nibis.de\/gsmelbeck\/unsere-schule\/unser-team\/","title":{"rendered":"Unser Team"},"content":{"rendered":"<h3>Schulleitung:<\/h3>\n<ul>\n<li>Herr Schirrmacher<\/li>\n<\/ul>\n<h3>Lehrerinnen:<\/h3>\n<ul>\n<li>Frau Kramer 1a<\/li>\n<li>Frau Niemann 1b<\/li>\n<li>Frau Lackmann 2a<\/li>\n<li>Frau Jankowski 2b<\/li>\n<li>Frau Leithe 3a<\/li>\n<li>Frau Rauch Wolter 3b<\/li>\n<li>Frau Gr\u00f6ter 4a<\/li>\n<li>Frau Bergen 4b<\/li>\n<li>Frau Pabst 4c<\/li>\n<li>Frau Wiegard<\/li>\n<\/ul>\n<p>F\u00f6rderschullehrerin:<\/p>\n<ul>\n<li>Frau K\u00fcppers<\/li>\n<\/ul>\n<h3>Lehramtsanw\u00e4rterin:<\/h3>\n<ul>\n<li>Frau Jahns<\/li>\n<\/ul>\n<h3>P\u00e4dagogische Mitarbeiterinnen:<\/h3>\n<ul>\n<li>Frau Hohls<\/li>\n<li>Frau Sander<\/li>\n<li>Frau Schulz<\/li>\n<li>Frau Gutt<\/li>\n<li>Frau Pein<\/li>\n<li>Frau Fahl<\/li>\n<\/ul>\n<h3>Freiwilliges soziales Jahr:<\/h3>\n<ul>\n<li>Leon Engling<\/li>\n<\/ul>\n<h3>Sekretariat:<\/h3>\n<ul>\n<li>Frau Schulz<\/li>\n<\/ul>\n<h3>Hausmeister:<\/h3>\n<ul>\n<li>Herr Schindler<\/li>\n<\/ul>\n","protected":false},"excerpt":{"rendered":"<p>Schulleitung: Herr Schirrmacher Lehrerinnen: Frau Kramer 1a Frau Niemann 1b Frau Lackmann 2a Frau Jankowski 2b Frau Leithe 3a Frau Rauch Wolter 3b Frau Gr\u00f6ter 4a Frau Bergen 4b Frau Pabst 4c Frau Wiegard F\u00f6rderschullehrerin: Frau K\u00fcppers Lehramtsanw\u00e4rterin: Frau Jahns &hellip; <a href=\"https:\/\/wordpress.nibis.de\/gsmelbeck\/unsere-schule\/unser-team\/\">Weiterlesen <span class=\"meta-nav\">&rarr;<\/span><\/a><\/p>\n","protected":false},"author":34,"featured_media":0,"parent":22,"menu_order":0,"comment_status":"closed","ping_status":"closed","template":"","meta":{"footnotes":""},"class_list":["post-73","page","type-page","status-publish","hentry"],"_links":{"self":[{"href":"https:\/\/wordpress.nibis.de\/gsmelbeck\/wp-json\/wp\/v2\/pages\/73","targetHints":{"allow":["GET"]}}],"collection":[{"href":"https:\/\/wordpress.nibis.de\/gsmelbeck\/wp-json\/wp\/v2\/pages"}],"about":[{"href":"https:\/\/wordpress.nibis.de\/gsmelbeck\/wp-json\/wp\/v2\/types\/page"}],"author":[{"embeddable":true,"href":"https:\/\/wordpress.nibis.de\/gsmelbeck\/wp-json\/wp\/v2\/users\/34"}],"replies":[{"embeddable":true,"href":"https:\/\/wordpress.nibis.de\/gsmelbeck\/wp-json\/wp\/v2\/comments?post=73"}],"version-history":[{"count":35,"href":"https:\/\/wordpress.nibis.de\/gsmelbeck\/wp-json\/wp\/v2\/pages\/73\/revisions"}],"predecessor-version":[{"id":1486,"href":"https:\/\/wordpress.nibis.de\/gsmelbeck\/wp-json\/wp\/v2\/pages\/73\/revisions\/1486"}],"up":[{"embeddable":true,"href":"https:\/\/wordpress.nibis.de\/gsmelbeck\/wp-json\/wp\/v2\/pages\/22"}],"wp:attachment":[{"href":"https:\/\/wordpress.nibis.de\/gsmelbeck\/wp-json\/wp\/v2\/media?parent=73"}],"curies":[{"name":"wp","href":"https:\/\/api.w.org\/{rel}","templated":true}]}}