{"id":77,"date":"2012-04-30T23:23:33","date_gmt":"2012-04-30T23:23:33","guid":{"rendered":"http:\/\/wordpress.nibis.de\/gsmelbeck\/?page_id=77"},"modified":"2021-11-23T18:16:16","modified_gmt":"2021-11-23T17:16:16","slug":"unterrichtszeiten","status":"publish","type":"page","link":"https:\/\/wordpress.nibis.de\/gsmelbeck\/unsere-schule\/unterrichtszeiten\/","title":{"rendered":"Unterrichtszeiten"},"content":{"rendered":"<table style=\"height: 188px;width: 100%\" width=\"505\">\n<tbody>\n<tr valign=\"bottom\">\n<td style=\"width: 19.5522%\" width=\"95\">Fr\u00fchstunde <\/td>\n<td style=\"width: 12.8358%\" width=\"55\">7.35<\/td>\n<td style=\"width: 8.95522%\">&#8211;<\/td>\n<td style=\"width: 13.1343%\" width=\"55\">8.20 <\/td>\n<\/tr>\n<tr>\n<td style=\"width: 19.5522%\">1. Std.<\/td>\n<td style=\"width: 12.8358%\">8.25<\/td>\n<td style=\"width: 8.95522%\">&#8211;<\/td>\n<td style=\"width: 13.1343%\">9.10<\/td>\n<td style=\"width: 37.3134%\">10 min. Fr\u00fchst\u00fcckspause<\/td>\n<\/tr>\n<tr>\n<td style=\"width: 19.5522%\">2. Std.<\/td>\n<td style=\"width: 12.8358%\">9.20<\/td>\n<td style=\"width: 8.95522%\">&#8211;<\/td>\n<td style=\"width: 13.1343%\">10.05<\/td>\n<td style=\"width: 37.3134%\">1. Hofpause (20 min.)<\/td>\n<\/tr>\n<tr>\n<td style=\"width: 19.5522%\">3. Std.<\/td>\n<td style=\"width: 12.8358%\">10.25<\/td>\n<td style=\"width: 8.95522%\">&#8211;<\/td>\n<td style=\"width: 13.1343%\">11:10<\/td>\n<td style=\"width: 37.3134%\">5 min. Pause<\/td>\n<\/tr>\n<tr>\n<td style=\"width: 19.5522%\">4. Std.<\/td>\n<td style=\"width: 12.8358%\">11:15<\/td>\n<td style=\"width: 8.95522%\">&#8211;<\/td>\n<td style=\"width: 13.1343%\">12:00<\/td>\n<td style=\"width: 37.3134%\">2. Hofpause (15 min)<\/td>\n<td style=\"width: 8.0597%\">\u00a0<\/td>\n<\/tr>\n<tr>\n<td style=\"width: 19.5522%\">5. Std.<\/td>\n<td style=\"width: 12.8358%\">12:15<\/td>\n<td style=\"width: 8.95522%\">&#8211;<\/td>\n<td style=\"width: 13.1343%\">13.00<\/td>\n<td style=\"width: 37.3134%\">\u00a0<\/td>\n<td style=\"width: 8.0597%\">\u00a0<\/td>\n<\/tr>\n<\/tbody>\n<\/table>\n\n","protected":false},"excerpt":{"rendered":"<p>Fr\u00fchstunde 7.35 &#8211; 8.20 1. Std. 8.25 &#8211; 9.10 10 min. Fr\u00fchst\u00fcckspause 2. Std. 9.20 &#8211; 10.05 1. Hofpause (20 min.) 3. Std. 10.25 &#8211; 11:10 5 min. Pause 4. Std. 11:15 &#8211; 12:00 2. Hofpause (15 min) \u00a0 5. &hellip; <a href=\"https:\/\/wordpress.nibis.de\/gsmelbeck\/unsere-schule\/unterrichtszeiten\/\">Weiterlesen <span class=\"meta-nav\">&rarr;<\/span><\/a><\/p>\n","protected":false},"author":34,"featured_media":0,"parent":22,"menu_order":0,"comment_status":"closed","ping_status":"closed","template":"","meta":{"footnotes":""},"class_list":["post-77","page","type-page","status-publish","hentry"],"_links":{"self":[{"href":"https:\/\/wordpress.nibis.de\/gsmelbeck\/wp-json\/wp\/v2\/pages\/77","targetHints":{"allow":["GET"]}}],"collection":[{"href":"https:\/\/wordpress.nibis.de\/gsmelbeck\/wp-json\/wp\/v2\/pages"}],"about":[{"href":"https:\/\/wordpress.nibis.de\/gsmelbeck\/wp-json\/wp\/v2\/types\/page"}],"author":[{"embeddable":true,"href":"https:\/\/wordpress.nibis.de\/gsmelbeck\/wp-json\/wp\/v2\/users\/34"}],"replies":[{"embeddable":true,"href":"https:\/\/wordpress.nibis.de\/gsmelbeck\/wp-json\/wp\/v2\/comments?post=77"}],"version-history":[{"count":7,"href":"https:\/\/wordpress.nibis.de\/gsmelbeck\/wp-json\/wp\/v2\/pages\/77\/revisions"}],"predecessor-version":[{"id":1376,"href":"https:\/\/wordpress.nibis.de\/gsmelbeck\/wp-json\/wp\/v2\/pages\/77\/revisions\/1376"}],"up":[{"embeddable":true,"href":"https:\/\/wordpress.nibis.de\/gsmelbeck\/wp-json\/wp\/v2\/pages\/22"}],"wp:attachment":[{"href":"https:\/\/wordpress.nibis.de\/gsmelbeck\/wp-json\/wp\/v2\/media?parent=77"}],"curies":[{"name":"wp","href":"https:\/\/api.w.org\/{rel}","templated":true}]}}