{"id":81,"date":"2012-04-30T22:32:42","date_gmt":"2012-04-30T22:32:42","guid":{"rendered":"http:\/\/wordpress.nibis.de\/gsmelbeck\/?page_id=81"},"modified":"2012-05-28T18:56:35","modified_gmt":"2012-05-28T18:56:35","slug":"schulleben","status":"publish","type":"page","link":"https:\/\/wordpress.nibis.de\/gsmelbeck\/schulleben\/","title":{"rendered":"Schulleben"},"content":{"rendered":"<p>Um Schule zu gestalten, bem\u00fchen wir uns ein abwechslungsreiches\u00a0Schulleben f\u00fcr alle Sch\u00fcler und Sch\u00fclerinnen, aber auch f\u00fcr die Eltern\u00a0anzubieten. Dazu geh\u00f6ren regelm\u00e4\u00dfig wiederkehrende Veranstaltungen, die\u00a0im Laufe der Jahre gewachsen sind.<br \/>\nVon sportlichen Aktivit\u00e4ten, wie Schlittschuhlaufen,\u00a0Topspin-Schultenniscup, V\u00f6lkerballturnier und dem Sport- und Spielefest am\u00a0Ende des Schuljahres oder die Zusammenarbeit mit dem SchuBz, der j\u00e4hrlich\u00a0stattfindende Lesetag mit Autorenlesung, der B\u00fcchermarkt in der\u00a0Vor-Adventszeit wollen wir gemeinsame besondere Erlebnisse im Schulalltag\u00a0schaffen und vielf\u00e4ltig aktiv werden.<\/p>\n","protected":false},"excerpt":{"rendered":"<p>Um Schule zu gestalten, bem\u00fchen wir uns ein abwechslungsreiches\u00a0Schulleben f\u00fcr alle Sch\u00fcler und Sch\u00fclerinnen, aber auch f\u00fcr die Eltern\u00a0anzubieten. Dazu geh\u00f6ren regelm\u00e4\u00dfig wiederkehrende Veranstaltungen, die\u00a0im Laufe der Jahre gewachsen sind. Von sportlichen Aktivit\u00e4ten, wie Schlittschuhlaufen,\u00a0Topspin-Schultenniscup, V\u00f6lkerballturnier und dem Sport- und &hellip; <a href=\"https:\/\/wordpress.nibis.de\/gsmelbeck\/schulleben\/\">Weiterlesen <span class=\"meta-nav\">&rarr;<\/span><\/a><\/p>\n","protected":false},"author":34,"featured_media":0,"parent":0,"menu_order":0,"comment_status":"closed","ping_status":"closed","template":"","meta":{"footnotes":""},"class_list":["post-81","page","type-page","status-publish","hentry"],"_links":{"self":[{"href":"https:\/\/wordpress.nibis.de\/gsmelbeck\/wp-json\/wp\/v2\/pages\/81","targetHints":{"allow":["GET"]}}],"collection":[{"href":"https:\/\/wordpress.nibis.de\/gsmelbeck\/wp-json\/wp\/v2\/pages"}],"about":[{"href":"https:\/\/wordpress.nibis.de\/gsmelbeck\/wp-json\/wp\/v2\/types\/page"}],"author":[{"embeddable":true,"href":"https:\/\/wordpress.nibis.de\/gsmelbeck\/wp-json\/wp\/v2\/users\/34"}],"replies":[{"embeddable":true,"href":"https:\/\/wordpress.nibis.de\/gsmelbeck\/wp-json\/wp\/v2\/comments?post=81"}],"version-history":[{"count":4,"href":"https:\/\/wordpress.nibis.de\/gsmelbeck\/wp-json\/wp\/v2\/pages\/81\/revisions"}],"predecessor-version":[{"id":285,"href":"https:\/\/wordpress.nibis.de\/gsmelbeck\/wp-json\/wp\/v2\/pages\/81\/revisions\/285"}],"wp:attachment":[{"href":"https:\/\/wordpress.nibis.de\/gsmelbeck\/wp-json\/wp\/v2\/media?parent=81"}],"curies":[{"name":"wp","href":"https:\/\/api.w.org\/{rel}","templated":true}]}}