{"id":922,"date":"2015-09-24T14:23:25","date_gmt":"2015-09-24T12:23:25","guid":{"rendered":"http:\/\/wordpress.nibis.de\/gsmelbeck\/?page_id=922"},"modified":"2025-08-04T11:49:09","modified_gmt":"2025-08-04T09:49:09","slug":"kalender","status":"publish","type":"page","link":"https:\/\/wordpress.nibis.de\/gsmelbeck\/termine\/kalender\/","title":{"rendered":"Kalender"},"content":{"rendered":"<p>28.02.2025  Faschingsfeier<\/p>\n<p>24.04.2025  Informationsabend der neuen 1. Klassen<\/p>\n<p>22.05.2025 Deutsches Sportabzeichen<\/p>\n<p>23.06.2025  Zeugnisskonferenzen<\/p>\n<p>Einschulungsfeier<br \/>\nAm Samstag den 16.08.2025 wird die Einschulung der neuen Erstkl\u00e4ssler gefeiert. Die Feier beginnt um 10:00 Uhr in der Grundschule Melbeck. Anschlie\u00dfend geht es f\u00fcr die zuk\u00fcnftigen Erstkl\u00e4ssler mit der neuen Klassenlehrerin in die erste Unterrichtsstunde.<br \/>\nDie Eltern und Geschwisterkinder k\u00f6nnen die Zeit bei einem Getr\u00e4nk und Kuchen in der Schule \u00fcberbr\u00fccken.<\/p>\n\n\n","protected":false},"excerpt":{"rendered":"","protected":false},"author":34,"featured_media":0,"parent":207,"menu_order":0,"comment_status":"closed","ping_status":"closed","template":"","meta":{"footnotes":""},"class_list":["post-922","page","type-page","status-publish","hentry"],"_links":{"self":[{"href":"https:\/\/wordpress.nibis.de\/gsmelbeck\/wp-json\/wp\/v2\/pages\/922","targetHints":{"allow":["GET"]}}],"collection":[{"href":"https:\/\/wordpress.nibis.de\/gsmelbeck\/wp-json\/wp\/v2\/pages"}],"about":[{"href":"https:\/\/wordpress.nibis.de\/gsmelbeck\/wp-json\/wp\/v2\/types\/page"}],"author":[{"embeddable":true,"href":"https:\/\/wordpress.nibis.de\/gsmelbeck\/wp-json\/wp\/v2\/users\/34"}],"replies":[{"embeddable":true,"href":"https:\/\/wordpress.nibis.de\/gsmelbeck\/wp-json\/wp\/v2\/comments?post=922"}],"version-history":[{"count":8,"href":"https:\/\/wordpress.nibis.de\/gsmelbeck\/wp-json\/wp\/v2\/pages\/922\/revisions"}],"predecessor-version":[{"id":1474,"href":"https:\/\/wordpress.nibis.de\/gsmelbeck\/wp-json\/wp\/v2\/pages\/922\/revisions\/1474"}],"up":[{"embeddable":true,"href":"https:\/\/wordpress.nibis.de\/gsmelbeck\/wp-json\/wp\/v2\/pages\/207"}],"wp:attachment":[{"href":"https:\/\/wordpress.nibis.de\/gsmelbeck\/wp-json\/wp\/v2\/media?parent=922"}],"curies":[{"name":"wp","href":"https:\/\/api.w.org\/{rel}","templated":true}]}}