{"id":99,"date":"2012-04-30T22:40:51","date_gmt":"2012-04-30T22:40:51","guid":{"rendered":"http:\/\/wordpress.nibis.de\/gsmelbeck\/?page_id=99"},"modified":"2015-09-28T16:45:06","modified_gmt":"2015-09-28T14:45:06","slug":"bucherei","status":"publish","type":"page","link":"https:\/\/wordpress.nibis.de\/gsmelbeck\/schulleben\/bucherei\/","title":{"rendered":"B\u00fccherei"},"content":{"rendered":"<p><a href=\"http:\/\/wordpress.nibis.de\/gsmelbeck\/files\/Bibliothek.jpg.gif\"><img loading=\"lazy\" decoding=\"async\" class=\"alignleft size-full wp-image-917\" src=\"http:\/\/wordpress.nibis.de\/gsmelbeck\/files\/Bibliothek.jpg.gif\" alt=\"Bibliothek.jpg\" width=\"111\" height=\"90\" \/><\/a>Einmal w\u00f6chentlich nutzen unsere Sch\u00fcler das vielseitige Angebot unserer Gemeindeb\u00fccherei, die sich in unserer Schule befindet und leihen sich dort B\u00fccher aus. Diese k\u00f6nnen sie privat lesen oder auch f\u00fcr unterrichtliche Zwecke nutzen.<\/p>\n","protected":false},"excerpt":{"rendered":"<p>Einmal w\u00f6chentlich nutzen unsere Sch\u00fcler das vielseitige Angebot unserer Gemeindeb\u00fccherei, die sich in unserer Schule befindet und leihen sich dort B\u00fccher aus. Diese k\u00f6nnen sie privat lesen oder auch f\u00fcr unterrichtliche Zwecke nutzen.<\/p>\n","protected":false},"author":34,"featured_media":0,"parent":81,"menu_order":0,"comment_status":"closed","ping_status":"closed","template":"","meta":{"footnotes":""},"class_list":["post-99","page","type-page","status-publish","hentry"],"_links":{"self":[{"href":"https:\/\/wordpress.nibis.de\/gsmelbeck\/wp-json\/wp\/v2\/pages\/99","targetHints":{"allow":["GET"]}}],"collection":[{"href":"https:\/\/wordpress.nibis.de\/gsmelbeck\/wp-json\/wp\/v2\/pages"}],"about":[{"href":"https:\/\/wordpress.nibis.de\/gsmelbeck\/wp-json\/wp\/v2\/types\/page"}],"author":[{"embeddable":true,"href":"https:\/\/wordpress.nibis.de\/gsmelbeck\/wp-json\/wp\/v2\/users\/34"}],"replies":[{"embeddable":true,"href":"https:\/\/wordpress.nibis.de\/gsmelbeck\/wp-json\/wp\/v2\/comments?post=99"}],"version-history":[{"count":7,"href":"https:\/\/wordpress.nibis.de\/gsmelbeck\/wp-json\/wp\/v2\/pages\/99\/revisions"}],"predecessor-version":[{"id":935,"href":"https:\/\/wordpress.nibis.de\/gsmelbeck\/wp-json\/wp\/v2\/pages\/99\/revisions\/935"}],"up":[{"embeddable":true,"href":"https:\/\/wordpress.nibis.de\/gsmelbeck\/wp-json\/wp\/v2\/pages\/81"}],"wp:attachment":[{"href":"https:\/\/wordpress.nibis.de\/gsmelbeck\/wp-json\/wp\/v2\/media?parent=99"}],"curies":[{"name":"wp","href":"https:\/\/api.w.org\/{rel}","templated":true}]}}