{"id":141,"date":"2017-02-15T15:33:44","date_gmt":"2017-02-15T14:33:44","guid":{"rendered":"http:\/\/wordpress.nibis.de\/gsmenslage\/?page_id=141"},"modified":"2018-05-28T14:04:40","modified_gmt":"2018-05-28T12:04:40","slug":"wissenswertes-von-a-z","status":"publish","type":"page","link":"https:\/\/wordpress.nibis.de\/gsmenslage\/wissenswertes-von-a-z\/","title":{"rendered":"Wegweiser von A-Z"},"content":{"rendered":"<h1><\/h1>\n<p><span style=\"font-family: comic sans ms,sans-serif\"><strong>Aufsicht<br \/>\n<\/strong>Ab 7.50 Uhr, sowie w\u00e4hrend der Hofpausen, werden die Kinder auf dem Schulhof beaufsichtigt. Nach dem Unterricht ist eine Aufsicht an der Bushaltestelle.<\/span><\/p>\n<p><span style=\"font-family: comic sans ms,sans-serif\"><strong>Au\u00dferschulische Angebote<br \/>\n<\/strong>Die Gruppe \u201eOsMoJug\u201c ist ein Angebot des Jugendamts und der Samtgemeinde und findet montags bis donnerstags von 13.15 \u2013 15.30 Uhr statt.<\/span><\/p>\n<p><span style=\"font-family: comic sans ms,sans-serif\">Die Gruppe \u201eKraftwerk\u201c ist eine Ma\u00dfnahme des Landkreises und der Samtgemeinde und findet an 10 Terminen dienstags von 13.45 \u2013 16.00 Uhr statt.<\/span><\/p>\n<p><span style=\"font-family: comic sans ms,sans-serif\"><strong>Betreuung<br \/>\n<\/strong>\u2026 findet f\u00fcr die Klassen 1 und 2 montags bis freitags von 12.10 Uhr bis 13.10 Uhr statt. Zu Beginn jedes Schulhalbjahres k\u00f6nnen die Kinder verbindlich angemeldet werden.<\/span><\/p>\n<p><span style=\"font-family: comic sans ms,sans-serif\"><strong>Bringen und Abholen<br \/>\n<\/strong>Um die Sicherheit Ihrer Kinder nicht zu gef\u00e4hrden, ist es unerl\u00e4sslich, beim Bringen und Abholen der Kinder <strong>nicht<\/strong> auf den Schulhof zu fahren. Ihre Kinder sollen m\u00f6glichst ohne elterliche Begleitung in die Klasse gehen.<\/span><\/p>\n<p><span style=\"font-family: comic sans ms,sans-serif\"><strong>B\u00fccherei<br \/>\n<\/strong>Ihre Kinder gehen w\u00f6chentlich in Begleitung ihrer Lehrerin \/ ihres Lehrers in die B\u00fccherei und k\u00f6nnen dort kostenlos B\u00fccher ausleihen.<\/span><\/p>\n<p><strong>Computerraum\u00a0\u00a0\u00a0\u00a0\u00a0\u00a0\u00a0\u00a0\u00a0\u00a0\u00a0\u00a0\u00a0\u00a0\u00a0\u00a0\u00a0\u00a0\u00a0\u00a0\u00a0\u00a0\u00a0\u00a0\u00a0\u00a0\u00a0\u00a0\u00a0\u00a0\u00a0\u00a0\u00a0\u00a0\u00a0\u00a0\u00a0\u00a0\u00a0\u00a0\u00a0\u00a0\u00a0\u00a0\u00a0\u00a0\u00a0\u00a0\u00a0\u00a0\u00a0\u00a0\u00a0\u00a0\u00a0\u00a0\u00a0\u00a0\u00a0\u00a0\u00a0\u00a0\u00a0\u00a0\u00a0\u00a0\u00a0\u00a0\u00a0\u00a0\u00a0\u00a0\u00a0\u00a0\u00a0\u00a0\u00a0\u00a0\u00a0\u00a0\u00a0\u00a0\u00a0\u00a0\u00a0\u00a0\u00a0\u00a0\u00a0\u00a0\u00a0\u00a0\u00a0\u00a0\u00a0\u00a0\u00a0\u00a0\u00a0\u00a0\u00a0\u00a0\u00a0\u00a0\u00a0\u00a0\u00a0\u00a0\u00a0\u00a0\u00a0\u00a0\u00a0\u00a0\u00a0\u00a0\u00a0\u00a0\u00a0\u00a0\u00a0\u00a0\u00a0\u00a0\u00a0\u00a0\u00a0\u00a0\u00a0\u00a0\u00a0\u00a0\u00a0\u00a0\u00a0\u00a0\u00a0\u00a0\u00a0\u00a0\u00a0\u00a0\u00a0\u00a0\u00a0\u00a0\u00a0\u00a0\u00a0 <\/strong><span style=\"font-family: comic sans ms, sans-serif\">An der Grundschule Menslage gibt es einen Computerraum, der mit einem Klassensatz an Laptops ausgestattet ist. Der Computerraum wird regelm\u00e4\u00dfig in den einzelnen F\u00e4chern benutzt. Die Kinder d\u00fcrfen hier nur unter Aufsicht eines Erwachsenen arbeiten. Das Essen und Trinken ist in diesem Raum nicht erlaubt.<\/span><\/p>\n<p><span style=\"font-family: comic sans ms,sans-serif\"><strong>Elternabende<br \/>\n<\/strong>\u2026 finden ein \u2013 bis zweimal im Schuljahr statt. In den Jahrg\u00e4ngen eins und drei werden jeweils Elternvertreter\/innen \u00a0gew\u00e4hlt. Auf der Tagesordnung stehen zudem schwerpunktm\u00e4\u00dfig Informationen zu Unterrichtsinhalten, Terminabsprachen sowie ein Austausch \u00fcber die Anliegen der Eltern.<\/span><\/p>\n<p><span style=\"font-family: comic sans ms,sans-serif\"><strong>Elternrat<br \/>\n<\/strong>Die gew\u00e4hlten Elternvertreter\/innen der einzelnen Klassen bilden gemeinsam den Schulelternrat. Sie vertreten die Eltern in Gesamt-, Klassen- und Fachkonferenzen und stehen als Ansprechpartner zur Verf\u00fcgung. Die aktuellen Mitglieder finden sich im Elternbrief und an der Pinnwand in der Schule.<\/span><\/p>\n<p><span style=\"font-family: comic sans ms,sans-serif\"><strong>Elternsprechtage<br \/>\n<\/strong>\u2026 werden zweimal im Schuljahr angeboten. Dazu erhalten Sie jeweils eine Einladung.<\/span><\/p>\n<p><span style=\"font-family: comic sans ms,sans-serif\"><strong>Entschuldigung vom Unterricht<br \/>\n<\/strong>Kann Ihr Kind die Schule nicht besuchen, so teilen Sie das bitte am selben Tag telefonisch der Schule und anschlie\u00dfend schriftlich im Mitteilungsheft mit.<\/span><\/p>\n<p><span style=\"font-family: comic sans ms,sans-serif\"><strong>Fundsachen<br \/>\n<\/strong>\u2026 werden an der Garderobe oder auf dem Tisch im hinteren Flur aufbewahrt (in der N\u00e4he des Sekretariats).<\/span><\/p>\n<p><span style=\"font-family: comic sans ms,sans-serif\"><strong>F\u00f6rderverein<br \/>\n<\/strong>Der F\u00f6rderverein unterst\u00fctzt die Schule bei unterschiedlichen Projekten, die allein mit den der Schule zur Verf\u00fcgung stehenden Mitteln nicht in dem Umfang bzw. nur mit h\u00f6heren Kostenbeteiligungen der Eltern m\u00f6glich w\u00e4ren. Dies sind z.B. Pr\u00e4ventionsprojekte wie \u201eMein K\u00f6rper geh\u00f6rt mir\u201c, Aufstockung der Schulbibliothek, Anschaffung von Pausenspielzeug u.a.<\/span><\/p>\n<p><span style=\"font-family: comic sans ms,sans-serif\"><strong>Hausaufgaben<br \/>\n<\/strong>Laut RdErl. d. MK. vom 22.03.2012 sollen die Kinder der Grundschule maximal eine halbe Stunde f\u00fcr die Erledigung der Hausaufgaben ben\u00f6tigen. Sollte ihr Kind mehr Zeit brauchen, suchen Sie bitte das Gespr\u00e4ch mit der Klassenlehrerin\/dem Klassenlehrer.<\/span><\/p>\n<p><span style=\"font-family: comic sans ms,sans-serif\"><strong>Homepage<br \/>\n<\/strong>Unter der Adresse <a href=\"http:\/\/www.gs-menslage.de\/\"><strong>www.gs-menslage.de<\/strong><\/a> finden Sie organisatorische und inhaltliche Informationen, Termine und vieles mehr.<\/span><\/p>\n<p><span style=\"font-family: comic sans ms,sans-serif\"><strong>Meldepflichtige Krankheiten<br \/>\n<\/strong>Falls Ihr Kind L\u00e4use hat, benachrichtigen Sie bitte sofort die Schule. Das Kind darf nach richtiger Anwendung der entsprechenden Mittel (z.B. Nyda oder Jacutin) und mit \u00e4rztlichem Attest wieder in die Schule kommen. Auch alle weiteren ansteckenden Krankheiten,wie z.B. Scharlach, Masern, R\u00f6teln, Windpocken etc. m\u00fcssen der Schule sofort mitgeteilt werden.<\/span><\/p>\n<p><span style=\"font-family: comic sans ms,sans-serif\"><strong>Mitteilungsheft<br \/>\n<\/strong>\u2026 wird zu Beginn jedes Schuljahres \u00fcber die Schule angeschafft und dient dem Austausch zwischen Schule und Elternhaus.<\/span><\/p>\n<p><span style=\"font-family: comic sans ms,sans-serif\"><strong>\u00a0<\/strong><strong>Offene Ganztagsschule<br \/>\n<\/strong>\u2026 findet montags bis mittwochs in der Zeit von 13.15 \u2013 15.15 Uhr statt. Zu Beginn jedes Schulhalbjahres k\u00f6nnen Sie Ihr Kind dazu verbindlich anmelden. Abmeldungen von der Teilnahme am Mittagessen sollen morgens bis sp\u00e4testens 9.00 Uhr der Schule mitgeteilt werden.<\/span><\/p>\n<p><span style=\"font-family: comic sans ms,sans-serif\"><strong>Paten<br \/>\n<\/strong>Alle Erstkl\u00e4ssler\/innen bekommen eine\/n \u00e4ltere\/n Mitsch\u00fcler\/in als Paten, welcher ihnen hilft und als Ansprechpartner zur Seite steht.<\/span><\/p>\n<p><span style=\"font-family: comic sans ms,sans-serif\"><strong>Sport- oder Schwimmunterricht<br \/>\n<\/strong>Bei Nichtteilnahme geben Sie bitte Ihrem Kind eine Entschuldigung mit zur Schule (-&gt; Mitteilungsheft). Wenn Ihr Kind l\u00e4nger als zwei Wochen nicht teilnehmen kann, ben\u00f6tigt die Schule ein \u00e4rztliches Attest.<\/span><\/p>\n<p><span style=\"font-family: comic sans ms,sans-serif\"><strong>Schulobst<br \/>\n<\/strong>Unsere Schule nimmt am Projekt \u201eSchulobst\u201c, finanziert vom Land Niedersachsen, teil. Jeden Dienstag, Mittwoch und Freitag bekommen die Kinder frisches Obst und Gem\u00fcse, welches der Obstdienst w\u00e4scht und kleinschneidet.<\/span><\/p>\n<p><span style=\"font-family: comic sans ms,sans-serif\"><strong>Schulprogramm<br \/>\n<\/strong>Die Schule hat ein umfangreiches Schulprogramm mit allen schulischen Konzepten, Vereinbarungen und Vorhaben. Das Leitbild gibt eine \u00dcbersicht \u00fcber unsere schulischen Schwerpunkte. Das komplette Schulprogramm kann gerne in der Schule eingesehen werden.<\/span><\/p>\n<p><span style=\"font-family: comic sans ms,sans-serif\"><strong>Schulvorstand<br \/>\n<\/strong>Im Schulvorstand wirken die Schulleitung, Vertreter der Lehrkr\u00e4fte und der Erziehungsberechtigten jeweils zur gleichen Anzahl zusammen, um die Arbeit der Schule mit dem Ziel der Qualit\u00e4tsentwicklung zu gestalten (nach \u00a738 NSchG).<\/span><\/p>\n<p><span style=\"font-family: comic sans ms,sans-serif\"><strong>Schulzahnarzt<br \/>\n<\/strong>Einmal im Jahr werden die Kinder vom schul\u00e4rztlichen Dienst der Gesundheits\u00e4mter kostenlos untersucht, aber nicht behandelt. Sie als Eltern bekommen eine Mitteilung, ob evtl. eine Behandlung n\u00f6tig ist.<\/span><\/p>\n<p><span style=\"font-family: comic sans ms,sans-serif\"><strong>Spielzeugausleihe<br \/>\n<\/strong>In den Hofpausen k\u00f6nnen die Kinder unter Abgabe ihres Ausweises Spielzeug ausleihen. Der Spielzeugdienst beaufsichtigt die Ausleihe.<\/span><\/p>\n<p><span style=\"font-family: comic sans ms,sans-serif\"><strong>Unf\u00e4lle<br \/>\n<\/strong>Bei Unf\u00e4llen in der Schule, auf dem Schulhof oder auf dem Schulweg, benachrichtigen Sie bitte sofort die Schule. Der aufgesuchte Arzt muss darauf hingewiesen werden, dass es sich um einen Schulunfall handelt.<\/span><\/p>\n<p><span style=\"font-family: comic sans ms,sans-serif\"><strong>Wasserautomat<br \/>\n<\/strong>In der K\u00fcche steht ein Wasserautomat, an dem sich jedes Kind in den Pausen selbst Wasser zapfen kann.<\/span><\/p>\n<p><span style=\"font-family: comic sans ms,sans-serif\"><strong>Witterungsbedingter Unterrichtsausfall<\/strong><\/span><br \/>\n<span style=\"font-family: comic sans ms,sans-serif\"> Die Entscheidung, ob der Unterricht (bei z.B. Glatteis) ausfallen muss, trifft die Landesschulbeh\u00f6rde. Die Entscheidung wird \u00fcber H\u00f6rfunk, Fernsehen oder Internet bekanntgegeben. Erziehungsberechtigte, die eine unzumutbare Gef\u00e4hrdung auf dem Schulweg durch extreme Witterungsverh\u00e4ltnisse bef\u00fcrchten, k\u00f6nnen ihre Kinder f\u00fcr einen Tag zu Hause behalten oder vorzeitig vom Unterricht abholen (nach RdErl. d. MK v. 20.12.2013)<\/span><br \/>\n<span style=\"font-family: comic sans ms,sans-serif\"> Die Schulleitung entscheidet, ob bei Hitzefrei oder extremen Witterungsverh\u00e4ltnissender Unterricht fr\u00fcher beendet wird.\u00a0 Abweichend vom Stundenplan werden die Kinder nur nach Hause entlassen, wenn dieses mit den Eltern abgesprochen ist.<\/span><br \/>\n<span style=\"font-family: comic sans ms,sans-serif\"> Eine Betreuung ist in jedem Fall gew\u00e4hrleistet.<\/span><\/p>\n<p><span style=\"font-family: comic sans ms,sans-serif\"><strong>Zuletzt<\/strong><\/span><br \/>\n<span style=\"font-family: comic sans ms,sans-serif\"> \u2026 weisen wir darauf hin, dass diese Auflistung nat\u00fcrlich nur eine grobe Orientierung geben kann. In Elternbriefen und auf den Elternabenden werden stets aktuelle Informationen gegeben. Mit Fragen und Anregungen wenden Sie sich gerne an die Klassenlehrer\/innen oder an die Schulleitung.<\/span><\/p>\n","protected":false},"excerpt":{"rendered":"<p>Aufsicht Ab 7.50 Uhr, sowie w\u00e4hrend der Hofpausen, werden die Kinder auf dem Schulhof beaufsichtigt. Nach dem Unterricht ist eine Aufsicht an der Bushaltestelle. Au\u00dferschulische Angebote Die Gruppe \u201eOsMoJug\u201c ist ein Angebot des Jugendamts und der Samtgemeinde und findet montags bis donnerstags von 13.15 \u2013 15.30 Uhr statt. Die Gruppe \u201eKraftwerk\u201c ist eine Ma\u00dfnahme des &hellip; <a href=\"https:\/\/wordpress.nibis.de\/gsmenslage\/wissenswertes-von-a-z\/\" class=\"more-link\">Weiterlesen <span class=\"screen-reader-text\">Wegweiser von A-Z<\/span><\/a><\/p>\n","protected":false},"author":1243,"featured_media":0,"parent":0,"menu_order":0,"comment_status":"closed","ping_status":"closed","template":"","meta":{"footnotes":""},"class_list":["post-141","page","type-page","status-publish","hentry","without-featured-image"],"_links":{"self":[{"href":"https:\/\/wordpress.nibis.de\/gsmenslage\/wp-json\/wp\/v2\/pages\/141","targetHints":{"allow":["GET"]}}],"collection":[{"href":"https:\/\/wordpress.nibis.de\/gsmenslage\/wp-json\/wp\/v2\/pages"}],"about":[{"href":"https:\/\/wordpress.nibis.de\/gsmenslage\/wp-json\/wp\/v2\/types\/page"}],"author":[{"embeddable":true,"href":"https:\/\/wordpress.nibis.de\/gsmenslage\/wp-json\/wp\/v2\/users\/1243"}],"replies":[{"embeddable":true,"href":"https:\/\/wordpress.nibis.de\/gsmenslage\/wp-json\/wp\/v2\/comments?post=141"}],"version-history":[{"count":10,"href":"https:\/\/wordpress.nibis.de\/gsmenslage\/wp-json\/wp\/v2\/pages\/141\/revisions"}],"predecessor-version":[{"id":693,"href":"https:\/\/wordpress.nibis.de\/gsmenslage\/wp-json\/wp\/v2\/pages\/141\/revisions\/693"}],"wp:attachment":[{"href":"https:\/\/wordpress.nibis.de\/gsmenslage\/wp-json\/wp\/v2\/media?parent=141"}],"curies":[{"name":"wp","href":"https:\/\/api.w.org\/{rel}","templated":true}]}}