{"id":212,"date":"2017-02-18T19:35:17","date_gmt":"2017-02-18T18:35:17","guid":{"rendered":"http:\/\/wordpress.nibis.de\/gsmenslage\/?page_id=212"},"modified":"2017-11-17T14:48:00","modified_gmt":"2017-11-17T13:48:00","slug":"erziehungsvereinbarung","status":"publish","type":"page","link":"https:\/\/wordpress.nibis.de\/gsmenslage\/erziehungsvereinbarung\/","title":{"rendered":"Erziehungsvereinbarung"},"content":{"rendered":"<h1><a name=\"_Toc431469789\"><\/a><span style=\"font-size: 14pt;font-family: comic sans ms,sans-serif\"><u>Warum eine Erziehungsvereinbarung?<\/u><\/span><\/h1>\n<p><span style=\"font-family: comic sans ms,sans-serif\">Bildung und Erziehung ist eine gemeinsame Aufgabe von Elternhaus und Schule.<\/span><\/p>\n<p><span style=\"font-family: comic sans ms,sans-serif\">Kinder erreichen mehr, wenn Schule und Elternhaus eng und vertrauensvoll zusammenarbeiten auf der Basis eines respektvollen Umgangs miteinander.<\/span><\/p>\n<p><span style=\"font-family: comic sans ms,sans-serif\"><strong>F\u00fcr die gute Zusammenarbeit und die positive Entwicklung Ihres Kindes w\u00fcnschen wir uns,<br \/>\ndass Sie als Eltern<\/strong><\/span><\/p>\n<ul>\n<li><span style=\"font-family: comic sans ms,sans-serif\">Interesse f\u00fcr die schulische Entwicklung Ihrer Kinder zeigen und an den Elternabenden und anderen schulischen Veranstaltungen teilnehmen.<\/span><\/li>\n<li><span style=\"font-family: comic sans ms,sans-serif\">Ihr Kind ausgeruht, p\u00fcnktlich und mit einem Fr\u00fchst\u00fcck ausgestattet zur Schule schicken.<\/span><\/li>\n<li><span style=\"font-family: comic sans ms,sans-serif\">Ihr Kind mit allen Materialien ausstatten, die es zum Lernen ben\u00f6tigt.<\/span><\/li>\n<li><span style=\"font-family: comic sans ms,sans-serif\">Ihr Kind bei Anstrengungen loben und es bei Schwierigkeiten ermutigen.<\/span><\/li>\n<li><span style=\"font-family: comic sans ms,sans-serif\">die Schule rechtzeitig informieren, wenn es Probleme mit Ihrem Kind gibt.<\/span><\/li>\n<\/ul>\n<p><strong>Von euch Sch\u00fclerinnen und Sch\u00fclern erwarten wir, dass ihr die Schulregeln kennt und einhaltet.<\/strong><\/p>\n<p><span style=\"font-family: comic sans ms,sans-serif\"><strong>Wir als Lehrer\/innen arbeiten nach den Prinzipien unseres Leitbildes und<\/strong><\/span><\/p>\n<ul>\n<li><span style=\"font-family: comic sans ms,sans-serif\">schaffen eine angenehme Lernatmosph\u00e4re f\u00fcr alle Kinder.<\/span><\/li>\n<li><span style=\"font-family: comic sans ms,sans-serif\">motivieren die Kinder zum Lernen und f\u00f6rdern und fordern im Rahmen der schulischen M\u00f6glichkeiten.<\/span><\/li>\n<li><span style=\"font-family: comic sans ms,sans-serif\">erziehen die Kinder zu Verantwortung und Selbstst\u00e4ndigkeit.<\/span><\/li>\n<li><span style=\"font-family: comic sans ms,sans-serif\">loben die Kinder f\u00fcr ihre Anstrengung, ermutigen sie bei Problemen und sind offen f\u00fcr ihre Probleme.<\/span><\/li>\n<li><span style=\"font-family: comic sans ms,sans-serif\">informieren die Eltern \u00fcber alle wichtigen schulischen Themen und \u00fcber die Entwicklung ihrer Kinder zeitnah.<\/span><\/li>\n<li><span style=\"font-family: comic sans ms,sans-serif\">geben den Eltern Einblick in die Unterrichtsarbeit und erm\u00f6glichen ihnen eine aktive Mitarbeit am Schulleben.<\/span><\/li>\n<\/ul>\n<p><a href=\"http:\/\/wordpress.nibis.de\/gsmenslage\/files\/2017\/05\/Erziehungsvereinbarung.docx\">Erziehungsvereinbarung<\/a><\/p>\n<p>&nbsp;<\/p>\n","protected":false},"excerpt":{"rendered":"<p>Warum eine Erziehungsvereinbarung? Bildung und Erziehung ist eine gemeinsame Aufgabe von Elternhaus und Schule. Kinder erreichen mehr, wenn Schule und Elternhaus eng und vertrauensvoll zusammenarbeiten auf der Basis eines respektvollen Umgangs miteinander. F\u00fcr die gute Zusammenarbeit und die positive Entwicklung Ihres Kindes w\u00fcnschen wir uns, dass Sie als Eltern Interesse f\u00fcr die schulische Entwicklung Ihrer &hellip; <a href=\"https:\/\/wordpress.nibis.de\/gsmenslage\/erziehungsvereinbarung\/\" class=\"more-link\">Weiterlesen <span class=\"screen-reader-text\">Erziehungsvereinbarung<\/span><\/a><\/p>\n","protected":false},"author":1243,"featured_media":0,"parent":0,"menu_order":0,"comment_status":"closed","ping_status":"closed","template":"","meta":{"footnotes":""},"class_list":["post-212","page","type-page","status-publish","hentry","without-featured-image"],"_links":{"self":[{"href":"https:\/\/wordpress.nibis.de\/gsmenslage\/wp-json\/wp\/v2\/pages\/212","targetHints":{"allow":["GET"]}}],"collection":[{"href":"https:\/\/wordpress.nibis.de\/gsmenslage\/wp-json\/wp\/v2\/pages"}],"about":[{"href":"https:\/\/wordpress.nibis.de\/gsmenslage\/wp-json\/wp\/v2\/types\/page"}],"author":[{"embeddable":true,"href":"https:\/\/wordpress.nibis.de\/gsmenslage\/wp-json\/wp\/v2\/users\/1243"}],"replies":[{"embeddable":true,"href":"https:\/\/wordpress.nibis.de\/gsmenslage\/wp-json\/wp\/v2\/comments?post=212"}],"version-history":[{"count":5,"href":"https:\/\/wordpress.nibis.de\/gsmenslage\/wp-json\/wp\/v2\/pages\/212\/revisions"}],"predecessor-version":[{"id":274,"href":"https:\/\/wordpress.nibis.de\/gsmenslage\/wp-json\/wp\/v2\/pages\/212\/revisions\/274"}],"wp:attachment":[{"href":"https:\/\/wordpress.nibis.de\/gsmenslage\/wp-json\/wp\/v2\/media?parent=212"}],"curies":[{"name":"wp","href":"https:\/\/api.w.org\/{rel}","templated":true}]}}