{"id":216,"date":"2017-02-19T15:59:33","date_gmt":"2017-02-19T14:59:33","guid":{"rendered":"http:\/\/wordpress.nibis.de\/gsmenslage\/?page_id=216"},"modified":"2024-05-28T18:33:54","modified_gmt":"2024-05-28T16:33:54","slug":"blaeserklassen-ag","status":"publish","type":"page","link":"https:\/\/wordpress.nibis.de\/gsmenslage\/blaeserklassen-ag\/","title":{"rendered":"Bl\u00e4serklassen-AG"},"content":{"rendered":"<p><strong><u>Unsere Arbeitsgemeinschaft Bl\u00e4serklasse<\/u><\/strong><\/p>\n<p>Seit November 2008 gibt es an der Grundschule Menslage eine Bl\u00e4ser-AG.<\/p>\n<p>Diese ist gestartet mit 17 Kindern aus den Klassen zwei bis vier.<\/p>\n<p>Sie spielen Holzblasinstrumente (Klarinette, Querfl\u00f6te, Saxophon)<\/p>\n<p>sowie Blechblasinstrumente (Trompete, Tenorhorn, Posaune).<\/p>\n<p>Die Instrumente wurden vom F\u00f6rderverein angeschafft.<\/p>\n<p>Aufgrund des gro\u00dfen Interesses seitens der Sch\u00fcler und Eltern<\/p>\n<p>startete mit Beginn des Schuljahres 2009 \/ 2010 eine zweite Bl\u00e4ser-AG.<\/p>\n<p>Seitdem startet zu Beginn jedes Schuljahres eine neue Gruppe.<\/p>\n<p><img loading=\"lazy\" decoding=\"async\" class=\"aligncenter wp-image-2333 size-large\" src=\"https:\/\/wordpress.nibis.de\/gsmenslage\/files\/2024\/05\/DSC_0236-1024x459.jpg\" alt=\"\" width=\"640\" height=\"287\" \/> <img loading=\"lazy\" decoding=\"async\" class=\"aligncenter wp-image-2334 size-large\" src=\"https:\/\/wordpress.nibis.de\/gsmenslage\/files\/2024\/05\/DSC_0241-1024x888.jpg\" alt=\"\" width=\"640\" height=\"555\" \/> <img loading=\"lazy\" decoding=\"async\" class=\"aligncenter wp-image-2335 size-large\" src=\"https:\/\/wordpress.nibis.de\/gsmenslage\/files\/2024\/05\/DSC_0247-1024x680.jpg\" alt=\"\" width=\"640\" height=\"425\" \/> <img loading=\"lazy\" decoding=\"async\" class=\"aligncenter wp-image-2336 size-large\" src=\"https:\/\/wordpress.nibis.de\/gsmenslage\/files\/2024\/05\/DSC_0244-1024x576.jpg\" alt=\"\" width=\"640\" height=\"360\" \/> <img loading=\"lazy\" decoding=\"async\" class=\"aligncenter wp-image-2337 size-large\" src=\"https:\/\/wordpress.nibis.de\/gsmenslage\/files\/2024\/05\/DSC_0231-1024x680.jpg\" alt=\"\" width=\"640\" height=\"425\" \/><\/p>\n","protected":false},"excerpt":{"rendered":"<p>Unsere Arbeitsgemeinschaft Bl\u00e4serklasse Seit November 2008 gibt es an der Grundschule Menslage eine Bl\u00e4ser-AG. Diese ist gestartet mit 17 Kindern aus den Klassen zwei bis vier. Sie spielen Holzblasinstrumente (Klarinette, Querfl\u00f6te, Saxophon) sowie Blechblasinstrumente (Trompete, Tenorhorn, Posaune). Die Instrumente wurden vom F\u00f6rderverein angeschafft. Aufgrund des gro\u00dfen Interesses seitens der Sch\u00fcler und Eltern startete mit Beginn &hellip; <a href=\"https:\/\/wordpress.nibis.de\/gsmenslage\/blaeserklassen-ag\/\" class=\"more-link\">Weiterlesen <span class=\"screen-reader-text\">Bl\u00e4serklassen-AG<\/span><\/a><\/p>\n","protected":false},"author":1243,"featured_media":0,"parent":0,"menu_order":0,"comment_status":"closed","ping_status":"closed","template":"","meta":{"footnotes":""},"class_list":["post-216","page","type-page","status-publish","hentry","without-featured-image"],"_links":{"self":[{"href":"https:\/\/wordpress.nibis.de\/gsmenslage\/wp-json\/wp\/v2\/pages\/216","targetHints":{"allow":["GET"]}}],"collection":[{"href":"https:\/\/wordpress.nibis.de\/gsmenslage\/wp-json\/wp\/v2\/pages"}],"about":[{"href":"https:\/\/wordpress.nibis.de\/gsmenslage\/wp-json\/wp\/v2\/types\/page"}],"author":[{"embeddable":true,"href":"https:\/\/wordpress.nibis.de\/gsmenslage\/wp-json\/wp\/v2\/users\/1243"}],"replies":[{"embeddable":true,"href":"https:\/\/wordpress.nibis.de\/gsmenslage\/wp-json\/wp\/v2\/comments?post=216"}],"version-history":[{"count":8,"href":"https:\/\/wordpress.nibis.de\/gsmenslage\/wp-json\/wp\/v2\/pages\/216\/revisions"}],"predecessor-version":[{"id":2339,"href":"https:\/\/wordpress.nibis.de\/gsmenslage\/wp-json\/wp\/v2\/pages\/216\/revisions\/2339"}],"wp:attachment":[{"href":"https:\/\/wordpress.nibis.de\/gsmenslage\/wp-json\/wp\/v2\/media?parent=216"}],"curies":[{"name":"wp","href":"https:\/\/api.w.org\/{rel}","templated":true}]}}